{"id":661,"date":"2025-04-03T10:27:27","date_gmt":"2025-04-03T10:27:27","guid":{"rendered":"https:\/\/skargardsbastu.se\/?page_id=661"},"modified":"2025-06-09T12:41:09","modified_gmt":"2025-06-09T12:41:09","slug":"om-oss","status":"publish","type":"page","link":"https:\/\/skargardsbastu.se\/nb\/om-oss\/","title":{"rendered":"Om oss"},"content":{"rendered":"<div data-elementor-type=\"wp-page\" data-elementor-id=\"661\" class=\"elementor elementor-661\" data-elementor-post-type=\"page\">\n\t\t\t\t<div class=\"elementor-element elementor-element-6cc13e7 e-flex e-con-boxed e-con e-parent\" data-id=\"6cc13e7\" data-element_type=\"container\" data-e-type=\"container\" data-settings=\"{&quot;background_background&quot;:&quot;classic&quot;}\">\n\t\t\t\t\t<div class=\"e-con-inner\">\n\t\t<div class=\"elementor-element elementor-element-17e7056 e-con-full e-flex e-con e-child\" data-id=\"17e7056\" data-element_type=\"container\" data-e-type=\"container\" data-settings=\"{&quot;background_background&quot;:&quot;classic&quot;}\">\n\t\t\t\t<div class=\"elementor-element elementor-element-a95ef9a elementor-widget elementor-widget-heading\" data-id=\"a95ef9a\" data-element_type=\"widget\" data-e-type=\"widget\" data-widget_type=\"heading.default\">\n\t\t\t\t<div class=\"elementor-widget-container\">\n\t\t\t\t\t<h1 class=\"elementor-heading-title elementor-size-default\">Om oss<\/h1>\t\t\t\t<\/div>\n\t\t\t\t<\/div>\n\t\t\t\t<div class=\"elementor-element elementor-element-c3c028f elementor-widget__width-initial elementor-widget-mobile__width-inherit elementor-widget elementor-widget-text-editor\" data-id=\"c3c028f\" data-element_type=\"widget\" data-e-type=\"widget\" data-widget_type=\"text-editor.default\">\n\t\t\t\t<div class=\"elementor-widget-container\">\n\t\t\t\t\t\t\t\t\t<p>Kvalitet fr\u00e5n Topolis AB i Kilafors<\/p>\t\t\t\t\t\t\t\t<\/div>\n\t\t\t\t<\/div>\n\t\t\t\t<\/div>\n\t\t\t\t\t<\/div>\n\t\t\t\t<\/div>\n\t\t<div class=\"elementor-element elementor-element-9cfa247 e-flex e-con-boxed e-con e-parent\" data-id=\"9cfa247\" data-element_type=\"container\" data-e-type=\"container\">\n\t\t\t\t\t<div class=\"e-con-inner\">\n\t\t<div class=\"elementor-element elementor-element-1520240 e-con-full e-flex e-con e-child\" data-id=\"1520240\" data-element_type=\"container\" data-e-type=\"container\">\n\t\t\t\t<div class=\"elementor-element elementor-element-cf40648 elementor-widget elementor-widget-heading\" data-id=\"cf40648\" data-element_type=\"widget\" data-e-type=\"widget\" data-widget_type=\"heading.default\">\n\t\t\t\t<div class=\"elementor-widget-container\">\n\t\t\t\t\t<h1 class=\"elementor-heading-title elementor-size-default\">V\u00e5r bakgrund<\/h1>\t\t\t\t<\/div>\n\t\t\t\t<\/div>\n\t\t\t\t<div class=\"elementor-element elementor-element-9ac4fe8 elementor-widget__width-inherit elementor-widget elementor-widget-text-editor\" data-id=\"9ac4fe8\" data-element_type=\"widget\" data-e-type=\"widget\" data-widget_type=\"text-editor.default\">\n\t\t\t\t<div class=\"elementor-widget-container\">\n\t\t\t\t\t\t\t\t\t<p>Sk\u00e4rg\u00e5rdsbastu \u00e4r en del av det framst\u00e5ende Topolis AB som grundades 2005 av Marius Lukosius. Marius \u00e4r en passionerad entrepren\u00f6r med r\u00f6tter i Litauen och expertis som snickare.\u00a0<\/p>\t\t\t\t\t\t\t\t<\/div>\n\t\t\t\t<\/div>\n\t\t\t\t<div class=\"elementor-element elementor-element-117c9e5 elementor-align-left elementor-widget elementor-widget-button\" data-id=\"117c9e5\" data-element_type=\"widget\" data-e-type=\"widget\" data-widget_type=\"button.default\">\n\t\t\t\t<div class=\"elementor-widget-container\">\n\t\t\t\t\t\t\t\t\t<div class=\"elementor-button-wrapper\">\n\t\t\t\t\t<a class=\"elementor-button elementor-button-link elementor-size-sm\" href=\"https:\/\/www.topolis.se\/timmerhus\">\n\t\t\t\t\t\t<span class=\"elementor-button-content-wrapper\">\n\t\t\t\t\t\t\t\t\t<span class=\"elementor-button-text\">L\u00e4s mer om Topolis AB<\/span>\n\t\t\t\t\t<\/span>\n\t\t\t\t\t<\/a>\n\t\t\t\t<\/div>\n\t\t\t\t\t\t\t\t<\/div>\n\t\t\t\t<\/div>\n\t\t\t\t<div class=\"elementor-element elementor-element-a1762e2 elementor-widget elementor-widget-heading\" data-id=\"a1762e2\" data-element_type=\"widget\" data-e-type=\"widget\" data-widget_type=\"heading.default\">\n\t\t\t\t<div class=\"elementor-widget-container\">\n\t\t\t\t\t<h1 class=\"elementor-heading-title elementor-size-default\">Sk\u00e4rg\u00e5rdsbastu: En symbol f\u00f6r premiumkvalitet och design<\/h1>\t\t\t\t<\/div>\n\t\t\t\t<\/div>\n\t\t\t\t<div class=\"elementor-element elementor-element-2369985 elementor-widget__width-inherit elementor-widget elementor-widget-text-editor\" data-id=\"2369985\" data-element_type=\"widget\" data-e-type=\"widget\" data-widget_type=\"text-editor.default\">\n\t\t\t\t<div class=\"elementor-widget-container\">\n\t\t\t\t\t\t\t\t\t<p>P\u00e5 Sk\u00e4rg\u00e5rdsbastu tar vi stolthet i att erbjuda en upplevelse som \u00f6verstiger det vanliga. V\u00e5r kollektion best\u00e5r av noggrant utvalda bastumodeller och tillbeh\u00f6r, designade f\u00f6r att leverera en \u00f6verl\u00e4gsen k\u00e4nsla av lyx och komfort. Varje bastu fr\u00e5n Sk\u00e4rg\u00e5rdsbastu speglar v\u00e5rt \u00e5tagande till h\u00f6gsta kvalitet, modern design och h\u00e5llbarhet, vilket s\u00e4kerst\u00e4ller en perfekt avkoppling och v\u00e4lbefinnande f\u00f6r v\u00e5ra kunder.<\/p>\t\t\t\t\t\t\t\t<\/div>\n\t\t\t\t<\/div>\n\t\t\t\t<div class=\"elementor-element elementor-element-4b9999d elementor-align-left elementor-widget elementor-widget-button\" data-id=\"4b9999d\" data-element_type=\"widget\" data-e-type=\"widget\" data-widget_type=\"button.default\">\n\t\t\t\t<div class=\"elementor-widget-container\">\n\t\t\t\t\t\t\t\t\t<div class=\"elementor-button-wrapper\">\n\t\t\t\t\t<a class=\"elementor-button elementor-button-link elementor-size-sm\" href=\"https:\/\/skargardsbastu.se\/nb\/premium-badstuer-skargard-sauna\/\">\n\t\t\t\t\t\t<span class=\"elementor-button-content-wrapper\">\n\t\t\t\t\t\t\t\t\t<span class=\"elementor-button-text\">Utforska v\u00e5rt bastuutbud<\/span>\n\t\t\t\t\t<\/span>\n\t\t\t\t\t<\/a>\n\t\t\t\t<\/div>\n\t\t\t\t\t\t\t\t<\/div>\n\t\t\t\t<\/div>\n\t\t\t\t<\/div>\n\t\t<div class=\"elementor-element elementor-element-520aa60 e-con-full e-flex e-con e-child\" data-id=\"520aa60\" data-element_type=\"container\" data-e-type=\"container\" data-settings=\"{&quot;background_background&quot;:&quot;classic&quot;}\">\n\t\t\t\t<div class=\"elementor-element elementor-element-2bc145e elementor-widget elementor-widget-image\" data-id=\"2bc145e\" data-element_type=\"widget\" data-e-type=\"widget\" data-widget_type=\"image.default\">\n\t\t\t\t<div class=\"elementor-widget-container\">\n\t\t\t\t\t\t\t\t\t\t\t\t\t\t\t<img fetchpriority=\"high\" decoding=\"async\" width=\"728\" height=\"874\" src=\"https:\/\/skargardsbastu.se\/wp-content\/uploads\/2025\/04\/Marius_Topolis2__msi___jpg.jpg\" class=\"attachment-large size-large wp-image-663 wvs-archive-product-image\" alt=\"\" srcset=\"https:\/\/skargardsbastu.se\/wp-content\/uploads\/2025\/04\/Marius_Topolis2__msi___jpg.jpg 728w, https:\/\/skargardsbastu.se\/wp-content\/uploads\/2025\/04\/Marius_Topolis2__msi___jpg-600x720.jpg 600w, https:\/\/skargardsbastu.se\/wp-content\/uploads\/2025\/04\/Marius_Topolis2__msi___jpg-250x300.jpg 250w\" sizes=\"(max-width: 728px) 100vw, 728px\" \/>\t\t\t\t\t\t\t\t\t\t\t\t\t\t\t<\/div>\n\t\t\t\t<\/div>\n\t\t\t\t<\/div>\n\t\t\t\t\t<\/div>\n\t\t\t\t<\/div>\n\t\t<div class=\"elementor-element elementor-element-d9b122a e-flex e-con-boxed e-con e-parent\" data-id=\"d9b122a\" data-element_type=\"container\" data-e-type=\"container\">\n\t\t\t\t\t<div class=\"e-con-inner\">\n\t\t<div class=\"elementor-element elementor-element-3b81684 e-con-full e-flex e-con e-child\" data-id=\"3b81684\" data-element_type=\"container\" data-e-type=\"container\" data-settings=\"{&quot;background_background&quot;:&quot;classic&quot;}\">\n\t\t\t\t<div class=\"elementor-element elementor-element-037e53c elementor-widget elementor-widget-heading\" data-id=\"037e53c\" data-element_type=\"widget\" data-e-type=\"widget\" data-widget_type=\"heading.default\">\n\t\t\t\t<div class=\"elementor-widget-container\">\n\t\t\t\t\t<h1 class=\"elementor-heading-title elementor-size-default\">Dedikerad service och komplett leverans<\/h1>\t\t\t\t<\/div>\n\t\t\t\t<\/div>\n\t\t\t\t<div class=\"elementor-element elementor-element-dce0dfc elementor-widget__width-inherit elementor-widget elementor-widget-text-editor\" data-id=\"dce0dfc\" data-element_type=\"widget\" data-e-type=\"widget\" data-widget_type=\"text-editor.default\">\n\t\t\t\t<div class=\"elementor-widget-container\">\n\t\t\t\t\t\t\t\t\t<p>Vi f\u00f6rst\u00e5r vikten av att ditt bastuk\u00f6p ska vara enkelt och bekymmersfritt. D\u00e4rf\u00f6r levererar Sk\u00e4rg\u00e5rdsbastu varje bastu helt komplett, redo f\u00f6r omedelbar anv\u00e4ndning. V\u00e5r dedikerade service garanterar en smidig process fr\u00e5n best\u00e4llning till leverans, och v\u00e5rt team av experter \u00e4r alltid redo att bist\u00e5 med r\u00e5d och support.<\/p>\t\t\t\t\t\t\t\t<\/div>\n\t\t\t\t<\/div>\n\t\t\t\t<\/div>\n\t\t<div class=\"elementor-element elementor-element-85d894b e-con-full e-flex e-con e-child\" data-id=\"85d894b\" data-element_type=\"container\" data-e-type=\"container\" data-settings=\"{&quot;background_background&quot;:&quot;classic&quot;}\">\n\t\t\t\t<div class=\"elementor-element elementor-element-4582c21 elementor-widget elementor-widget-image\" data-id=\"4582c21\" data-element_type=\"widget\" data-e-type=\"widget\" data-widget_type=\"image.default\">\n\t\t\t\t<div class=\"elementor-widget-container\">\n\t\t\t\t\t\t\t\t\t\t\t\t\t\t\t<img decoding=\"async\" width=\"800\" height=\"533\" src=\"https:\/\/skargardsbastu.se\/wp-content\/uploads\/2025\/03\/clipboard_image_23ba9ae2c4d-e1741118245936.png\" class=\"attachment-large size-large wp-image-17 wvs-archive-product-image\" alt=\"badstue\" srcset=\"https:\/\/skargardsbastu.se\/wp-content\/uploads\/2025\/03\/clipboard_image_23ba9ae2c4d-e1741118245936.png 1000w, https:\/\/skargardsbastu.se\/wp-content\/uploads\/2025\/03\/clipboard_image_23ba9ae2c4d-e1741118245936-600x400.png 600w, https:\/\/skargardsbastu.se\/wp-content\/uploads\/2025\/03\/clipboard_image_23ba9ae2c4d-e1741118245936-300x200.png 300w, https:\/\/skargardsbastu.se\/wp-content\/uploads\/2025\/03\/clipboard_image_23ba9ae2c4d-e1741118245936-768x511.png 768w\" sizes=\"(max-width: 800px) 100vw, 800px\" \/>\t\t\t\t\t\t\t\t\t\t\t\t\t\t\t<\/div>\n\t\t\t\t<\/div>\n\t\t\t\t<\/div>\n\t\t\t\t\t<\/div>\n\t\t\t\t<\/div>\n\t\t<div class=\"elementor-element elementor-element-b220de8 e-flex e-con-boxed e-con e-parent\" data-id=\"b220de8\" data-element_type=\"container\" data-e-type=\"container\">\n\t\t\t\t\t<div class=\"e-con-inner\">\n\t\t<div class=\"elementor-element elementor-element-1d7a75b e-con-full e-flex e-con e-child\" data-id=\"1d7a75b\" data-element_type=\"container\" data-e-type=\"container\">\n\t\t\t\t<div class=\"elementor-element elementor-element-b14dee3 elementor-widget elementor-widget-heading\" data-id=\"b14dee3\" data-element_type=\"widget\" data-e-type=\"widget\" data-widget_type=\"heading.default\">\n\t\t\t\t<div class=\"elementor-widget-container\">\n\t\t\t\t\t<h1 class=\"elementor-heading-title elementor-size-default\">Fr\u00e4mja h\u00e4lsa och v\u00e4lbefinnande\n<\/h1>\t\t\t\t<\/div>\n\t\t\t\t<\/div>\n\t\t\t\t<div class=\"elementor-element elementor-element-4cf40fc elementor-widget__width-inherit elementor-widget elementor-widget-text-editor\" data-id=\"4cf40fc\" data-element_type=\"widget\" data-e-type=\"widget\" data-widget_type=\"text-editor.default\">\n\t\t\t\t<div class=\"elementor-widget-container\">\n\t\t\t\t\t\t\t\t\t<p>P\u00e5 Sk\u00e4rg\u00e5rdsbastu \u00e4r vi inte bara passionerade om bastur, utan ocks\u00e5 om de h\u00e4lsof\u00f6rdelar de erbjuder. Bastubad har l\u00e4nge varit en del av nordisk tradition, k\u00e4nt f\u00f6r sina avkopplande och helande egenskaper. Vi \u00e4r stolta \u00f6ver att kunna erbjuda denna gamla tradition i ett modernt sammanhang, d\u00e4r v\u00e5ra kunder kan njuta av avkoppling och f\u00f6rb\u00e4ttrad h\u00e4lsa i komforten av sitt eget hem.<\/p>\t\t\t\t\t\t\t\t<\/div>\n\t\t\t\t<\/div>\n\t\t\t\t<\/div>\n\t\t<div class=\"elementor-element elementor-element-bdbcc28 e-con-full e-flex e-con e-child\" data-id=\"bdbcc28\" data-element_type=\"container\" data-e-type=\"container\" data-settings=\"{&quot;background_background&quot;:&quot;classic&quot;}\">\n\t\t\t\t<div class=\"elementor-element elementor-element-23b361e elementor-widget elementor-widget-image\" data-id=\"23b361e\" data-element_type=\"widget\" data-e-type=\"widget\" data-widget_type=\"image.default\">\n\t\t\t\t<div class=\"elementor-widget-container\">\n\t\t\t\t\t\t\t\t\t\t\t\t\t\t\t<img decoding=\"async\" width=\"768\" height=\"1024\" src=\"https:\/\/skargardsbastu.se\/wp-content\/uploads\/2025\/04\/bastu5-768x1024.webp\" class=\"attachment-large size-large wp-image-282 wvs-archive-product-image\" alt=\"\" srcset=\"https:\/\/skargardsbastu.se\/wp-content\/uploads\/2025\/04\/bastu5-768x1024.webp 768w, https:\/\/skargardsbastu.se\/wp-content\/uploads\/2025\/04\/bastu5-600x800.webp 600w, https:\/\/skargardsbastu.se\/wp-content\/uploads\/2025\/04\/bastu5-225x300.webp 225w, https:\/\/skargardsbastu.se\/wp-content\/uploads\/2025\/04\/bastu5-1152x1536.webp 1152w, https:\/\/skargardsbastu.se\/wp-content\/uploads\/2025\/04\/bastu5.webp 1200w\" sizes=\"(max-width: 768px) 100vw, 768px\" \/>\t\t\t\t\t\t\t\t\t\t\t\t\t\t\t<\/div>\n\t\t\t\t<\/div>\n\t\t\t\t<\/div>\n\t\t\t\t\t<\/div>\n\t\t\t\t<\/div>\n\t\t<div class=\"elementor-element elementor-element-e751d9a e-flex e-con-boxed e-con e-parent\" data-id=\"e751d9a\" data-element_type=\"container\" data-e-type=\"container\" data-settings=\"{&quot;background_background&quot;:&quot;classic&quot;}\">\n\t\t\t\t\t<div class=\"e-con-inner\">\n\t\t\t\t<div class=\"elementor-element elementor-element-6a8baa0 elementor-widget elementor-widget-heading\" data-id=\"6a8baa0\" data-element_type=\"widget\" data-e-type=\"widget\" data-widget_type=\"heading.default\">\n\t\t\t\t<div class=\"elementor-widget-container\">\n\t\t\t\t\t<h2 class=\"elementor-heading-title elementor-size-default\">Kontakt och personlig service<\/h2>\t\t\t\t<\/div>\n\t\t\t\t<\/div>\n\t\t\t\t<div class=\"elementor-element elementor-element-4ff8938 elementor-widget elementor-widget-text-editor\" data-id=\"4ff8938\" data-element_type=\"widget\" data-e-type=\"widget\" data-widget_type=\"text-editor.default\">\n\t\t\t\t<div class=\"elementor-widget-container\">\n\t\t\t\t\t\t\t\t\t<p>Vi v\u00e4lkomnar dig att utforska v\u00e5rt breda sortiment av bastur och tillbeh\u00f6r p\u00e5 v\u00e5r hemsida. F\u00f6r mer personlig service, tveka inte att kontakta oss. V\u00e5rt team p\u00e5 Sk\u00e4rg\u00e5rdsbastu \u00e4r h\u00e4r f\u00f6r att hj\u00e4lpa dig att skapa ditt dr\u00f6mbasturum.<\/p>\t\t\t\t\t\t\t\t<\/div>\n\t\t\t\t<\/div>\n\t\t\t\t<div class=\"elementor-element elementor-element-3493522 elementor-align-center elementor-widget elementor-widget-button\" data-id=\"3493522\" data-element_type=\"widget\" data-e-type=\"widget\" data-widget_type=\"button.default\">\n\t\t\t\t<div class=\"elementor-widget-container\">\n\t\t\t\t\t\t\t\t\t<div class=\"elementor-button-wrapper\">\n\t\t\t\t\t<a class=\"elementor-button elementor-button-link elementor-size-sm\" href=\"https:\/\/skargardsbastu.se\/nb\/kontakt\/\">\n\t\t\t\t\t\t<span class=\"elementor-button-content-wrapper\">\n\t\t\t\t\t\t\t\t\t<span class=\"elementor-button-text\">Kontakt oss p\u00e5<\/span>\n\t\t\t\t\t<\/span>\n\t\t\t\t\t<\/a>\n\t\t\t\t<\/div>\n\t\t\t\t\t\t\t\t<\/div>\n\t\t\t\t<\/div>\n\t\t\t\t\t<\/div>\n\t\t\t\t<\/div>\n\t\t\t\t<\/div>","protected":false},"excerpt":{"rendered":"<p>Kvalitet fr\u00e5n Topolis AB i Kilafors V\u00e5r bakgrund Sk\u00e4rg\u00e5rdsbastu \u00e4r en del av det framst\u00e5ende Topolis AB som grundades 2005 av Marius Lukosius. Marius \u00e4r en passionerad entrepren\u00f6r med r\u00f6tter i Litauen och expertis som snickare.\u00a0 L\u00e4s mer om Topolis AB Sk\u00e4rg\u00e5rdsbastu: En symbol f\u00f6r premiumkvalitet och design P\u00e5 Sk\u00e4rg\u00e5rdsbastu tar vi stolthet i att [&hellip;]<\/p>\n","protected":false},"author":5,"featured_media":0,"parent":0,"menu_order":0,"comment_status":"closed","ping_status":"closed","template":"","meta":{"_acf_changed":false,"footnotes":""},"class_list":["post-661","page","type-page","status-publish","hentry"],"acf":[],"yoast_head":"<!-- This site is optimized with the Yoast SEO Premium plugin v27.0 (Yoast SEO v27.0) - https:\/\/yoast.com\/product\/yoast-seo-premium-wordpress\/ -->\n<title>Om oss - Sk\u00e4rg\u00e5rdsbastu<\/title>\n<meta name=\"robots\" content=\"index, follow, max-snippet:-1, max-image-preview:large, max-video-preview:-1\" \/>\n<link rel=\"canonical\" href=\"https:\/\/skargardsbastu.se\/nb\/om-oss\/\" \/>\n<meta property=\"og:locale\" content=\"nb_NO\" \/>\n<meta property=\"og:type\" content=\"article\" \/>\n<meta property=\"og:title\" content=\"Om oss\" \/>\n<meta property=\"og:description\" content=\"Kvalitet fr\u00e5n Topolis AB i Kilafors V\u00e5r bakgrund Sk\u00e4rg\u00e5rdsbastu \u00e4r en del av det framst\u00e5ende Topolis AB som grundades 2005 av Marius Lukosius. Marius \u00e4r en passionerad entrepren\u00f6r med r\u00f6tter i Litauen och expertis som snickare.\u00a0 L\u00e4s mer om Topolis AB Sk\u00e4rg\u00e5rdsbastu: En symbol f\u00f6r premiumkvalitet och design P\u00e5 Sk\u00e4rg\u00e5rdsbastu tar vi stolthet i att [&hellip;]\" \/>\n<meta property=\"og:url\" content=\"https:\/\/skargardsbastu.se\/nb\/om-oss\/\" \/>\n<meta property=\"og:site_name\" content=\"Sk\u00e4rg\u00e5rdsbastu\" \/>\n<meta property=\"article:modified_time\" content=\"2025-06-09T12:41:09+00:00\" \/>\n<meta property=\"og:image\" content=\"https:\/\/skargardsbastu.se\/wp-content\/uploads\/2025\/04\/Marius_Topolis2__msi___jpg.jpg\" \/>\n\t<meta property=\"og:image:width\" content=\"728\" \/>\n\t<meta property=\"og:image:height\" content=\"874\" \/>\n\t<meta property=\"og:image:type\" content=\"image\/jpeg\" \/>\n<meta name=\"twitter:card\" content=\"summary_large_image\" \/>\n<meta name=\"twitter:label1\" content=\"Ansl. lesetid\" \/>\n\t<meta name=\"twitter:data1\" content=\"2 minutter\" \/>\n<script type=\"application\/ld+json\" class=\"yoast-schema-graph\">{\"@context\":\"https:\/\/schema.org\",\"@graph\":[{\"@type\":\"WebPage\",\"@id\":\"https:\/\/skargardsbastu.se\/om-oss\/\",\"url\":\"https:\/\/skargardsbastu.se\/om-oss\/\",\"name\":\"Om oss - Sk\u00e4rg\u00e5rdsbastu\",\"isPartOf\":{\"@id\":\"https:\/\/skargardsbastu.se\/#website\"},\"primaryImageOfPage\":{\"@id\":\"https:\/\/skargardsbastu.se\/om-oss\/#primaryimage\"},\"image\":{\"@id\":\"https:\/\/skargardsbastu.se\/om-oss\/#primaryimage\"},\"thumbnailUrl\":\"https:\/\/skargardsbastu.se\/wp-content\/uploads\/2025\/04\/Marius_Topolis2__msi___jpg.jpg\",\"datePublished\":\"2025-04-03T10:27:27+00:00\",\"dateModified\":\"2025-06-09T12:41:09+00:00\",\"breadcrumb\":{\"@id\":\"https:\/\/skargardsbastu.se\/om-oss\/#breadcrumb\"},\"inLanguage\":\"nb-NO\",\"potentialAction\":[{\"@type\":\"ReadAction\",\"target\":[\"https:\/\/skargardsbastu.se\/om-oss\/\"]}]},{\"@type\":\"ImageObject\",\"inLanguage\":\"nb-NO\",\"@id\":\"https:\/\/skargardsbastu.se\/om-oss\/#primaryimage\",\"url\":\"https:\/\/skargardsbastu.se\/wp-content\/uploads\/2025\/04\/Marius_Topolis2__msi___jpg.jpg\",\"contentUrl\":\"https:\/\/skargardsbastu.se\/wp-content\/uploads\/2025\/04\/Marius_Topolis2__msi___jpg.jpg\"},{\"@type\":\"BreadcrumbList\",\"@id\":\"https:\/\/skargardsbastu.se\/om-oss\/#breadcrumb\",\"itemListElement\":[{\"@type\":\"ListItem\",\"position\":1,\"name\":\"Home\",\"item\":\"https:\/\/skargardsbastu.se\/\"},{\"@type\":\"ListItem\",\"position\":2,\"name\":\"Om oss\"}]},{\"@type\":\"WebSite\",\"@id\":\"https:\/\/skargardsbastu.se\/#website\",\"url\":\"https:\/\/skargardsbastu.se\/\",\"name\":\"Sk\u00e4rg\u00e5rdsbastu\",\"description\":\"Din bastudr\u00f6m b\u00f6rjar h\u00e4r\",\"publisher\":{\"@id\":\"https:\/\/skargardsbastu.se\/#organization\"},\"potentialAction\":[{\"@type\":\"SearchAction\",\"target\":{\"@type\":\"EntryPoint\",\"urlTemplate\":\"https:\/\/skargardsbastu.se\/?s={search_term_string}\"},\"query-input\":{\"@type\":\"PropertyValueSpecification\",\"valueRequired\":true,\"valueName\":\"search_term_string\"}}],\"inLanguage\":\"nb-NO\"},{\"@type\":\"Organization\",\"@id\":\"https:\/\/skargardsbastu.se\/#organization\",\"name\":\"Sk\u00e4rg\u00e5rdsbastu\",\"url\":\"https:\/\/skargardsbastu.se\/\",\"logo\":{\"@type\":\"ImageObject\",\"inLanguage\":\"nb-NO\",\"@id\":\"https:\/\/skargardsbastu.se\/#\/schema\/logo\/image\/\",\"url\":\"https:\/\/skargardsbastu.se\/wp-content\/uploads\/2025\/05\/T-4-e1748611164195.png\",\"contentUrl\":\"https:\/\/skargardsbastu.se\/wp-content\/uploads\/2025\/05\/T-4-e1748611164195.png\",\"width\":263,\"height\":252,\"caption\":\"Sk\u00e4rg\u00e5rdsbastu\"},\"image\":{\"@id\":\"https:\/\/skargardsbastu.se\/#\/schema\/logo\/image\/\"}}]}<\/script>\n<!-- \/ Yoast SEO Premium plugin. -->","yoast_head_json":{"title":"Om oss - Sk\u00e4rg\u00e5rdsbastu","robots":{"index":"index","follow":"follow","max-snippet":"max-snippet:-1","max-image-preview":"max-image-preview:large","max-video-preview":"max-video-preview:-1"},"canonical":"https:\/\/skargardsbastu.se\/nb\/om-oss\/","og_locale":"nb_NO","og_type":"article","og_title":"Om oss","og_description":"Kvalitet fr\u00e5n Topolis AB i Kilafors V\u00e5r bakgrund Sk\u00e4rg\u00e5rdsbastu \u00e4r en del av det framst\u00e5ende Topolis AB som grundades 2005 av Marius Lukosius. Marius \u00e4r en passionerad entrepren\u00f6r med r\u00f6tter i Litauen och expertis som snickare.\u00a0 L\u00e4s mer om Topolis AB Sk\u00e4rg\u00e5rdsbastu: En symbol f\u00f6r premiumkvalitet och design P\u00e5 Sk\u00e4rg\u00e5rdsbastu tar vi stolthet i att [&hellip;]","og_url":"https:\/\/skargardsbastu.se\/nb\/om-oss\/","og_site_name":"Sk\u00e4rg\u00e5rdsbastu","article_modified_time":"2025-06-09T12:41:09+00:00","og_image":[{"width":728,"height":874,"url":"https:\/\/skargardsbastu.se\/wp-content\/uploads\/2025\/04\/Marius_Topolis2__msi___jpg.jpg","type":"image\/jpeg"}],"twitter_card":"summary_large_image","twitter_misc":{"Ansl. lesetid":"2 minutter"},"schema":{"@context":"https:\/\/schema.org","@graph":[{"@type":"WebPage","@id":"https:\/\/skargardsbastu.se\/om-oss\/","url":"https:\/\/skargardsbastu.se\/om-oss\/","name":"Om oss - Sk\u00e4rg\u00e5rdsbastu","isPartOf":{"@id":"https:\/\/skargardsbastu.se\/#website"},"primaryImageOfPage":{"@id":"https:\/\/skargardsbastu.se\/om-oss\/#primaryimage"},"image":{"@id":"https:\/\/skargardsbastu.se\/om-oss\/#primaryimage"},"thumbnailUrl":"https:\/\/skargardsbastu.se\/wp-content\/uploads\/2025\/04\/Marius_Topolis2__msi___jpg.jpg","datePublished":"2025-04-03T10:27:27+00:00","dateModified":"2025-06-09T12:41:09+00:00","breadcrumb":{"@id":"https:\/\/skargardsbastu.se\/om-oss\/#breadcrumb"},"inLanguage":"nb-NO","potentialAction":[{"@type":"ReadAction","target":["https:\/\/skargardsbastu.se\/om-oss\/"]}]},{"@type":"ImageObject","inLanguage":"nb-NO","@id":"https:\/\/skargardsbastu.se\/om-oss\/#primaryimage","url":"https:\/\/skargardsbastu.se\/wp-content\/uploads\/2025\/04\/Marius_Topolis2__msi___jpg.jpg","contentUrl":"https:\/\/skargardsbastu.se\/wp-content\/uploads\/2025\/04\/Marius_Topolis2__msi___jpg.jpg"},{"@type":"BreadcrumbList","@id":"https:\/\/skargardsbastu.se\/om-oss\/#breadcrumb","itemListElement":[{"@type":"ListItem","position":1,"name":"Home","item":"https:\/\/skargardsbastu.se\/"},{"@type":"ListItem","position":2,"name":"Om oss"}]},{"@type":"WebSite","@id":"https:\/\/skargardsbastu.se\/#website","url":"https:\/\/skargardsbastu.se\/","name":"Archipelago badstue","description":"Din badstuedr\u00f8m starter her","publisher":{"@id":"https:\/\/skargardsbastu.se\/#organization"},"potentialAction":[{"@type":"SearchAction","target":{"@type":"EntryPoint","urlTemplate":"https:\/\/skargardsbastu.se\/?s={search_term_string}"},"query-input":{"@type":"PropertyValueSpecification","valueRequired":true,"valueName":"search_term_string"}}],"inLanguage":"nb-NO"},{"@type":"Organization","@id":"https:\/\/skargardsbastu.se\/#organization","name":"Archipelago badstue","url":"https:\/\/skargardsbastu.se\/","logo":{"@type":"ImageObject","inLanguage":"nb-NO","@id":"https:\/\/skargardsbastu.se\/#\/schema\/logo\/image\/","url":"https:\/\/skargardsbastu.se\/wp-content\/uploads\/2025\/05\/T-4-e1748611164195.png","contentUrl":"https:\/\/skargardsbastu.se\/wp-content\/uploads\/2025\/05\/T-4-e1748611164195.png","width":263,"height":252,"caption":"Sk\u00e4rg\u00e5rdsbastu"},"image":{"@id":"https:\/\/skargardsbastu.se\/#\/schema\/logo\/image\/"}}]}},"_links":{"self":[{"href":"https:\/\/skargardsbastu.se\/nb\/wp-json\/wp\/v2\/pages\/661","targetHints":{"allow":["GET"]}}],"collection":[{"href":"https:\/\/skargardsbastu.se\/nb\/wp-json\/wp\/v2\/pages"}],"about":[{"href":"https:\/\/skargardsbastu.se\/nb\/wp-json\/wp\/v2\/types\/page"}],"author":[{"embeddable":true,"href":"https:\/\/skargardsbastu.se\/nb\/wp-json\/wp\/v2\/users\/5"}],"replies":[{"embeddable":true,"href":"https:\/\/skargardsbastu.se\/nb\/wp-json\/wp\/v2\/comments?post=661"}],"version-history":[{"count":22,"href":"https:\/\/skargardsbastu.se\/nb\/wp-json\/wp\/v2\/pages\/661\/revisions"}],"predecessor-version":[{"id":1756,"href":"https:\/\/skargardsbastu.se\/nb\/wp-json\/wp\/v2\/pages\/661\/revisions\/1756"}],"wp:attachment":[{"href":"https:\/\/skargardsbastu.se\/nb\/wp-json\/wp\/v2\/media?parent=661"}],"curies":[{"name":"wp","href":"https:\/\/api.w.org\/{rel}","templated":true}]}}