{"id":3,"date":"2025-03-14T10:34:54","date_gmt":"2025-03-14T10:34:54","guid":{"rendered":"https:\/\/skargardsbastu.se\/?page_id=3"},"modified":"2025-04-03T11:32:39","modified_gmt":"2025-04-03T11:32:39","slug":"integritetspolicy-cookies","status":"publish","type":"page","link":"https:\/\/skargardsbastu.se\/nb\/integritetspolicy-cookies\/","title":{"rendered":"Personvernerkl\u00e6ring og informasjonskapsler"},"content":{"rendered":"<p>Denna webbplats anv\u00e4nder cookies. Vi anv\u00e4nder enhetsidentifierare f\u00f6r att anpassa inneh\u00e5llet och annonserna till anv\u00e4ndarna, tillhandah\u00e5lla funktioner f\u00f6r sociala medier och analysera v\u00e5r trafik. Vi vidarebefordrar \u00e4ven s\u00e5dana identifierare och annan information fr\u00e5n din enhet till de sociala medier och annons- och analysf\u00f6retag som vi samarbetar med. Dessa kan i sin tur kombinera informationen med annan information som du har tillhandah\u00e5llit eller som de har samlat in n\u00e4r du har anv\u00e4nt deras tj\u00e4nster.<\/p>\n\n\n\n<p>Cookies \u00e4r sm\u00e5 textfiler som kan anv\u00e4ndas av webbplatser f\u00f6r att g\u00f6ra en anv\u00e4ndares upplevelse mer effektiv.<br><br>Lagen s\u00e4ger att vi f\u00e5r lagra cookies p\u00e5 din enhet om de \u00e4r absolut n\u00f6dv\u00e4ndiga f\u00f6r att kunna anv\u00e4nda den h\u00e4r webbplatsen. F\u00f6r alla andra \u00e4ndam\u00e5l kr\u00e4vs ditt medgivande.<br><br>Denna webbplats anv\u00e4nder olika typer av cookies. Vissa cookies placeras ut av tredjepartstj\u00e4nster som visas p\u00e5 v\u00e5ra sidor.<br><br>Du kan \u00e4ndra eller dra tillbaka ditt samtycke till cookie-f\u00f6rklaringen p\u00e5 v\u00e5r webbplats.<br><br>L\u00e4s mer i v\u00e5r sekretesspolicy om vilka vi \u00e4r, hur du kontaktar oss och p\u00e5 vilket s\u00e4tt vi behandlar personuppgifter.<br><br>Ange ditt samtyckes-ID och datum f\u00f6r n\u00e4r du kontaktade oss g\u00e4llande ditt samtycke.<\/p>\n\n\n\n<p>Ditt samtycke g\u00e4ller f\u00f6r f\u00f6ljande dom\u00e4ner: www.skargardsbastu.se<\/p>","protected":false},"excerpt":{"rendered":"<p>Denna webbplats anv\u00e4nder cookies. Vi anv\u00e4nder enhetsidentifierare f\u00f6r att anpassa inneh\u00e5llet och annonserna till anv\u00e4ndarna, tillhandah\u00e5lla funktioner f\u00f6r sociala medier och analysera v\u00e5r trafik. Vi vidarebefordrar \u00e4ven s\u00e5dana identifierare och annan information fr\u00e5n din enhet till de sociala medier och annons- och analysf\u00f6retag som vi samarbetar med. Dessa kan i sin tur kombinera informationen med [&hellip;]<\/p>\n","protected":false},"author":5,"featured_media":0,"parent":0,"menu_order":0,"comment_status":"closed","ping_status":"open","template":"","meta":{"_acf_changed":false,"footnotes":""},"class_list":["post-3","page","type-page","status-publish","hentry"],"acf":[],"yoast_head":"<!-- This site is optimized with the Yoast SEO Premium plugin v27.0 (Yoast SEO v27.0) - https:\/\/yoast.com\/product\/yoast-seo-premium-wordpress\/ -->\n<title>Integritetspolicy &amp; cookies - Sk\u00e4rg\u00e5rdsbastu<\/title>\n<meta name=\"robots\" content=\"index, follow, max-snippet:-1, max-image-preview:large, max-video-preview:-1\" \/>\n<link rel=\"canonical\" href=\"https:\/\/skargardsbastu.se\/nb\/integritetspolicy-cookies\/\" \/>\n<meta property=\"og:locale\" content=\"nb_NO\" \/>\n<meta property=\"og:type\" content=\"article\" \/>\n<meta property=\"og:title\" content=\"Integritetspolicy &amp; cookies\" \/>\n<meta property=\"og:description\" content=\"Denna webbplats anv\u00e4nder cookies. Vi anv\u00e4nder enhetsidentifierare f\u00f6r att anpassa inneh\u00e5llet och annonserna till anv\u00e4ndarna, tillhandah\u00e5lla funktioner f\u00f6r sociala medier och analysera v\u00e5r trafik. Vi vidarebefordrar \u00e4ven s\u00e5dana identifierare och annan information fr\u00e5n din enhet till de sociala medier och annons- och analysf\u00f6retag som vi samarbetar med. Dessa kan i sin tur kombinera informationen med [&hellip;]\" \/>\n<meta property=\"og:url\" content=\"https:\/\/skargardsbastu.se\/nb\/integritetspolicy-cookies\/\" \/>\n<meta property=\"og:site_name\" content=\"Sk\u00e4rg\u00e5rdsbastu\" \/>\n<meta property=\"article:modified_time\" content=\"2025-04-03T11:32:39+00:00\" \/>\n<meta name=\"twitter:card\" content=\"summary_large_image\" \/>\n<meta name=\"twitter:label1\" content=\"Ansl. lesetid\" \/>\n\t<meta name=\"twitter:data1\" content=\"1 minutt\" \/>\n<script type=\"application\/ld+json\" class=\"yoast-schema-graph\">{\"@context\":\"https:\/\/schema.org\",\"@graph\":[{\"@type\":\"WebPage\",\"@id\":\"https:\/\/skargardsbastu.se\/integritetspolicy-cookies\/\",\"url\":\"https:\/\/skargardsbastu.se\/integritetspolicy-cookies\/\",\"name\":\"Integritetspolicy &amp; cookies - Sk\u00e4rg\u00e5rdsbastu\",\"isPartOf\":{\"@id\":\"https:\/\/skargardsbastu.se\/#website\"},\"datePublished\":\"2025-03-14T10:34:54+00:00\",\"dateModified\":\"2025-04-03T11:32:39+00:00\",\"breadcrumb\":{\"@id\":\"https:\/\/skargardsbastu.se\/integritetspolicy-cookies\/#breadcrumb\"},\"inLanguage\":\"nb-NO\",\"potentialAction\":[{\"@type\":\"ReadAction\",\"target\":[\"https:\/\/skargardsbastu.se\/integritetspolicy-cookies\/\"]}]},{\"@type\":\"BreadcrumbList\",\"@id\":\"https:\/\/skargardsbastu.se\/integritetspolicy-cookies\/#breadcrumb\",\"itemListElement\":[{\"@type\":\"ListItem\",\"position\":1,\"name\":\"Home\",\"item\":\"https:\/\/skargardsbastu.se\/\"},{\"@type\":\"ListItem\",\"position\":2,\"name\":\"Integritetspolicy &amp; cookies\"}]},{\"@type\":\"WebSite\",\"@id\":\"https:\/\/skargardsbastu.se\/#website\",\"url\":\"https:\/\/skargardsbastu.se\/\",\"name\":\"Sk\u00e4rg\u00e5rdsbastu\",\"description\":\"Din bastudr\u00f6m b\u00f6rjar h\u00e4r\",\"publisher\":{\"@id\":\"https:\/\/skargardsbastu.se\/#organization\"},\"potentialAction\":[{\"@type\":\"SearchAction\",\"target\":{\"@type\":\"EntryPoint\",\"urlTemplate\":\"https:\/\/skargardsbastu.se\/?s={search_term_string}\"},\"query-input\":{\"@type\":\"PropertyValueSpecification\",\"valueRequired\":true,\"valueName\":\"search_term_string\"}}],\"inLanguage\":\"nb-NO\"},{\"@type\":\"Organization\",\"@id\":\"https:\/\/skargardsbastu.se\/#organization\",\"name\":\"Sk\u00e4rg\u00e5rdsbastu\",\"url\":\"https:\/\/skargardsbastu.se\/\",\"logo\":{\"@type\":\"ImageObject\",\"inLanguage\":\"nb-NO\",\"@id\":\"https:\/\/skargardsbastu.se\/#\/schema\/logo\/image\/\",\"url\":\"https:\/\/skargardsbastu.se\/wp-content\/uploads\/2025\/05\/T-4-e1748611164195.png\",\"contentUrl\":\"https:\/\/skargardsbastu.se\/wp-content\/uploads\/2025\/05\/T-4-e1748611164195.png\",\"width\":263,\"height\":252,\"caption\":\"Sk\u00e4rg\u00e5rdsbastu\"},\"image\":{\"@id\":\"https:\/\/skargardsbastu.se\/#\/schema\/logo\/image\/\"}}]}<\/script>\n<!-- \/ Yoast SEO Premium plugin. -->","yoast_head_json":{"title":"Integritetspolicy &amp; cookies - Sk\u00e4rg\u00e5rdsbastu","robots":{"index":"index","follow":"follow","max-snippet":"max-snippet:-1","max-image-preview":"max-image-preview:large","max-video-preview":"max-video-preview:-1"},"canonical":"https:\/\/skargardsbastu.se\/nb\/integritetspolicy-cookies\/","og_locale":"nb_NO","og_type":"article","og_title":"Integritetspolicy &amp; cookies","og_description":"Denna webbplats anv\u00e4nder cookies. Vi anv\u00e4nder enhetsidentifierare f\u00f6r att anpassa inneh\u00e5llet och annonserna till anv\u00e4ndarna, tillhandah\u00e5lla funktioner f\u00f6r sociala medier och analysera v\u00e5r trafik. Vi vidarebefordrar \u00e4ven s\u00e5dana identifierare och annan information fr\u00e5n din enhet till de sociala medier och annons- och analysf\u00f6retag som vi samarbetar med. Dessa kan i sin tur kombinera informationen med [&hellip;]","og_url":"https:\/\/skargardsbastu.se\/nb\/integritetspolicy-cookies\/","og_site_name":"Sk\u00e4rg\u00e5rdsbastu","article_modified_time":"2025-04-03T11:32:39+00:00","twitter_card":"summary_large_image","twitter_misc":{"Ansl. lesetid":"1 minutt"},"schema":{"@context":"https:\/\/schema.org","@graph":[{"@type":"WebPage","@id":"https:\/\/skargardsbastu.se\/integritetspolicy-cookies\/","url":"https:\/\/skargardsbastu.se\/integritetspolicy-cookies\/","name":"Integritetspolicy &amp; cookies - Sk\u00e4rg\u00e5rdsbastu","isPartOf":{"@id":"https:\/\/skargardsbastu.se\/#website"},"datePublished":"2025-03-14T10:34:54+00:00","dateModified":"2025-04-03T11:32:39+00:00","breadcrumb":{"@id":"https:\/\/skargardsbastu.se\/integritetspolicy-cookies\/#breadcrumb"},"inLanguage":"nb-NO","potentialAction":[{"@type":"ReadAction","target":["https:\/\/skargardsbastu.se\/integritetspolicy-cookies\/"]}]},{"@type":"BreadcrumbList","@id":"https:\/\/skargardsbastu.se\/integritetspolicy-cookies\/#breadcrumb","itemListElement":[{"@type":"ListItem","position":1,"name":"Home","item":"https:\/\/skargardsbastu.se\/"},{"@type":"ListItem","position":2,"name":"Integritetspolicy &amp; cookies"}]},{"@type":"WebSite","@id":"https:\/\/skargardsbastu.se\/#website","url":"https:\/\/skargardsbastu.se\/","name":"Archipelago badstue","description":"Din badstuedr\u00f8m starter her","publisher":{"@id":"https:\/\/skargardsbastu.se\/#organization"},"potentialAction":[{"@type":"SearchAction","target":{"@type":"EntryPoint","urlTemplate":"https:\/\/skargardsbastu.se\/?s={search_term_string}"},"query-input":{"@type":"PropertyValueSpecification","valueRequired":true,"valueName":"search_term_string"}}],"inLanguage":"nb-NO"},{"@type":"Organization","@id":"https:\/\/skargardsbastu.se\/#organization","name":"Archipelago badstue","url":"https:\/\/skargardsbastu.se\/","logo":{"@type":"ImageObject","inLanguage":"nb-NO","@id":"https:\/\/skargardsbastu.se\/#\/schema\/logo\/image\/","url":"https:\/\/skargardsbastu.se\/wp-content\/uploads\/2025\/05\/T-4-e1748611164195.png","contentUrl":"https:\/\/skargardsbastu.se\/wp-content\/uploads\/2025\/05\/T-4-e1748611164195.png","width":263,"height":252,"caption":"Sk\u00e4rg\u00e5rdsbastu"},"image":{"@id":"https:\/\/skargardsbastu.se\/#\/schema\/logo\/image\/"}}]}},"_links":{"self":[{"href":"https:\/\/skargardsbastu.se\/nb\/wp-json\/wp\/v2\/pages\/3","targetHints":{"allow":["GET"]}}],"collection":[{"href":"https:\/\/skargardsbastu.se\/nb\/wp-json\/wp\/v2\/pages"}],"about":[{"href":"https:\/\/skargardsbastu.se\/nb\/wp-json\/wp\/v2\/types\/page"}],"author":[{"embeddable":true,"href":"https:\/\/skargardsbastu.se\/nb\/wp-json\/wp\/v2\/users\/5"}],"replies":[{"embeddable":true,"href":"https:\/\/skargardsbastu.se\/nb\/wp-json\/wp\/v2\/comments?post=3"}],"version-history":[{"count":1,"href":"https:\/\/skargardsbastu.se\/nb\/wp-json\/wp\/v2\/pages\/3\/revisions"}],"predecessor-version":[{"id":714,"href":"https:\/\/skargardsbastu.se\/nb\/wp-json\/wp\/v2\/pages\/3\/revisions\/714"}],"wp:attachment":[{"href":"https:\/\/skargardsbastu.se\/nb\/wp-json\/wp\/v2\/media?parent=3"}],"curies":[{"name":"wp","href":"https:\/\/api.w.org\/{rel}","templated":true}]}}