{"id":1980,"date":"2025-07-25T11:58:55","date_gmt":"2025-07-25T11:58:55","guid":{"rendered":"https:\/\/skargardsbastu.se\/?page_id=1980"},"modified":"2026-02-26T14:18:53","modified_gmt":"2026-02-26T14:18:53","slug":"liten-vedeldad-bastu-utomhus","status":"publish","type":"page","link":"https:\/\/skargardsbastu.se\/nb\/liten-vedeldad-bastu-utomhus\/","title":{"rendered":"Liten vedeldad bastu utomhus"},"content":{"rendered":"\t\t<div data-elementor-type=\"wp-page\" data-elementor-id=\"1980\" class=\"elementor elementor-1980\" data-elementor-post-type=\"page\">\n\t\t\t\t<div class=\"elementor-element elementor-element-8f2eb91 e-flex e-con-boxed e-con e-parent\" data-id=\"8f2eb91\" data-element_type=\"container\" data-e-type=\"container\" data-settings=\"{&quot;background_background&quot;:&quot;classic&quot;}\">\n\t\t\t\t\t<div class=\"e-con-inner\">\n\t\t<div class=\"elementor-element elementor-element-1af229e e-con-full e-flex e-con e-child\" data-id=\"1af229e\" data-element_type=\"container\" data-e-type=\"container\" data-settings=\"{&quot;background_background&quot;:&quot;classic&quot;}\">\n\t\t\t\t<div class=\"elementor-element elementor-element-be97250 elementor-widget elementor-widget-heading\" data-id=\"be97250\" data-element_type=\"widget\" data-e-type=\"widget\" data-widget_type=\"heading.default\">\n\t\t\t\t<div class=\"elementor-widget-container\">\n\t\t\t\t\t<h1 class=\"elementor-heading-title elementor-size-default\">Liten vedeldad bastu utomhus \u2013 skapa en mysig oas i tr\u00e4dg\u00e5rden<\/h1>\t\t\t\t<\/div>\n\t\t\t\t<\/div>\n\t\t\t\t<div class=\"elementor-element elementor-element-3c1a3e1 elementor-widget__width-initial elementor-widget-mobile__width-inherit elementor-widget elementor-widget-text-editor\" data-id=\"3c1a3e1\" data-element_type=\"widget\" data-e-type=\"widget\" data-widget_type=\"text-editor.default\">\n\t\t\t\t<div class=\"elementor-widget-container\">\n\t\t\t\t\t\t\t\t\t<article class=\"text-token-text-primary w-full\" dir=\"auto\" data-testid=\"conversation-turn-2\" data-scroll-anchor=\"true\"><div class=\"text-base my-auto mx-auto pb-10 [--thread-content-margin:--spacing(4)] @[37rem]:[--thread-content-margin:--spacing(6)] @[72rem]:[--thread-content-margin:--spacing(16)] px-(--thread-content-margin)\"><div class=\"[--thread-content-max-width:32rem] @[34rem]:[--thread-content-max-width:40rem] @[64rem]:[--thread-content-max-width:48rem] mx-auto max-w-(--thread-content-max-width) flex-1 group\/turn-messages focus-visible:outline-hidden relative flex w-full min-w-0 flex-col agent-turn\" tabindex=\"-1\"><div class=\"flex max-w-full flex-col grow\"><div class=\"min-h-8 text-message relative flex w-full flex-col items-end gap-2 text-start break-words whitespace-normal [.text-message+&amp;]:mt-5\" dir=\"auto\" data-message-author-role=\"assistant\" data-message-id=\"bfc16c59-e2ee-41ce-b35c-0f4a51cc6c1c\" data-message-model-slug=\"gpt-4o\"><div class=\"flex w-full flex-col gap-1 empty:hidden first:pt-[3px]\"><div class=\"markdown prose dark:prose-invert w-full break-words dark\"><p data-start=\"0\" data-end=\"48\" data-is-last-node=\"\" data-is-only-node=\"\">Avkoppling p\u00e5 liten yta<\/p><\/div><\/div><\/div><\/div><\/div><\/div><\/article><div class=\"pointer-events-none h-px w-px\" aria-hidden=\"true\" data-edge=\"true\">\u00a0<\/div>\t\t\t\t\t\t\t\t<\/div>\n\t\t\t\t<\/div>\n\t\t\t\t<\/div>\n\t\t\t\t\t<\/div>\n\t\t\t\t<\/div>\n\t\t<div class=\"elementor-element elementor-element-6543f15 e-flex e-con-boxed e-con e-parent\" data-id=\"6543f15\" data-element_type=\"container\" data-e-type=\"container\" data-settings=\"{&quot;background_background&quot;:&quot;classic&quot;}\">\n\t\t\t\t\t<div class=\"e-con-inner\">\n\t\t\t\t<div class=\"elementor-element elementor-element-db7531a elementor-widget elementor-widget-text-editor\" data-id=\"db7531a\" data-element_type=\"widget\" data-e-type=\"widget\" data-widget_type=\"text-editor.default\">\n\t\t\t\t<div class=\"elementor-widget-container\">\n\t\t\t\t\t\t\t\t\t<p>En liten vedeldad bastu utomhus \u00e4r det perfekta valet f\u00f6r dig som vill skapa en avkopplande oas i tr\u00e4dg\u00e5rden utan att ta upp f\u00f6r mycket plats. Med en kompakt bastu f\u00e5r du den genuina k\u00e4nslan av nordisk tradition och naturlig v\u00e4rme, samtidigt som installationen \u00e4r smidig och flexibel. En liten bastu passar utm\u00e4rkt f\u00f6r b\u00e5de mindre tomter och dig som vill ha en privat plats f\u00f6r \u00e5terh\u00e4mtning efter en l\u00e5ng dag.&nbsp;<\/p><p>Vedeldad bastu ger en unik atmosf\u00e4r med doften av tr\u00e4 och mjuk, behaglig v\u00e4rme \u2013 precis som bastubad ska vara. Hos Sk\u00e4rg\u00e5rdsbastu hittar du noggrant utvalda modeller d\u00e4r kvalitet och komfort st\u00e5r i fokus, oavsett om du vill basta sj\u00e4lv eller tillsammans med n\u00e5gon. En liten vedeldad bastu utomhus blir snabbt en sj\u00e4lvklar favorit och f\u00f6rh\u00f6jer b\u00e5de vardag och helg med \u00e4kta bastugl\u00e4dje.<\/p>\t\t\t\t\t\t\t\t<\/div>\n\t\t\t\t<\/div>\n\t\t\t\t<div class=\"elementor-element elementor-element-30c0812 elementor-widget elementor-widget-heading\" data-id=\"30c0812\" data-element_type=\"widget\" data-e-type=\"widget\" data-widget_type=\"heading.default\">\n\t\t\t\t<div class=\"elementor-widget-container\">\n\t\t\t\t\t<h2 class=\"elementor-heading-title elementor-size-default\">F\u00f6rdelar med en liten vedeldad bastu utomhus<\/h2>\t\t\t\t<\/div>\n\t\t\t\t<\/div>\n\t\t\t\t<div class=\"elementor-element elementor-element-300389d elementor-widget elementor-widget-text-editor\" data-id=\"300389d\" data-element_type=\"widget\" data-e-type=\"widget\" data-widget_type=\"text-editor.default\">\n\t\t\t\t<div class=\"elementor-widget-container\">\n\t\t\t\t\t\t\t\t\t<p>En liten vedeldad bastu utomhus \u00e4r ett smart val f\u00f6r dig som vill njuta av bastubad \u00e4ven p\u00e5 en mindre tomt. Den kompakta storleken g\u00f6r att bastun enkelt f\u00e5r plats i tr\u00e4dg\u00e5rden utan att ta \u00f6ver utrymmet, samtidigt som du f\u00e5r den genuina k\u00e4nslan av nordisk tradition och naturlig v\u00e4rme.&nbsp;<\/p><p>Vedeldad bastu ger en unik atmosf\u00e4r med doften av tr\u00e4 och mjuk, behaglig v\u00e4rme \u2013 precis som ett riktigt bastubad ska vara. Installationen \u00e4r smidig och flexibel, vilket g\u00f6r det enkelt att skapa en personlig oas f\u00f6r avkoppling och \u00e5terh\u00e4mtning. Oavsett om du vill basta sj\u00e4lv eller tillsammans med n\u00e5gon, blir en liten vedeldad bastu utomhus snabbt en favorit som f\u00f6rh\u00f6jer b\u00e5de vardag och helg med \u00e4kta bastugl\u00e4dje.<\/p>\t\t\t\t\t\t\t\t<\/div>\n\t\t\t\t<\/div>\n\t\t\t\t<div class=\"elementor-element elementor-element-ab920cd elementor-widget elementor-widget-heading\" data-id=\"ab920cd\" data-element_type=\"widget\" data-e-type=\"widget\" data-widget_type=\"heading.default\">\n\t\t\t\t<div class=\"elementor-widget-container\">\n\t\t\t\t\t<h3 class=\"elementor-heading-title elementor-size-default\">F\u00f6rdelar med en kompakt vedeldad utomhusbastu<\/h3>\t\t\t\t<\/div>\n\t\t\t\t<\/div>\n\t\t\t\t<div class=\"elementor-element elementor-element-f23d21c elementor-widget elementor-widget-text-editor\" data-id=\"f23d21c\" data-element_type=\"widget\" data-e-type=\"widget\" data-widget_type=\"text-editor.default\">\n\t\t\t\t<div class=\"elementor-widget-container\">\n\t\t\t\t\t\t\t\t\t<p>En liten vedeldad bastu utomhus har m\u00e5nga f\u00f6rdelar f\u00f6r dig som vill kombinera tradition och funktionalitet, \u00e4ven p\u00e5 begr\u00e4nsad yta. Den kompakta storleken g\u00f6r det enkelt att placera bastun i b\u00e5de sm\u00e5 och stora tr\u00e4dg\u00e5rdar, vilket ger flexibilitet att skapa en egen relaxh\u00f6rna.<\/p><p>Ved som v\u00e4rmek\u00e4lla ger en klassisk bastuk\u00e4nsla med naturlig doft och mjukt ljus fr\u00e5n elden. En mindre modell \u00e4r dessutom l\u00e4ttare att underh\u00e5lla och kr\u00e4ver mindre energi, vilket g\u00f6r den till ett smart och h\u00e5llbart val f\u00f6r tr\u00e4dg\u00e5rds\u00e4gare som s\u00f6ker kvalitet och bekv\u00e4mlighet.<\/p>\t\t\t\t\t\t\t\t<\/div>\n\t\t\t\t<\/div>\n\t\t\t\t<div class=\"elementor-element elementor-element-1342e6e elementor-widget elementor-widget-heading\" data-id=\"1342e6e\" data-element_type=\"widget\" data-e-type=\"widget\" data-widget_type=\"heading.default\">\n\t\t\t\t<div class=\"elementor-widget-container\">\n\t\t\t\t\t<h3 class=\"elementor-heading-title elementor-size-default\">Placeringstips f\u00f6r liten vedeldad bastu utomhus<\/h3>\t\t\t\t<\/div>\n\t\t\t\t<\/div>\n\t\t\t\t<div class=\"elementor-element elementor-element-f1edd14 elementor-widget elementor-widget-text-editor\" data-id=\"f1edd14\" data-element_type=\"widget\" data-e-type=\"widget\" data-widget_type=\"text-editor.default\">\n\t\t\t\t<div class=\"elementor-widget-container\">\n\t\t\t\t\t\t\t\t\t<p>En liten vedeldad bastu utomhus kan placeras p\u00e5 m\u00e5nga kreativa s\u00e4tt f\u00f6r att verkligen lyfta din tr\u00e4dg\u00e5rdsmilj\u00f6. Oavsett om du har ett h\u00f6rn av tomten, en vacker utsikt \u00f6ver naturen eller vill integrera bastun intill en altan, finns det m\u00e5nga m\u00f6jligheter.<\/p><p>V\u00e4lj en plats som k\u00e4nns avskild men \u00e4nd\u00e5 l\u00e4ttillg\u00e4nglig, g\u00e4rna i n\u00e4rheten av vatten f\u00f6r svalkande dopp. T\u00e4nk ocks\u00e5 p\u00e5 omgivande gr\u00f6nska och skapa en lugn plats med v\u00e4xter eller stenar runt om. P\u00e5 s\u00e5 vis f\u00f6rvandlas bastun till en naturlig del av tr\u00e4dg\u00e5rdens helhet.<\/p>\t\t\t\t\t\t\t\t<\/div>\n\t\t\t\t<\/div>\n\t\t\t\t<div class=\"elementor-element elementor-element-42b4d13 elementor-widget elementor-widget-image\" data-id=\"42b4d13\" data-element_type=\"widget\" data-e-type=\"widget\" data-widget_type=\"image.default\">\n\t\t\t\t<div class=\"elementor-widget-container\">\n\t\t\t\t\t\t\t\t\t\t\t\t\t\t\t<img fetchpriority=\"high\" decoding=\"async\" width=\"800\" height=\"534\" src=\"https:\/\/skargardsbastu.se\/wp-content\/uploads\/2026\/02\/15.small-wood-fired-sauna-1024x683.jpg\" class=\"attachment-large size-large wp-image-2720 wvs-archive-product-image\" alt=\"Liten vedeldad bastu utomhus fr\u00e5n Sk\u00e4rg\u00e5rdsbastu - kompakt bastu f\u00f6r tr\u00e4dg\u00e5rden med nordisk design.\" srcset=\"https:\/\/skargardsbastu.se\/wp-content\/uploads\/2026\/02\/15.small-wood-fired-sauna-1024x683.jpg 1024w, https:\/\/skargardsbastu.se\/wp-content\/uploads\/2026\/02\/15.small-wood-fired-sauna-300x200.jpg 300w, https:\/\/skargardsbastu.se\/wp-content\/uploads\/2026\/02\/15.small-wood-fired-sauna-768x512.jpg 768w, https:\/\/skargardsbastu.se\/wp-content\/uploads\/2026\/02\/15.small-wood-fired-sauna-1536x1024.jpg 1536w, https:\/\/skargardsbastu.se\/wp-content\/uploads\/2026\/02\/15.small-wood-fired-sauna-600x400.jpg 600w, https:\/\/skargardsbastu.se\/wp-content\/uploads\/2026\/02\/15.small-wood-fired-sauna.jpg 1920w\" sizes=\"(max-width: 800px) 100vw, 800px\" \/>\t\t\t\t\t\t\t\t\t\t\t\t\t\t\t<\/div>\n\t\t\t\t<\/div>\n\t\t\t\t\t<\/div>\n\t\t\t\t<\/div>\n\t\t<div class=\"elementor-element elementor-element-2e5fa02 e-flex e-con-boxed e-con e-parent\" data-id=\"2e5fa02\" data-element_type=\"container\" data-e-type=\"container\" data-settings=\"{&quot;background_background&quot;:&quot;classic&quot;}\">\n\t\t\t\t\t<div class=\"e-con-inner\">\n\t\t\t\t<div class=\"elementor-element elementor-element-09be1fd elementor-widget elementor-widget-heading\" data-id=\"09be1fd\" data-element_type=\"widget\" data-e-type=\"widget\" data-widget_type=\"heading.default\">\n\t\t\t\t<div class=\"elementor-widget-container\">\n\t\t\t\t\t<h2 class=\"elementor-heading-title elementor-size-default\">Kontakta oss f\u00f6r mer information<\/h2>\t\t\t\t<\/div>\n\t\t\t\t<\/div>\n\t\t\t\t<div class=\"elementor-element elementor-element-e2146fe elementor-widget elementor-widget-text-editor\" data-id=\"e2146fe\" data-element_type=\"widget\" data-e-type=\"widget\" data-widget_type=\"text-editor.default\">\n\t\t\t\t<div class=\"elementor-widget-container\">\n\t\t\t\t\t\t\t\t\t<p><span style=\"font-weight: 400;\">Att k\u00f6pa bastu ska vara enkelt och tryggt. Hos oss f\u00e5r du inte bara en produkt, utan en komplett l\u00f6sning \u2013 fr\u00e5n r\u00e5dgivning och best\u00e4llning till leverans och installation. Vi guidar dig g\u00e4rna i valet av den frist\u00e5ende bastu som passar b\u00e4st i just din tr\u00e4dg\u00e5rd och ser till att varje steg i processen blir smidigt. Kontakta oss idag f\u00f6r att ta f\u00f6rsta steget mot att f\u00f6rverkliga din bastudr\u00f6m. <\/span><\/p>\t\t\t\t\t\t\t\t<\/div>\n\t\t\t\t<\/div>\n\t\t\t\t<div class=\"elementor-element elementor-element-6d55090 elementor-align-center elementor-widget elementor-widget-button\" data-id=\"6d55090\" data-element_type=\"widget\" data-e-type=\"widget\" data-widget_type=\"button.default\">\n\t\t\t\t<div class=\"elementor-widget-container\">\n\t\t\t\t\t\t\t\t\t<div class=\"elementor-button-wrapper\">\n\t\t\t\t\t<a class=\"elementor-button elementor-button-link elementor-size-sm\" href=\"https:\/\/skargardsbastu.se\/kontakt\/\">\n\t\t\t\t\t\t<span class=\"elementor-button-content-wrapper\">\n\t\t\t\t\t\t\t\t\t<span class=\"elementor-button-text\">Kontakta oss<\/span>\n\t\t\t\t\t<\/span>\n\t\t\t\t\t<\/a>\n\t\t\t\t<\/div>\n\t\t\t\t\t\t\t\t<\/div>\n\t\t\t\t<\/div>\n\t\t\t\t\t<\/div>\n\t\t\t\t<\/div>\n\t\t<div class=\"elementor-element elementor-element-2d62185 e-flex e-con-boxed e-con e-parent\" data-id=\"2d62185\" data-element_type=\"container\" data-e-type=\"container\">\n\t\t\t\t\t<div class=\"e-con-inner\">\n\t\t\t\t<div class=\"elementor-element elementor-element-5dfbb64 elementor-widget elementor-widget-spacer\" data-id=\"5dfbb64\" data-element_type=\"widget\" data-e-type=\"widget\" data-widget_type=\"spacer.default\">\n\t\t\t\t<div class=\"elementor-widget-container\">\n\t\t\t\t\t\t\t<div class=\"elementor-spacer\">\n\t\t\t<div class=\"elementor-spacer-inner\"><\/div>\n\t\t<\/div>\n\t\t\t\t\t\t<\/div>\n\t\t\t\t<\/div>\n\t\t\t\t<div class=\"elementor-element elementor-element-4cd9567 elementor-widget elementor-widget-heading\" data-id=\"4cd9567\" data-element_type=\"widget\" data-e-type=\"widget\" data-widget_type=\"heading.default\">\n\t\t\t\t<div class=\"elementor-widget-container\">\n\t\t\t\t\t<h4 class=\"elementor-heading-title elementor-size-default\">Fr\u00e5gor &amp; Svar<\/h4>\t\t\t\t<\/div>\n\t\t\t\t<\/div>\n\t\t\t\t<div class=\"elementor-element elementor-element-e7e365e elementor-widget elementor-widget-text-editor\" data-id=\"e7e365e\" data-element_type=\"widget\" data-e-type=\"widget\" data-widget_type=\"text-editor.default\">\n\t\t\t\t<div class=\"elementor-widget-container\">\n\t\t\t\t\t\t\t\t\t<p data-start=\"0\" data-end=\"295\"><strong data-start=\"0\" data-end=\"55\">Vilka f\u00f6rdelar har en liten vedeldad bastu utomhus?<\/strong><br data-start=\"55\" data-end=\"58\" \/>En liten vedeldad bastu utomhus \u00e4r perfekt f\u00f6r mindre tomter och ger genuin nordisk bastuk\u00e4nsla. Den \u00e4r enkel att installera, kr\u00e4ver lite utrymme och skapar en mysig oas f\u00f6r avkoppling och \u00e5terh\u00e4mtning med naturlig v\u00e4rme och doft av tr\u00e4.<\/p><p data-start=\"297\" data-end=\"595\"><strong data-start=\"297\" data-end=\"355\">Hur placerar man b\u00e4st en liten vedeldad bastu utomhus?<\/strong><br data-start=\"355\" data-end=\"358\" \/>Placera bastun p\u00e5 en avskild, l\u00e4ttillg\u00e4nglig plats i tr\u00e4dg\u00e5rden, g\u00e4rna n\u00e4ra vatten f\u00f6r svalkande dopp. Omgivande gr\u00f6nska, stenar eller utsikt \u00f6ver naturen kan bidra till en harmonisk helhet och g\u00f6ra bastun till en naturlig del av milj\u00f6n.<\/p><p data-start=\"597\" data-end=\"867\"><strong data-start=\"597\" data-end=\"660\">Passar en liten vedeldad bastu utomhus \u00e4ven f\u00f6r sm\u00e5 tomter?<\/strong><br data-start=\"660\" data-end=\"663\" \/>Ja, den kompakta storleken g\u00f6r att en liten vedeldad bastu enkelt f\u00e5r plats \u00e4ven p\u00e5 sm\u00e5 tomter. Du f\u00e5r en privat plats f\u00f6r avkoppling utan att beh\u00f6va kompromissa med utrymmet i tr\u00e4dg\u00e5rden eller p\u00e5 g\u00e5rden.<\/p><p data-start=\"869\" data-end=\"1138\" data-is-last-node=\"\" data-is-only-node=\"\"><strong data-start=\"869\" data-end=\"928\">Vilken atmosf\u00e4r skapar en liten vedeldad bastu utomhus?<\/strong><br data-start=\"928\" data-end=\"931\" \/>En liten vedeldad bastu utomhus skapar en unik och mysig atmosf\u00e4r med mjuk v\u00e4rme och doft av tr\u00e4. Den ger en k\u00e4nsla av nordisk tradition och f\u00f6rh\u00f6jer b\u00e5de vardag och helg med \u00e4kta bastugl\u00e4dje och avkoppling.<\/p>\t\t\t\t\t\t\t\t<\/div>\n\t\t\t\t<\/div>\n\t\t\t\t<div class=\"elementor-element elementor-element-66834b9 elementor-widget elementor-widget-spacer\" data-id=\"66834b9\" data-element_type=\"widget\" data-e-type=\"widget\" data-widget_type=\"spacer.default\">\n\t\t\t\t<div class=\"elementor-widget-container\">\n\t\t\t\t\t\t\t<div class=\"elementor-spacer\">\n\t\t\t<div class=\"elementor-spacer-inner\"><\/div>\n\t\t<\/div>\n\t\t\t\t\t\t<\/div>\n\t\t\t\t<\/div>\n\t\t\t\t\t<\/div>\n\t\t\t\t<\/div>\n\t\t\t\t<\/div>\n\t\t","protected":false},"excerpt":{"rendered":"<p>Liten vedeldad bastu utomhus \u2013 skapa en mysig oas i tr\u00e4dg\u00e5rden Avkoppling p\u00e5 liten yta \u00a0 En liten vedeldad bastu utomhus \u00e4r det perfekta valet f\u00f6r dig som vill skapa en avkopplande oas i tr\u00e4dg\u00e5rden utan att ta upp f\u00f6r mycket plats. Med en kompakt bastu f\u00e5r du den genuina k\u00e4nslan av nordisk tradition och [&hellip;]<\/p>\n","protected":false},"author":5,"featured_media":0,"parent":0,"menu_order":0,"comment_status":"closed","ping_status":"closed","template":"","meta":{"_acf_changed":false,"footnotes":""},"class_list":["post-1980","page","type-page","status-publish","hentry"],"acf":[],"yoast_head":"<!-- This site is optimized with the Yoast SEO Premium plugin v27.0 (Yoast SEO v27.0) - https:\/\/yoast.com\/product\/yoast-seo-premium-wordpress\/ -->\n<title>Liten vedeldad bastu utomhus \u2013 kompakt bastu f\u00f6r tr\u00e4dg\u00e5rden<\/title>\n<meta name=\"description\" content=\"Upplev avkoppling med en liten vedeldad utomhusbastu \u2013 smidig installation, nordisk design och h\u00f6g kvalitet fr\u00e5n Sk\u00e4rg\u00e5rdsbastu.\" \/>\n<meta name=\"robots\" content=\"index, follow, max-snippet:-1, max-image-preview:large, max-video-preview:-1\" \/>\n<link rel=\"canonical\" href=\"https:\/\/skargardsbastu.se\/nb\/liten-vedeldad-bastu-utomhus\/\" \/>\n<meta property=\"og:locale\" content=\"nb_NO\" \/>\n<meta property=\"og:type\" content=\"article\" \/>\n<meta property=\"og:title\" content=\"Liten vedeldad bastu utomhus\" \/>\n<meta property=\"og:description\" content=\"Upplev avkoppling med en liten vedeldad utomhusbastu \u2013 smidig installation, nordisk design och h\u00f6g kvalitet fr\u00e5n Sk\u00e4rg\u00e5rdsbastu.\" \/>\n<meta property=\"og:url\" content=\"https:\/\/skargardsbastu.se\/nb\/liten-vedeldad-bastu-utomhus\/\" \/>\n<meta property=\"og:site_name\" content=\"Sk\u00e4rg\u00e5rdsbastu\" \/>\n<meta property=\"article:modified_time\" content=\"2026-02-26T14:18:53+00:00\" \/>\n<meta property=\"og:image\" content=\"https:\/\/skargardsbastu.se\/wp-content\/uploads\/2026\/02\/15.small-wood-fired-sauna.jpg\" \/>\n\t<meta property=\"og:image:width\" content=\"1920\" \/>\n\t<meta property=\"og:image:height\" content=\"1280\" \/>\n\t<meta property=\"og:image:type\" content=\"image\/jpeg\" \/>\n<meta name=\"twitter:card\" content=\"summary_large_image\" \/>\n<meta name=\"twitter:label1\" content=\"Ansl. lesetid\" \/>\n\t<meta name=\"twitter:data1\" content=\"4 minutter\" \/>\n<script type=\"application\/ld+json\" class=\"yoast-schema-graph\">{\"@context\":\"https:\/\/schema.org\",\"@graph\":[{\"@type\":\"WebPage\",\"@id\":\"https:\/\/skargardsbastu.se\/liten-vedeldad-bastu-utomhus\/\",\"url\":\"https:\/\/skargardsbastu.se\/liten-vedeldad-bastu-utomhus\/\",\"name\":\"Liten vedeldad bastu utomhus \u2013 kompakt bastu f\u00f6r tr\u00e4dg\u00e5rden\",\"isPartOf\":{\"@id\":\"https:\/\/skargardsbastu.se\/#website\"},\"primaryImageOfPage\":{\"@id\":\"https:\/\/skargardsbastu.se\/liten-vedeldad-bastu-utomhus\/#primaryimage\"},\"image\":{\"@id\":\"https:\/\/skargardsbastu.se\/liten-vedeldad-bastu-utomhus\/#primaryimage\"},\"thumbnailUrl\":\"https:\/\/skargardsbastu.se\/wp-content\/uploads\/2026\/02\/15.small-wood-fired-sauna-1024x683.jpg\",\"datePublished\":\"2025-07-25T11:58:55+00:00\",\"dateModified\":\"2026-02-26T14:18:53+00:00\",\"description\":\"Upplev avkoppling med en liten vedeldad utomhusbastu \u2013 smidig installation, nordisk design och h\u00f6g kvalitet fr\u00e5n Sk\u00e4rg\u00e5rdsbastu.\",\"breadcrumb\":{\"@id\":\"https:\/\/skargardsbastu.se\/liten-vedeldad-bastu-utomhus\/#breadcrumb\"},\"inLanguage\":\"nb-NO\",\"potentialAction\":[{\"@type\":\"ReadAction\",\"target\":[\"https:\/\/skargardsbastu.se\/liten-vedeldad-bastu-utomhus\/\"]}]},{\"@type\":\"ImageObject\",\"inLanguage\":\"nb-NO\",\"@id\":\"https:\/\/skargardsbastu.se\/liten-vedeldad-bastu-utomhus\/#primaryimage\",\"url\":\"https:\/\/skargardsbastu.se\/wp-content\/uploads\/2026\/02\/15.small-wood-fired-sauna-1024x683.jpg\",\"contentUrl\":\"https:\/\/skargardsbastu.se\/wp-content\/uploads\/2026\/02\/15.small-wood-fired-sauna-1024x683.jpg\"},{\"@type\":\"BreadcrumbList\",\"@id\":\"https:\/\/skargardsbastu.se\/liten-vedeldad-bastu-utomhus\/#breadcrumb\",\"itemListElement\":[{\"@type\":\"ListItem\",\"position\":1,\"name\":\"Home\",\"item\":\"https:\/\/skargardsbastu.se\/\"},{\"@type\":\"ListItem\",\"position\":2,\"name\":\"Liten vedeldad bastu utomhus\"}]},{\"@type\":\"WebSite\",\"@id\":\"https:\/\/skargardsbastu.se\/#website\",\"url\":\"https:\/\/skargardsbastu.se\/\",\"name\":\"Sk\u00e4rg\u00e5rdsbastu\",\"description\":\"Din bastudr\u00f6m b\u00f6rjar h\u00e4r\",\"publisher\":{\"@id\":\"https:\/\/skargardsbastu.se\/#organization\"},\"potentialAction\":[{\"@type\":\"SearchAction\",\"target\":{\"@type\":\"EntryPoint\",\"urlTemplate\":\"https:\/\/skargardsbastu.se\/?s={search_term_string}\"},\"query-input\":{\"@type\":\"PropertyValueSpecification\",\"valueRequired\":true,\"valueName\":\"search_term_string\"}}],\"inLanguage\":\"nb-NO\"},{\"@type\":\"Organization\",\"@id\":\"https:\/\/skargardsbastu.se\/#organization\",\"name\":\"Sk\u00e4rg\u00e5rdsbastu\",\"url\":\"https:\/\/skargardsbastu.se\/\",\"logo\":{\"@type\":\"ImageObject\",\"inLanguage\":\"nb-NO\",\"@id\":\"https:\/\/skargardsbastu.se\/#\/schema\/logo\/image\/\",\"url\":\"https:\/\/skargardsbastu.se\/wp-content\/uploads\/2025\/05\/T-4-e1748611164195.png\",\"contentUrl\":\"https:\/\/skargardsbastu.se\/wp-content\/uploads\/2025\/05\/T-4-e1748611164195.png\",\"width\":263,\"height\":252,\"caption\":\"Sk\u00e4rg\u00e5rdsbastu\"},\"image\":{\"@id\":\"https:\/\/skargardsbastu.se\/#\/schema\/logo\/image\/\"}}]}<\/script>\n<!-- \/ Yoast SEO Premium plugin. -->","yoast_head_json":{"title":"Liten vedeldad bastu utomhus \u2013 kompakt bastu f\u00f6r tr\u00e4dg\u00e5rden","description":"Upplev avkoppling med en liten vedeldad utomhusbastu \u2013 smidig installation, nordisk design och h\u00f6g kvalitet fr\u00e5n Sk\u00e4rg\u00e5rdsbastu.","robots":{"index":"index","follow":"follow","max-snippet":"max-snippet:-1","max-image-preview":"max-image-preview:large","max-video-preview":"max-video-preview:-1"},"canonical":"https:\/\/skargardsbastu.se\/nb\/liten-vedeldad-bastu-utomhus\/","og_locale":"nb_NO","og_type":"article","og_title":"Liten vedeldad bastu utomhus","og_description":"Upplev avkoppling med en liten vedeldad utomhusbastu \u2013 smidig installation, nordisk design och h\u00f6g kvalitet fr\u00e5n Sk\u00e4rg\u00e5rdsbastu.","og_url":"https:\/\/skargardsbastu.se\/nb\/liten-vedeldad-bastu-utomhus\/","og_site_name":"Sk\u00e4rg\u00e5rdsbastu","article_modified_time":"2026-02-26T14:18:53+00:00","og_image":[{"width":1920,"height":1280,"url":"https:\/\/skargardsbastu.se\/wp-content\/uploads\/2026\/02\/15.small-wood-fired-sauna.jpg","type":"image\/jpeg"}],"twitter_card":"summary_large_image","twitter_misc":{"Ansl. lesetid":"4 minutter"},"schema":{"@context":"https:\/\/schema.org","@graph":[{"@type":"WebPage","@id":"https:\/\/skargardsbastu.se\/liten-vedeldad-bastu-utomhus\/","url":"https:\/\/skargardsbastu.se\/liten-vedeldad-bastu-utomhus\/","name":"Liten vedeldad bastu utomhus \u2013 kompakt bastu f\u00f6r tr\u00e4dg\u00e5rden","isPartOf":{"@id":"https:\/\/skargardsbastu.se\/#website"},"primaryImageOfPage":{"@id":"https:\/\/skargardsbastu.se\/liten-vedeldad-bastu-utomhus\/#primaryimage"},"image":{"@id":"https:\/\/skargardsbastu.se\/liten-vedeldad-bastu-utomhus\/#primaryimage"},"thumbnailUrl":"https:\/\/skargardsbastu.se\/wp-content\/uploads\/2026\/02\/15.small-wood-fired-sauna-1024x683.jpg","datePublished":"2025-07-25T11:58:55+00:00","dateModified":"2026-02-26T14:18:53+00:00","description":"Upplev avkoppling med en liten vedeldad utomhusbastu \u2013 smidig installation, nordisk design och h\u00f6g kvalitet fr\u00e5n Sk\u00e4rg\u00e5rdsbastu.","breadcrumb":{"@id":"https:\/\/skargardsbastu.se\/liten-vedeldad-bastu-utomhus\/#breadcrumb"},"inLanguage":"nb-NO","potentialAction":[{"@type":"ReadAction","target":["https:\/\/skargardsbastu.se\/liten-vedeldad-bastu-utomhus\/"]}]},{"@type":"ImageObject","inLanguage":"nb-NO","@id":"https:\/\/skargardsbastu.se\/liten-vedeldad-bastu-utomhus\/#primaryimage","url":"https:\/\/skargardsbastu.se\/wp-content\/uploads\/2026\/02\/15.small-wood-fired-sauna-1024x683.jpg","contentUrl":"https:\/\/skargardsbastu.se\/wp-content\/uploads\/2026\/02\/15.small-wood-fired-sauna-1024x683.jpg"},{"@type":"BreadcrumbList","@id":"https:\/\/skargardsbastu.se\/liten-vedeldad-bastu-utomhus\/#breadcrumb","itemListElement":[{"@type":"ListItem","position":1,"name":"Home","item":"https:\/\/skargardsbastu.se\/"},{"@type":"ListItem","position":2,"name":"Liten vedeldad bastu utomhus"}]},{"@type":"WebSite","@id":"https:\/\/skargardsbastu.se\/#website","url":"https:\/\/skargardsbastu.se\/","name":"Archipelago badstue","description":"Din badstuedr\u00f8m starter her","publisher":{"@id":"https:\/\/skargardsbastu.se\/#organization"},"potentialAction":[{"@type":"SearchAction","target":{"@type":"EntryPoint","urlTemplate":"https:\/\/skargardsbastu.se\/?s={search_term_string}"},"query-input":{"@type":"PropertyValueSpecification","valueRequired":true,"valueName":"search_term_string"}}],"inLanguage":"nb-NO"},{"@type":"Organization","@id":"https:\/\/skargardsbastu.se\/#organization","name":"Archipelago badstue","url":"https:\/\/skargardsbastu.se\/","logo":{"@type":"ImageObject","inLanguage":"nb-NO","@id":"https:\/\/skargardsbastu.se\/#\/schema\/logo\/image\/","url":"https:\/\/skargardsbastu.se\/wp-content\/uploads\/2025\/05\/T-4-e1748611164195.png","contentUrl":"https:\/\/skargardsbastu.se\/wp-content\/uploads\/2025\/05\/T-4-e1748611164195.png","width":263,"height":252,"caption":"Sk\u00e4rg\u00e5rdsbastu"},"image":{"@id":"https:\/\/skargardsbastu.se\/#\/schema\/logo\/image\/"}}]}},"_links":{"self":[{"href":"https:\/\/skargardsbastu.se\/nb\/wp-json\/wp\/v2\/pages\/1980","targetHints":{"allow":["GET"]}}],"collection":[{"href":"https:\/\/skargardsbastu.se\/nb\/wp-json\/wp\/v2\/pages"}],"about":[{"href":"https:\/\/skargardsbastu.se\/nb\/wp-json\/wp\/v2\/types\/page"}],"author":[{"embeddable":true,"href":"https:\/\/skargardsbastu.se\/nb\/wp-json\/wp\/v2\/users\/5"}],"replies":[{"embeddable":true,"href":"https:\/\/skargardsbastu.se\/nb\/wp-json\/wp\/v2\/comments?post=1980"}],"version-history":[{"count":25,"href":"https:\/\/skargardsbastu.se\/nb\/wp-json\/wp\/v2\/pages\/1980\/revisions"}],"predecessor-version":[{"id":2765,"href":"https:\/\/skargardsbastu.se\/nb\/wp-json\/wp\/v2\/pages\/1980\/revisions\/2765"}],"wp:attachment":[{"href":"https:\/\/skargardsbastu.se\/nb\/wp-json\/wp\/v2\/media?parent=1980"}],"curies":[{"name":"wp","href":"https:\/\/api.w.org\/{rel}","templated":true}]}}