{"id":1970,"date":"2025-07-25T11:51:15","date_gmt":"2025-07-25T11:51:15","guid":{"rendered":"https:\/\/skargardsbastu.se\/?page_id=1970"},"modified":"2026-02-26T14:17:14","modified_gmt":"2026-02-26T14:17:14","slug":"kopa-bastu","status":"publish","type":"page","link":"https:\/\/skargardsbastu.se\/nb\/kopa-bastu\/","title":{"rendered":"K\u00f6pa bastu"},"content":{"rendered":"\t\t<div data-elementor-type=\"wp-page\" data-elementor-id=\"1970\" class=\"elementor elementor-1970\" data-elementor-post-type=\"page\">\n\t\t\t\t<div class=\"elementor-element elementor-element-8f2eb91 e-flex e-con-boxed e-con e-parent\" data-id=\"8f2eb91\" data-element_type=\"container\" data-e-type=\"container\" data-settings=\"{&quot;background_background&quot;:&quot;classic&quot;}\">\n\t\t\t\t\t<div class=\"e-con-inner\">\n\t\t<div class=\"elementor-element elementor-element-1af229e e-con-full e-flex e-con e-child\" data-id=\"1af229e\" data-element_type=\"container\" data-e-type=\"container\" data-settings=\"{&quot;background_background&quot;:&quot;classic&quot;}\">\n\t\t\t\t<div class=\"elementor-element elementor-element-be97250 elementor-widget elementor-widget-heading\" data-id=\"be97250\" data-element_type=\"widget\" data-e-type=\"widget\" data-widget_type=\"heading.default\">\n\t\t\t\t<div class=\"elementor-widget-container\">\n\t\t\t\t\t<h1 class=\"elementor-heading-title elementor-size-default\">K\u00f6pa bastu \u2013 skr\u00e4ddarsydd bastu f\u00f6r hem och tr\u00e4dg\u00e5rd<\/h1>\t\t\t\t<\/div>\n\t\t\t\t<\/div>\n\t\t\t\t<div class=\"elementor-element elementor-element-3c1a3e1 elementor-widget__width-initial elementor-widget-mobile__width-inherit elementor-widget elementor-widget-text-editor\" data-id=\"3c1a3e1\" data-element_type=\"widget\" data-e-type=\"widget\" data-widget_type=\"text-editor.default\">\n\t\t\t\t<div class=\"elementor-widget-container\">\n\t\t\t\t\t\t\t\t\t<article class=\"text-token-text-primary w-full\" dir=\"auto\" data-testid=\"conversation-turn-2\" data-scroll-anchor=\"true\"><div class=\"text-base my-auto mx-auto pb-10 [--thread-content-margin:--spacing(4)] @[37rem]:[--thread-content-margin:--spacing(6)] @[72rem]:[--thread-content-margin:--spacing(16)] px-(--thread-content-margin)\"><div class=\"[--thread-content-max-width:32rem] @[34rem]:[--thread-content-max-width:40rem] @[64rem]:[--thread-content-max-width:48rem] mx-auto max-w-(--thread-content-max-width) flex-1 group\/turn-messages focus-visible:outline-hidden relative flex w-full min-w-0 flex-col agent-turn\" tabindex=\"-1\"><div class=\"flex max-w-full flex-col grow\"><div class=\"min-h-8 text-message relative flex w-full flex-col items-end gap-2 text-start break-words whitespace-normal [.text-message+&amp;]:mt-5\" dir=\"auto\" data-message-author-role=\"assistant\" data-message-id=\"bfc16c59-e2ee-41ce-b35c-0f4a51cc6c1c\" data-message-model-slug=\"gpt-4o\"><div class=\"flex w-full flex-col gap-1 empty:hidden first:pt-[3px]\"><div class=\"markdown prose dark:prose-invert w-full break-words dark\"><p data-start=\"0\" data-end=\"48\" data-is-last-node=\"\" data-is-only-node=\"\">Din personliga plats f\u00f6r avkoppling<\/p><\/div><\/div><\/div><\/div><\/div><\/div><\/article><div class=\"pointer-events-none h-px w-px\" aria-hidden=\"true\" data-edge=\"true\">\u00a0<\/div>\t\t\t\t\t\t\t\t<\/div>\n\t\t\t\t<\/div>\n\t\t\t\t<\/div>\n\t\t\t\t\t<\/div>\n\t\t\t\t<\/div>\n\t\t<div class=\"elementor-element elementor-element-6543f15 e-flex e-con-boxed e-con e-parent\" data-id=\"6543f15\" data-element_type=\"container\" data-e-type=\"container\" data-settings=\"{&quot;background_background&quot;:&quot;classic&quot;}\">\n\t\t\t\t\t<div class=\"e-con-inner\">\n\t\t\t\t<div class=\"elementor-element elementor-element-db7531a elementor-widget elementor-widget-text-editor\" data-id=\"db7531a\" data-element_type=\"widget\" data-e-type=\"widget\" data-widget_type=\"text-editor.default\">\n\t\t\t\t<div class=\"elementor-widget-container\">\n\t\t\t\t\t\t\t\t\t<p>Att k\u00f6pa bastu \u00e4r ett s\u00e4tt att skapa en egen plats f\u00f6r avkoppling och v\u00e4lm\u00e5ende, oavsett om du vill njuta utomhus i tr\u00e4dg\u00e5rden eller inomhus i hemmet. Med fokus p\u00e5 nordisk design och kvalitet kan du v\u00e4lja mellan flera f\u00e4rdiga bastul\u00f6sningar som enkelt anpassas efter dina behov och din stil. Oavsett om du s\u00f6ker en kompakt modell f\u00f6r tv\u00e5 personer eller en st\u00f6rre bastu f\u00f6r familj och v\u00e4nner, finns det alternativ som kombinerar modern komfort med traditionellt hantverk.&nbsp;<\/p><p>Bastun blir snabbt en naturlig del av din vardag och hj\u00e4lper dig att \u00e5terh\u00e4mta dig, samla energi och njuta av lugnet. N\u00e4r du v\u00e4ljer att k\u00f6pa bastu f\u00e5r du inte bara en produkt, utan en helhetsupplevelse med h\u00e5llbara material, smidig leverans och personlig r\u00e5dgivning \u2013 allt f\u00f6r att skapa din egen oas av avslappning och njutning.<\/p>\t\t\t\t\t\t\t\t<\/div>\n\t\t\t\t<\/div>\n\t\t\t\t<div class=\"elementor-element elementor-element-e2b6ab7 elementor-widget elementor-widget-heading\" data-id=\"e2b6ab7\" data-element_type=\"widget\" data-e-type=\"widget\" data-widget_type=\"heading.default\">\n\t\t\t\t<div class=\"elementor-widget-container\">\n\t\t\t\t\t<h2 class=\"elementor-heading-title elementor-size-default\">K\u00f6pa bastu \u2013 skapa din egen oas av v\u00e4lm\u00e5ende<\/h2>\t\t\t\t<\/div>\n\t\t\t\t<\/div>\n\t\t\t\t<div class=\"elementor-element elementor-element-612c4b8 elementor-widget elementor-widget-text-editor\" data-id=\"612c4b8\" data-element_type=\"widget\" data-e-type=\"widget\" data-widget_type=\"text-editor.default\">\n\t\t\t\t<div class=\"elementor-widget-container\">\n\t\t\t\t\t\t\t\t\t<p>Att k\u00f6pa bastu \u00e4r ett utm\u00e4rkt s\u00e4tt att investera i b\u00e5de avkoppling och livskvalitet. Med en bastu hemma eller i tr\u00e4dg\u00e5rden f\u00e5r du en plats d\u00e4r du kan \u00e5terh\u00e4mta dig, slappna av och samla energi efter en l\u00e5ng dag. Oavsett om du f\u00f6redrar en mindre modell f\u00f6r tv\u00e5 personer eller en rymligare bastu f\u00f6r hela familjen, finns det flexibla l\u00f6sningar som kan anpassas efter dina \u00f6nskem\u00e5l och din milj\u00f6.&nbsp;<\/p><p>Med fokus p\u00e5 nordisk design och h\u00e5llbara material f\u00e5r du en bastu som inte bara \u00e4r funktionell, utan ocks\u00e5 sm\u00e4lter in i din omgivning och h\u00f6jer k\u00e4nslan av hemmet eller tr\u00e4dg\u00e5rden. N\u00e4r du v\u00e4ljer att k\u00f6pa bastu fr\u00e5n Sk\u00e4rg\u00e5rdsbastu f\u00e5r du personlig r\u00e5dgivning, smidig leverans och professionell installation \u2013 allt f\u00f6r att du enkelt ska kunna skapa din egen plats f\u00f6r lugn och njutning.<\/p>\t\t\t\t\t\t\t\t<\/div>\n\t\t\t\t<\/div>\n\t\t\t\t<div class=\"elementor-element elementor-element-77311b7 elementor-widget elementor-widget-heading\" data-id=\"77311b7\" data-element_type=\"widget\" data-e-type=\"widget\" data-widget_type=\"heading.default\">\n\t\t\t\t<div class=\"elementor-widget-container\">\n\t\t\t\t\t<h3 class=\"elementor-heading-title elementor-size-default\">K\u00f6pa bastu - tips f\u00f6r l\u00e5ngsiktig trivsel<\/h3>\t\t\t\t<\/div>\n\t\t\t\t<\/div>\n\t\t\t\t<div class=\"elementor-element elementor-element-ebd32fe elementor-widget elementor-widget-text-editor\" data-id=\"ebd32fe\" data-element_type=\"widget\" data-e-type=\"widget\" data-widget_type=\"text-editor.default\">\n\t\t\t\t<div class=\"elementor-widget-container\">\n\t\t\t\t\t\t\t\t\t<p>N\u00e4r du planerar att k\u00f6pa bastu \u00e4r det klokt att t\u00e4nka p\u00e5 framtida behov och hur bastun ska anv\u00e4ndas \u00f6ver tid. V\u00e4lj en modell som passar b\u00e5de nuvarande och kommande livssituationer, till exempel om familjen v\u00e4xer eller om du vill bjuda in v\u00e4nner.<\/p><p>Fundera \u00e4ven p\u00e5 om du vill ha extra funktioner som f\u00f6nster, belysning eller s\u00e4rskilda bastuaggregat. Genom att prioritera kvalitet, h\u00e5llbara material och tidl\u00f6s design f\u00e5r du en bastu som ger gl\u00e4dje och avkoppling i m\u00e5nga \u00e5r fram\u00f6ver.<\/p>\t\t\t\t\t\t\t\t<\/div>\n\t\t\t\t<\/div>\n\t\t\t\t<div class=\"elementor-element elementor-element-2806323 elementor-widget elementor-widget-heading\" data-id=\"2806323\" data-element_type=\"widget\" data-e-type=\"widget\" data-widget_type=\"heading.default\">\n\t\t\t\t<div class=\"elementor-widget-container\">\n\t\t\t\t\t<h3 class=\"elementor-heading-title elementor-size-default\">F\u00f6rdelar med att k\u00f6pa bastu till hem och tr\u00e4dg\u00e5rd<\/h3>\t\t\t\t<\/div>\n\t\t\t\t<\/div>\n\t\t\t\t<div class=\"elementor-element elementor-element-5e69dee elementor-widget elementor-widget-text-editor\" data-id=\"5e69dee\" data-element_type=\"widget\" data-e-type=\"widget\" data-widget_type=\"text-editor.default\">\n\t\t\t\t<div class=\"elementor-widget-container\">\n\t\t\t\t\t\t\t\t\t<p>Att k\u00f6pa bastu ger dig en unik m\u00f6jlighet att skapa en plats f\u00f6r \u00e5terh\u00e4mtning och v\u00e4lbefinnande, oavsett om du placerar den i tr\u00e4dg\u00e5rden eller inomhus. En bastu \u00e4r inte bara en investering i komfort, utan ocks\u00e5 i din h\u00e4lsa och vardagslyx.&nbsp;<\/p><p>Med smarta l\u00f6sningar och h\u00e5llbara material f\u00e5r du en bastu som h\u00e5ller i m\u00e5nga \u00e5r och blir en naturlig samlingspunkt f\u00f6r b\u00e5de avkoppling och sociala stunder. Dessutom kan du anpassa bastun efter din stil och dina behov, vilket g\u00f6r den till ett personligt inslag i ditt hem eller din utemilj\u00f6.<\/p>\t\t\t\t\t\t\t\t<\/div>\n\t\t\t\t<\/div>\n\t\t\t\t<div class=\"elementor-element elementor-element-3e3e078 elementor-widget elementor-widget-image\" data-id=\"3e3e078\" data-element_type=\"widget\" data-e-type=\"widget\" data-widget_type=\"image.default\">\n\t\t\t\t<div class=\"elementor-widget-container\">\n\t\t\t\t\t\t\t\t\t\t\t\t\t\t\t<img fetchpriority=\"high\" decoding=\"async\" width=\"800\" height=\"534\" src=\"https:\/\/skargardsbastu.se\/wp-content\/uploads\/2026\/02\/13.nordic-outdoor-sauna-1024x683.jpg\" class=\"attachment-large size-large wp-image-2718 wvs-archive-product-image\" alt=\"K\u00f6pa bastu hos Sk\u00e4rg\u00e5rdsbastu - skr\u00e4ddarsydd nordisk design f\u00f6r hem och tr\u00e4dg\u00e5rd.\" srcset=\"https:\/\/skargardsbastu.se\/wp-content\/uploads\/2026\/02\/13.nordic-outdoor-sauna-1024x683.jpg 1024w, https:\/\/skargardsbastu.se\/wp-content\/uploads\/2026\/02\/13.nordic-outdoor-sauna-300x200.jpg 300w, https:\/\/skargardsbastu.se\/wp-content\/uploads\/2026\/02\/13.nordic-outdoor-sauna-768x512.jpg 768w, https:\/\/skargardsbastu.se\/wp-content\/uploads\/2026\/02\/13.nordic-outdoor-sauna-1536x1024.jpg 1536w, https:\/\/skargardsbastu.se\/wp-content\/uploads\/2026\/02\/13.nordic-outdoor-sauna-600x400.jpg 600w, https:\/\/skargardsbastu.se\/wp-content\/uploads\/2026\/02\/13.nordic-outdoor-sauna.jpg 1920w\" sizes=\"(max-width: 800px) 100vw, 800px\" \/>\t\t\t\t\t\t\t\t\t\t\t\t\t\t\t<\/div>\n\t\t\t\t<\/div>\n\t\t\t\t\t<\/div>\n\t\t\t\t<\/div>\n\t\t<div class=\"elementor-element elementor-element-2e5fa02 e-flex e-con-boxed e-con e-parent\" data-id=\"2e5fa02\" data-element_type=\"container\" data-e-type=\"container\" data-settings=\"{&quot;background_background&quot;:&quot;classic&quot;}\">\n\t\t\t\t\t<div class=\"e-con-inner\">\n\t\t\t\t<div class=\"elementor-element elementor-element-09be1fd elementor-widget elementor-widget-heading\" data-id=\"09be1fd\" data-element_type=\"widget\" data-e-type=\"widget\" data-widget_type=\"heading.default\">\n\t\t\t\t<div class=\"elementor-widget-container\">\n\t\t\t\t\t<h2 class=\"elementor-heading-title elementor-size-default\">Kontakta oss f\u00f6r mer information<\/h2>\t\t\t\t<\/div>\n\t\t\t\t<\/div>\n\t\t\t\t<div class=\"elementor-element elementor-element-e2146fe elementor-widget elementor-widget-text-editor\" data-id=\"e2146fe\" data-element_type=\"widget\" data-e-type=\"widget\" data-widget_type=\"text-editor.default\">\n\t\t\t\t<div class=\"elementor-widget-container\">\n\t\t\t\t\t\t\t\t\t<p><span style=\"font-weight: 400;\">Att k\u00f6pa bastu ska vara enkelt och tryggt. Hos oss f\u00e5r du inte bara en produkt, utan en komplett l\u00f6sning \u2013 fr\u00e5n r\u00e5dgivning och best\u00e4llning till leverans och installation. Vi guidar dig g\u00e4rna i valet av den frist\u00e5ende bastu som passar b\u00e4st i just din tr\u00e4dg\u00e5rd och ser till att varje steg i processen blir smidigt. Kontakta oss idag f\u00f6r att ta f\u00f6rsta steget mot att f\u00f6rverkliga din bastudr\u00f6m. <\/span><\/p>\t\t\t\t\t\t\t\t<\/div>\n\t\t\t\t<\/div>\n\t\t\t\t<div class=\"elementor-element elementor-element-6d55090 elementor-align-center elementor-widget elementor-widget-button\" data-id=\"6d55090\" data-element_type=\"widget\" data-e-type=\"widget\" data-widget_type=\"button.default\">\n\t\t\t\t<div class=\"elementor-widget-container\">\n\t\t\t\t\t\t\t\t\t<div class=\"elementor-button-wrapper\">\n\t\t\t\t\t<a class=\"elementor-button elementor-button-link elementor-size-sm\" href=\"https:\/\/skargardsbastu.se\/kontakt\/\">\n\t\t\t\t\t\t<span class=\"elementor-button-content-wrapper\">\n\t\t\t\t\t\t\t\t\t<span class=\"elementor-button-text\">Kontakta oss<\/span>\n\t\t\t\t\t<\/span>\n\t\t\t\t\t<\/a>\n\t\t\t\t<\/div>\n\t\t\t\t\t\t\t\t<\/div>\n\t\t\t\t<\/div>\n\t\t\t\t\t<\/div>\n\t\t\t\t<\/div>\n\t\t<div class=\"elementor-element elementor-element-72077ca e-flex e-con-boxed e-con e-parent\" data-id=\"72077ca\" data-element_type=\"container\" data-e-type=\"container\">\n\t\t\t\t\t<div class=\"e-con-inner\">\n\t\t\t\t<div class=\"elementor-element elementor-element-74b015b elementor-widget elementor-widget-spacer\" data-id=\"74b015b\" data-element_type=\"widget\" data-e-type=\"widget\" data-widget_type=\"spacer.default\">\n\t\t\t\t<div class=\"elementor-widget-container\">\n\t\t\t\t\t\t\t<div class=\"elementor-spacer\">\n\t\t\t<div class=\"elementor-spacer-inner\"><\/div>\n\t\t<\/div>\n\t\t\t\t\t\t<\/div>\n\t\t\t\t<\/div>\n\t\t\t\t<div class=\"elementor-element elementor-element-80805b0 elementor-widget elementor-widget-heading\" data-id=\"80805b0\" data-element_type=\"widget\" data-e-type=\"widget\" data-widget_type=\"heading.default\">\n\t\t\t\t<div class=\"elementor-widget-container\">\n\t\t\t\t\t<h4 class=\"elementor-heading-title elementor-size-default\">Fr\u00e5gor &amp; Svar<\/h4>\t\t\t\t<\/div>\n\t\t\t\t<\/div>\n\t\t\t\t<div class=\"elementor-element elementor-element-6cb3413 elementor-widget elementor-widget-text-editor\" data-id=\"6cb3413\" data-element_type=\"widget\" data-e-type=\"widget\" data-widget_type=\"text-editor.default\">\n\t\t\t\t<div class=\"elementor-widget-container\">\n\t\t\t\t\t\t\t\t\t<p data-start=\"0\" data-end=\"324\"><strong data-start=\"0\" data-end=\"77\">Vilka f\u00f6rdelar finns det med att k\u00f6pa bastu till hemmet eller tr\u00e4dg\u00e5rden?<\/strong><br data-start=\"77\" data-end=\"80\" \/>Att k\u00f6pa bastu ger dig en egen plats f\u00f6r avkoppling och \u00e5terh\u00e4mtning. En bastu h\u00f6jer livskvaliteten, bidrar till b\u00e4ttre h\u00e4lsa och skapar en naturlig samlingspunkt f\u00f6r familj och v\u00e4nner. Dessutom kan bastun anpassas efter din stil och omgivning.<\/p><p data-start=\"326\" data-end=\"620\"><strong data-start=\"326\" data-end=\"380\">Hur v\u00e4ljer jag r\u00e4tt bastu n\u00e4r jag vill k\u00f6pa bastu?<\/strong><br data-start=\"380\" data-end=\"383\" \/>N\u00e4r du ska k\u00f6pa bastu \u00e4r det viktigt att t\u00e4nka p\u00e5 storlek, placering och design. Fundera p\u00e5 om bastun ska vara inomhus eller utomhus, hur m\u00e5nga personer som ska anv\u00e4nda den och vilka material som passar b\u00e4st f\u00f6r din milj\u00f6 och dina behov.<\/p><p data-start=\"622\" data-end=\"943\"><strong data-start=\"622\" data-end=\"692\">Vad ing\u00e5r vid k\u00f6p av bastu fr\u00e5n ett f\u00f6retag med personlig service?<\/strong><br data-start=\"692\" data-end=\"695\" \/>Vid k\u00f6p av bastu med personlig service f\u00e5r du r\u00e5dgivning, hj\u00e4lp med val av modell, smidig leverans och professionell installation. Du f\u00e5r en helhetsl\u00f6sning d\u00e4r varje steg anpassas efter dina \u00f6nskem\u00e5l och du kan k\u00e4nna dig trygg genom hela processen.<\/p><p data-start=\"945\" data-end=\"1246\" data-is-last-node=\"\" data-is-only-node=\"\"><strong data-start=\"945\" data-end=\"1013\">Vilka material och designval \u00e4r viktiga n\u00e4r man vill k\u00f6pa bastu?<\/strong><br data-start=\"1013\" data-end=\"1016\" \/>N\u00e4r du vill k\u00f6pa bastu \u00e4r det viktigt att v\u00e4lja h\u00e5llbara material som t\u00e5l v\u00e4rme och fukt, exempelvis nordiskt tr\u00e4. Designen b\u00f6r anpassas efter din stil och omgivning f\u00f6r att skapa en harmonisk och funktionell plats f\u00f6r avkoppling.<\/p>\t\t\t\t\t\t\t\t<\/div>\n\t\t\t\t<\/div>\n\t\t\t\t<div class=\"elementor-element elementor-element-6be2cf0 elementor-widget elementor-widget-spacer\" data-id=\"6be2cf0\" data-element_type=\"widget\" data-e-type=\"widget\" data-widget_type=\"spacer.default\">\n\t\t\t\t<div class=\"elementor-widget-container\">\n\t\t\t\t\t\t\t<div class=\"elementor-spacer\">\n\t\t\t<div class=\"elementor-spacer-inner\"><\/div>\n\t\t<\/div>\n\t\t\t\t\t\t<\/div>\n\t\t\t\t<\/div>\n\t\t\t\t\t<\/div>\n\t\t\t\t<\/div>\n\t\t\t\t<\/div>\n\t\t","protected":false},"excerpt":{"rendered":"<p>K\u00f6pa bastu \u2013 skr\u00e4ddarsydd bastu f\u00f6r hem och tr\u00e4dg\u00e5rd Din personliga plats f\u00f6r avkoppling \u00a0 Att k\u00f6pa bastu \u00e4r ett s\u00e4tt att skapa en egen plats f\u00f6r avkoppling och v\u00e4lm\u00e5ende, oavsett om du vill njuta utomhus i tr\u00e4dg\u00e5rden eller inomhus i hemmet. Med fokus p\u00e5 nordisk design och kvalitet kan du v\u00e4lja mellan flera f\u00e4rdiga [&hellip;]<\/p>\n","protected":false},"author":5,"featured_media":0,"parent":0,"menu_order":0,"comment_status":"closed","ping_status":"closed","template":"","meta":{"_acf_changed":false,"footnotes":""},"class_list":["post-1970","page","type-page","status-publish","hentry"],"acf":[],"yoast_head":"<!-- This site is optimized with the Yoast SEO Premium plugin v27.0 (Yoast SEO v27.0) - https:\/\/yoast.com\/product\/yoast-seo-premium-wordpress\/ -->\n<title>K\u00f6pa bastu \u2013 skr\u00e4ddarsydd bastu f\u00f6r hem och tr\u00e4dg\u00e5rd<\/title>\n<meta name=\"description\" content=\"K\u00f6p bastu och skapa din egen plats f\u00f6r avkoppling med nordisk design, h\u00f6g kvalitet och personlig r\u00e5dgivning f\u00f6r b\u00e5de ute och inne.\" \/>\n<meta name=\"robots\" content=\"index, follow, max-snippet:-1, max-image-preview:large, max-video-preview:-1\" \/>\n<link rel=\"canonical\" href=\"https:\/\/skargardsbastu.se\/nb\/kopa-bastu\/\" \/>\n<meta property=\"og:locale\" content=\"nb_NO\" \/>\n<meta property=\"og:type\" content=\"article\" \/>\n<meta property=\"og:title\" content=\"K\u00f6pa bastu\" \/>\n<meta property=\"og:description\" content=\"K\u00f6p bastu och skapa din egen plats f\u00f6r avkoppling med nordisk design, h\u00f6g kvalitet och personlig r\u00e5dgivning f\u00f6r b\u00e5de ute och inne.\" \/>\n<meta property=\"og:url\" content=\"https:\/\/skargardsbastu.se\/nb\/kopa-bastu\/\" \/>\n<meta property=\"og:site_name\" content=\"Sk\u00e4rg\u00e5rdsbastu\" \/>\n<meta property=\"article:modified_time\" content=\"2026-02-26T14:17:14+00:00\" \/>\n<meta property=\"og:image\" content=\"https:\/\/skargardsbastu.se\/wp-content\/uploads\/2026\/02\/13.nordic-outdoor-sauna.jpg\" \/>\n\t<meta property=\"og:image:width\" content=\"1920\" \/>\n\t<meta property=\"og:image:height\" content=\"1280\" \/>\n\t<meta property=\"og:image:type\" content=\"image\/jpeg\" \/>\n<meta name=\"twitter:card\" content=\"summary_large_image\" \/>\n<meta name=\"twitter:label1\" content=\"Ansl. lesetid\" \/>\n\t<meta name=\"twitter:data1\" content=\"4 minutter\" \/>\n<script type=\"application\/ld+json\" class=\"yoast-schema-graph\">{\"@context\":\"https:\/\/schema.org\",\"@graph\":[{\"@type\":\"WebPage\",\"@id\":\"https:\/\/skargardsbastu.se\/kopa-bastu\/\",\"url\":\"https:\/\/skargardsbastu.se\/kopa-bastu\/\",\"name\":\"K\u00f6pa bastu \u2013 skr\u00e4ddarsydd bastu f\u00f6r hem och tr\u00e4dg\u00e5rd\",\"isPartOf\":{\"@id\":\"https:\/\/skargardsbastu.se\/#website\"},\"primaryImageOfPage\":{\"@id\":\"https:\/\/skargardsbastu.se\/kopa-bastu\/#primaryimage\"},\"image\":{\"@id\":\"https:\/\/skargardsbastu.se\/kopa-bastu\/#primaryimage\"},\"thumbnailUrl\":\"https:\/\/skargardsbastu.se\/wp-content\/uploads\/2026\/02\/13.nordic-outdoor-sauna-1024x683.jpg\",\"datePublished\":\"2025-07-25T11:51:15+00:00\",\"dateModified\":\"2026-02-26T14:17:14+00:00\",\"description\":\"K\u00f6p bastu och skapa din egen plats f\u00f6r avkoppling med nordisk design, h\u00f6g kvalitet och personlig r\u00e5dgivning f\u00f6r b\u00e5de ute och inne.\",\"breadcrumb\":{\"@id\":\"https:\/\/skargardsbastu.se\/kopa-bastu\/#breadcrumb\"},\"inLanguage\":\"nb-NO\",\"potentialAction\":[{\"@type\":\"ReadAction\",\"target\":[\"https:\/\/skargardsbastu.se\/kopa-bastu\/\"]}]},{\"@type\":\"ImageObject\",\"inLanguage\":\"nb-NO\",\"@id\":\"https:\/\/skargardsbastu.se\/kopa-bastu\/#primaryimage\",\"url\":\"https:\/\/skargardsbastu.se\/wp-content\/uploads\/2026\/02\/13.nordic-outdoor-sauna-1024x683.jpg\",\"contentUrl\":\"https:\/\/skargardsbastu.se\/wp-content\/uploads\/2026\/02\/13.nordic-outdoor-sauna-1024x683.jpg\"},{\"@type\":\"BreadcrumbList\",\"@id\":\"https:\/\/skargardsbastu.se\/kopa-bastu\/#breadcrumb\",\"itemListElement\":[{\"@type\":\"ListItem\",\"position\":1,\"name\":\"Home\",\"item\":\"https:\/\/skargardsbastu.se\/\"},{\"@type\":\"ListItem\",\"position\":2,\"name\":\"K\u00f6pa bastu\"}]},{\"@type\":\"WebSite\",\"@id\":\"https:\/\/skargardsbastu.se\/#website\",\"url\":\"https:\/\/skargardsbastu.se\/\",\"name\":\"Sk\u00e4rg\u00e5rdsbastu\",\"description\":\"Din bastudr\u00f6m b\u00f6rjar h\u00e4r\",\"publisher\":{\"@id\":\"https:\/\/skargardsbastu.se\/#organization\"},\"potentialAction\":[{\"@type\":\"SearchAction\",\"target\":{\"@type\":\"EntryPoint\",\"urlTemplate\":\"https:\/\/skargardsbastu.se\/?s={search_term_string}\"},\"query-input\":{\"@type\":\"PropertyValueSpecification\",\"valueRequired\":true,\"valueName\":\"search_term_string\"}}],\"inLanguage\":\"nb-NO\"},{\"@type\":\"Organization\",\"@id\":\"https:\/\/skargardsbastu.se\/#organization\",\"name\":\"Sk\u00e4rg\u00e5rdsbastu\",\"url\":\"https:\/\/skargardsbastu.se\/\",\"logo\":{\"@type\":\"ImageObject\",\"inLanguage\":\"nb-NO\",\"@id\":\"https:\/\/skargardsbastu.se\/#\/schema\/logo\/image\/\",\"url\":\"https:\/\/skargardsbastu.se\/wp-content\/uploads\/2025\/05\/T-4-e1748611164195.png\",\"contentUrl\":\"https:\/\/skargardsbastu.se\/wp-content\/uploads\/2025\/05\/T-4-e1748611164195.png\",\"width\":263,\"height\":252,\"caption\":\"Sk\u00e4rg\u00e5rdsbastu\"},\"image\":{\"@id\":\"https:\/\/skargardsbastu.se\/#\/schema\/logo\/image\/\"}}]}<\/script>\n<!-- \/ Yoast SEO Premium plugin. -->","yoast_head_json":{"title":"K\u00f6pa bastu \u2013 skr\u00e4ddarsydd bastu f\u00f6r hem och tr\u00e4dg\u00e5rd","description":"K\u00f6p bastu och skapa din egen plats f\u00f6r avkoppling med nordisk design, h\u00f6g kvalitet och personlig r\u00e5dgivning f\u00f6r b\u00e5de ute och inne.","robots":{"index":"index","follow":"follow","max-snippet":"max-snippet:-1","max-image-preview":"max-image-preview:large","max-video-preview":"max-video-preview:-1"},"canonical":"https:\/\/skargardsbastu.se\/nb\/kopa-bastu\/","og_locale":"nb_NO","og_type":"article","og_title":"K\u00f6pa bastu","og_description":"K\u00f6p bastu och skapa din egen plats f\u00f6r avkoppling med nordisk design, h\u00f6g kvalitet och personlig r\u00e5dgivning f\u00f6r b\u00e5de ute och inne.","og_url":"https:\/\/skargardsbastu.se\/nb\/kopa-bastu\/","og_site_name":"Sk\u00e4rg\u00e5rdsbastu","article_modified_time":"2026-02-26T14:17:14+00:00","og_image":[{"width":1920,"height":1280,"url":"https:\/\/skargardsbastu.se\/wp-content\/uploads\/2026\/02\/13.nordic-outdoor-sauna.jpg","type":"image\/jpeg"}],"twitter_card":"summary_large_image","twitter_misc":{"Ansl. lesetid":"4 minutter"},"schema":{"@context":"https:\/\/schema.org","@graph":[{"@type":"WebPage","@id":"https:\/\/skargardsbastu.se\/kopa-bastu\/","url":"https:\/\/skargardsbastu.se\/kopa-bastu\/","name":"K\u00f6pa bastu \u2013 skr\u00e4ddarsydd bastu f\u00f6r hem och tr\u00e4dg\u00e5rd","isPartOf":{"@id":"https:\/\/skargardsbastu.se\/#website"},"primaryImageOfPage":{"@id":"https:\/\/skargardsbastu.se\/kopa-bastu\/#primaryimage"},"image":{"@id":"https:\/\/skargardsbastu.se\/kopa-bastu\/#primaryimage"},"thumbnailUrl":"https:\/\/skargardsbastu.se\/wp-content\/uploads\/2026\/02\/13.nordic-outdoor-sauna-1024x683.jpg","datePublished":"2025-07-25T11:51:15+00:00","dateModified":"2026-02-26T14:17:14+00:00","description":"K\u00f6p bastu och skapa din egen plats f\u00f6r avkoppling med nordisk design, h\u00f6g kvalitet och personlig r\u00e5dgivning f\u00f6r b\u00e5de ute och inne.","breadcrumb":{"@id":"https:\/\/skargardsbastu.se\/kopa-bastu\/#breadcrumb"},"inLanguage":"nb-NO","potentialAction":[{"@type":"ReadAction","target":["https:\/\/skargardsbastu.se\/kopa-bastu\/"]}]},{"@type":"ImageObject","inLanguage":"nb-NO","@id":"https:\/\/skargardsbastu.se\/kopa-bastu\/#primaryimage","url":"https:\/\/skargardsbastu.se\/wp-content\/uploads\/2026\/02\/13.nordic-outdoor-sauna-1024x683.jpg","contentUrl":"https:\/\/skargardsbastu.se\/wp-content\/uploads\/2026\/02\/13.nordic-outdoor-sauna-1024x683.jpg"},{"@type":"BreadcrumbList","@id":"https:\/\/skargardsbastu.se\/kopa-bastu\/#breadcrumb","itemListElement":[{"@type":"ListItem","position":1,"name":"Home","item":"https:\/\/skargardsbastu.se\/"},{"@type":"ListItem","position":2,"name":"K\u00f6pa bastu"}]},{"@type":"WebSite","@id":"https:\/\/skargardsbastu.se\/#website","url":"https:\/\/skargardsbastu.se\/","name":"Archipelago badstue","description":"Din badstuedr\u00f8m starter her","publisher":{"@id":"https:\/\/skargardsbastu.se\/#organization"},"potentialAction":[{"@type":"SearchAction","target":{"@type":"EntryPoint","urlTemplate":"https:\/\/skargardsbastu.se\/?s={search_term_string}"},"query-input":{"@type":"PropertyValueSpecification","valueRequired":true,"valueName":"search_term_string"}}],"inLanguage":"nb-NO"},{"@type":"Organization","@id":"https:\/\/skargardsbastu.se\/#organization","name":"Archipelago badstue","url":"https:\/\/skargardsbastu.se\/","logo":{"@type":"ImageObject","inLanguage":"nb-NO","@id":"https:\/\/skargardsbastu.se\/#\/schema\/logo\/image\/","url":"https:\/\/skargardsbastu.se\/wp-content\/uploads\/2025\/05\/T-4-e1748611164195.png","contentUrl":"https:\/\/skargardsbastu.se\/wp-content\/uploads\/2025\/05\/T-4-e1748611164195.png","width":263,"height":252,"caption":"Sk\u00e4rg\u00e5rdsbastu"},"image":{"@id":"https:\/\/skargardsbastu.se\/#\/schema\/logo\/image\/"}}]}},"_links":{"self":[{"href":"https:\/\/skargardsbastu.se\/nb\/wp-json\/wp\/v2\/pages\/1970","targetHints":{"allow":["GET"]}}],"collection":[{"href":"https:\/\/skargardsbastu.se\/nb\/wp-json\/wp\/v2\/pages"}],"about":[{"href":"https:\/\/skargardsbastu.se\/nb\/wp-json\/wp\/v2\/types\/page"}],"author":[{"embeddable":true,"href":"https:\/\/skargardsbastu.se\/nb\/wp-json\/wp\/v2\/users\/5"}],"replies":[{"embeddable":true,"href":"https:\/\/skargardsbastu.se\/nb\/wp-json\/wp\/v2\/comments?post=1970"}],"version-history":[{"count":22,"href":"https:\/\/skargardsbastu.se\/nb\/wp-json\/wp\/v2\/pages\/1970\/revisions"}],"predecessor-version":[{"id":2759,"href":"https:\/\/skargardsbastu.se\/nb\/wp-json\/wp\/v2\/pages\/1970\/revisions\/2759"}],"wp:attachment":[{"href":"https:\/\/skargardsbastu.se\/nb\/wp-json\/wp\/v2\/media?parent=1970"}],"curies":[{"name":"wp","href":"https:\/\/api.w.org\/{rel}","templated":true}]}}