{"id":1929,"date":"2025-07-21T13:17:16","date_gmt":"2025-07-21T13:17:16","guid":{"rendered":"https:\/\/skargardsbastu.se\/?page_id=1929"},"modified":"2026-02-26T14:16:22","modified_gmt":"2026-02-26T14:16:22","slug":"fardiga-bastur","status":"publish","type":"page","link":"https:\/\/skargardsbastu.se\/nb\/fardiga-bastur\/","title":{"rendered":"F\u00e4rdiga bastur"},"content":{"rendered":"<div data-elementor-type=\"wp-page\" data-elementor-id=\"1929\" class=\"elementor elementor-1929\" data-elementor-post-type=\"page\">\n\t\t\t\t<div class=\"elementor-element elementor-element-16ab287 e-flex e-con-boxed e-con e-parent\" data-id=\"16ab287\" data-element_type=\"container\" data-e-type=\"container\" data-settings=\"{&quot;background_background&quot;:&quot;classic&quot;}\">\n\t\t\t\t\t<div class=\"e-con-inner\">\n\t\t<div class=\"elementor-element elementor-element-2047fd4 e-con-full e-flex e-con e-child\" data-id=\"2047fd4\" data-element_type=\"container\" data-e-type=\"container\" data-settings=\"{&quot;background_background&quot;:&quot;classic&quot;}\">\n\t\t\t\t<div class=\"elementor-element elementor-element-08d4da7 elementor-widget elementor-widget-heading\" data-id=\"08d4da7\" data-element_type=\"widget\" data-e-type=\"widget\" data-widget_type=\"heading.default\">\n\t\t\t\t<div class=\"elementor-widget-container\">\n\t\t\t\t\t<h1 class=\"elementor-heading-title elementor-size-default\">F\u00e4rdiga bastur f\u00f6r enkel installation och maximal komfort<\/h1>\t\t\t\t<\/div>\n\t\t\t\t<\/div>\n\t\t\t\t<div class=\"elementor-element elementor-element-96de6d7 elementor-widget__width-initial elementor-widget-mobile__width-inherit elementor-widget elementor-widget-text-editor\" data-id=\"96de6d7\" data-element_type=\"widget\" data-e-type=\"widget\" data-widget_type=\"text-editor.default\">\n\t\t\t\t<div class=\"elementor-widget-container\">\n\t\t\t\t\t\t\t\t\t<p>Det perfekta valet f\u00f6r dig som vill njuta av bastubad utan kr\u00e5ngel med byggnation och montering.<\/p>\t\t\t\t\t\t\t\t<\/div>\n\t\t\t\t<\/div>\n\t\t\t\t<\/div>\n\t\t\t\t\t<\/div>\n\t\t\t\t<\/div>\n\t\t<div class=\"elementor-element elementor-element-551071a e-flex e-con-boxed e-con e-parent\" data-id=\"551071a\" data-element_type=\"container\" data-e-type=\"container\" data-settings=\"{&quot;background_background&quot;:&quot;classic&quot;}\">\n\t\t\t\t\t<div class=\"e-con-inner\">\n\t\t\t\t<div class=\"elementor-element elementor-element-5ff47b8 elementor-widget elementor-widget-text-editor\" data-id=\"5ff47b8\" data-element_type=\"widget\" data-e-type=\"widget\" data-widget_type=\"text-editor.default\">\n\t\t\t\t<div class=\"elementor-widget-container\">\n\t\t\t\t\t\t\t\t\t<p>F\u00e4rdiga bastur \u00e4r det perfekta valet f\u00f6r dig som vill njuta av bastubad utan kr\u00e5ngel med byggnation och montering. Med en f\u00e4rdig bastu fr\u00e5n Sk\u00e4rg\u00e5rdsbastu f\u00e5r du en helhetsl\u00f6sning d\u00e4r varje detalj \u00e4r noggrant utformad f\u00f6r att skapa maximal komfort och avkoppling. Oavsett om du dr\u00f6mmer om en bastu i tr\u00e4dg\u00e5rden eller ett elegant basturum inomhus, finns det modeller som passar b\u00e5de sm\u00e5 och stora s\u00e4llskap.<\/p><p>De f\u00e4rdiga bastul\u00f6sningarna bygger p\u00e5 nordisk design och h\u00f6gkvalitativa material, vilket ger l\u00e5ng h\u00e5llbarhet och en tidl\u00f6s k\u00e4nsla. V\u00e4lj mellan klassiska vedeldade bastur eller moderna elaggregat med smarta funktioner \u2013 alltid med fokus p\u00e5 enkel installation och smidig leverans. Skapa din egen oas och njut av avkopplande stunder \u00e5ret om med en f\u00e4rdig bastu som \u00e4r anpassad efter dina \u00f6nskem\u00e5l och din livsstil.<\/p>\t\t\t\t\t\t\t\t<\/div>\n\t\t\t\t<\/div>\n\t\t\t\t<div class=\"elementor-element elementor-element-9a7f0a4 elementor-widget elementor-widget-heading\" data-id=\"9a7f0a4\" data-element_type=\"widget\" data-e-type=\"widget\" data-widget_type=\"heading.default\">\n\t\t\t\t<div class=\"elementor-widget-container\">\n\t\t\t\t\t<h2 class=\"elementor-heading-title elementor-size-default\">F\u00e4rdiga bastur \u2013 enkel v\u00e4g till avkoppling hemma<\/h2>\t\t\t\t<\/div>\n\t\t\t\t<\/div>\n\t\t\t\t<div class=\"elementor-element elementor-element-90fce5f elementor-widget elementor-widget-text-editor\" data-id=\"90fce5f\" data-element_type=\"widget\" data-e-type=\"widget\" data-widget_type=\"text-editor.default\">\n\t\t\t\t<div class=\"elementor-widget-container\">\n\t\t\t\t\t\t\t\t\t<p>F\u00e4rdiga bastur \u00e4r det smarta valet f\u00f6r dig som vill njuta av bastubad utan att beh\u00f6va t\u00e4nka p\u00e5 byggnation eller komplicerad montering. Med en f\u00e4rdig bastu fr\u00e5n Sk\u00e4rg\u00e5rdsbastu f\u00e5r du en komplett l\u00f6sning d\u00e4r varje detalj \u00e4r noggrant utformad f\u00f6r att ge maximal komfort och avkoppling. Oavsett om du vill placera bastun i tr\u00e4dg\u00e5rden eller skapa ett elegant basturum inomhus finns det modeller som passar b\u00e5de sm\u00e5 och stora s\u00e4llskap.&nbsp;<\/p><p>De f\u00e4rdiga bastul\u00f6sningarna bygger p\u00e5 stilren nordisk design och tillverkas av h\u00f6gkvalitativa material f\u00f6r l\u00e5ng h\u00e5llbarhet och tidl\u00f6s k\u00e4nsla. Du kan v\u00e4lja mellan klassiska vedeldade bastur eller moderna elaggregat med smarta funktioner, alltid med fokus p\u00e5 enkel installation och smidig leverans. Skapa din egen oas och njut av avkopplande stunder \u00e5ret runt med en f\u00e4rdig bastu som \u00e4r anpassad efter dina \u00f6nskem\u00e5l och din livsstil.<\/p>\t\t\t\t\t\t\t\t<\/div>\n\t\t\t\t<\/div>\n\t\t\t\t<div class=\"elementor-element elementor-element-89ad9e8 elementor-widget elementor-widget-heading\" data-id=\"89ad9e8\" data-element_type=\"widget\" data-e-type=\"widget\" data-widget_type=\"heading.default\">\n\t\t\t\t<div class=\"elementor-widget-container\">\n\t\t\t\t\t<h3 class=\"elementor-heading-title elementor-size-default\">F\u00f6rdelar med f\u00e4rdiga bastur f\u00f6r hem och tr\u00e4dg\u00e5rd<\/h3>\t\t\t\t<\/div>\n\t\t\t\t<\/div>\n\t\t\t\t<div class=\"elementor-element elementor-element-f5015c6 elementor-widget elementor-widget-text-editor\" data-id=\"f5015c6\" data-element_type=\"widget\" data-e-type=\"widget\" data-widget_type=\"text-editor.default\">\n\t\t\t\t<div class=\"elementor-widget-container\">\n\t\t\t\t\t\t\t\t\t<p>F\u00e4rdiga bastur erbjuder en rad f\u00f6rdelar f\u00f6r dig som vill ha en smidig och bekv\u00e4m l\u00f6sning f\u00f6r avkoppling hemma. Du slipper tidskr\u00e4vande byggprojekt och f\u00e5r ist\u00e4llet en komplett bastu som snabbt kan installeras b\u00e5de utomhus och inomhus. Med h\u00f6gkvalitativa material och genomt\u00e4nkt nordisk design f\u00e5r du en bastu som h\u00e5ller l\u00e4nge och ger en tidl\u00f6s k\u00e4nsla.<\/p><p>Dessutom kan du anpassa bastun efter dina behov, oavsett om du vill ha en kompakt modell f\u00f6r mindre utrymmen eller en st\u00f6rre bastu f\u00f6r hela familjen. Njut av bastubad \u00e5ret runt med minimal anstr\u00e4ngning.<\/p>\t\t\t\t\t\t\t\t<\/div>\n\t\t\t\t<\/div>\n\t\t\t\t<div class=\"elementor-element elementor-element-f29dc58 elementor-widget elementor-widget-heading\" data-id=\"f29dc58\" data-element_type=\"widget\" data-e-type=\"widget\" data-widget_type=\"heading.default\">\n\t\t\t\t<div class=\"elementor-widget-container\">\n\t\t\t\t\t<h3 class=\"elementor-heading-title elementor-size-default\">S\u00e5 v\u00e4ljer du r\u00e4tt f\u00e4rdig bastu f\u00f6r dina behov<\/h3>\t\t\t\t<\/div>\n\t\t\t\t<\/div>\n\t\t\t\t<div class=\"elementor-element elementor-element-4d77111 elementor-widget elementor-widget-text-editor\" data-id=\"4d77111\" data-element_type=\"widget\" data-e-type=\"widget\" data-widget_type=\"text-editor.default\">\n\t\t\t\t<div class=\"elementor-widget-container\">\n\t\t\t\t\t\t\t\t\t<p>Att v\u00e4lja r\u00e4tt f\u00e4rdig bastu inneb\u00e4r att matcha storlek, design och funktion med din livsstil och dina \u00f6nskem\u00e5l. Fundera p\u00e5 om bastun ska placeras utomhus i tr\u00e4dg\u00e5rden eller vara en stilfull detalj inomhus. \u00d6verv\u00e4g \u00e4ven om du vill ha en vedeldad bastu f\u00f6r en traditionell k\u00e4nsla eller ett elaggregat f\u00f6r enkel anv\u00e4ndning.&nbsp;<\/p><p>Med flexibla modeller och flera tillval kan du skapa en bastu som passar b\u00e5de sm\u00e5 och stora s\u00e4llskap, samtidigt som installationen \u00e4r smidig och bekymmersfri. P\u00e5 s\u00e5 vis f\u00e5r du en bastu som ger gl\u00e4dje och avkoppling i m\u00e5nga \u00e5r.<\/p>\t\t\t\t\t\t\t\t<\/div>\n\t\t\t\t<\/div>\n\t\t\t\t<div class=\"elementor-element elementor-element-f6441fc elementor-widget elementor-widget-image\" data-id=\"f6441fc\" data-element_type=\"widget\" data-e-type=\"widget\" data-widget_type=\"image.default\">\n\t\t\t\t<div class=\"elementor-widget-container\">\n\t\t\t\t\t\t\t\t\t\t\t\t\t\t\t<img fetchpriority=\"high\" decoding=\"async\" width=\"800\" height=\"534\" src=\"https:\/\/skargardsbastu.se\/wp-content\/uploads\/2026\/02\/12.scandinavian-relaxation-1024x683.jpg\" class=\"attachment-large size-large wp-image-2717 wvs-archive-product-image\" alt=\"Exklusiva f\u00e4rdiga bastur f\u00f6r hem och tr\u00e4dg\u00e5rd - v\u00e4lj mellan vedeldad eller elbastu.\" srcset=\"https:\/\/skargardsbastu.se\/wp-content\/uploads\/2026\/02\/12.scandinavian-relaxation-1024x683.jpg 1024w, https:\/\/skargardsbastu.se\/wp-content\/uploads\/2026\/02\/12.scandinavian-relaxation-300x200.jpg 300w, https:\/\/skargardsbastu.se\/wp-content\/uploads\/2026\/02\/12.scandinavian-relaxation-768x512.jpg 768w, https:\/\/skargardsbastu.se\/wp-content\/uploads\/2026\/02\/12.scandinavian-relaxation-1536x1025.jpg 1536w, https:\/\/skargardsbastu.se\/wp-content\/uploads\/2026\/02\/12.scandinavian-relaxation-600x400.jpg 600w, https:\/\/skargardsbastu.se\/wp-content\/uploads\/2026\/02\/12.scandinavian-relaxation.jpg 1920w\" sizes=\"(max-width: 800px) 100vw, 800px\" \/>\t\t\t\t\t\t\t\t\t\t\t\t\t\t\t<\/div>\n\t\t\t\t<\/div>\n\t\t\t\t\t<\/div>\n\t\t\t\t<\/div>\n\t\t<div class=\"elementor-element elementor-element-1be751d e-flex e-con-boxed e-con e-parent\" data-id=\"1be751d\" data-element_type=\"container\" data-e-type=\"container\" data-settings=\"{&quot;background_background&quot;:&quot;classic&quot;}\">\n\t\t\t\t\t<div class=\"e-con-inner\">\n\t\t\t\t<div class=\"elementor-element elementor-element-248a403 elementor-widget elementor-widget-heading\" data-id=\"248a403\" data-element_type=\"widget\" data-e-type=\"widget\" data-widget_type=\"heading.default\">\n\t\t\t\t<div class=\"elementor-widget-container\">\n\t\t\t\t\t<h2 class=\"elementor-heading-title elementor-size-default\">Ta det f\u00f8rste skrittet mot din dr\u00f8mmebadstue<\/h2>\t\t\t\t<\/div>\n\t\t\t\t<\/div>\n\t\t\t\t<div class=\"elementor-element elementor-element-ad563b2 elementor-widget elementor-widget-text-editor\" data-id=\"ad563b2\" data-element_type=\"widget\" data-e-type=\"widget\" data-widget_type=\"text-editor.default\">\n\t\t\t\t<div class=\"elementor-widget-container\">\n\t\t\t\t\t\t\t\t\t<p>Vi v\u00e4lkomnar dig att utforska v\u00e5rt breda sortiment av bastur och tillbeh\u00f6r p\u00e5 v\u00e5r hemsida. F\u00f6r mer personlig service, tveka inte att kontakta oss. V\u00e5rt team p\u00e5 Sk\u00e4rg\u00e5rdsbastu \u00e4r h\u00e4r f\u00f6r att hj\u00e4lpa dig att skapa ditt dr\u00f6mbasturum.<\/p>\t\t\t\t\t\t\t\t<\/div>\n\t\t\t\t<\/div>\n\t\t\t\t<div class=\"elementor-element elementor-element-8063ba1 elementor-align-center elementor-widget elementor-widget-button\" data-id=\"8063ba1\" data-element_type=\"widget\" data-e-type=\"widget\" data-widget_type=\"button.default\">\n\t\t\t\t<div class=\"elementor-widget-container\">\n\t\t\t\t\t\t\t\t\t<div class=\"elementor-button-wrapper\">\n\t\t\t\t\t<a class=\"elementor-button elementor-button-link elementor-size-sm\" href=\"https:\/\/skargardsbastu.se\/nb\/kontakt\/\">\n\t\t\t\t\t\t<span class=\"elementor-button-content-wrapper\">\n\t\t\t\t\t\t\t\t\t<span class=\"elementor-button-text\">Kontakt oss p\u00e5<\/span>\n\t\t\t\t\t<\/span>\n\t\t\t\t\t<\/a>\n\t\t\t\t<\/div>\n\t\t\t\t\t\t\t\t<\/div>\n\t\t\t\t<\/div>\n\t\t\t\t\t<\/div>\n\t\t\t\t<\/div>\n\t\t<div class=\"elementor-element elementor-element-1fcff91 e-flex e-con-boxed e-con e-parent\" data-id=\"1fcff91\" data-element_type=\"container\" data-e-type=\"container\">\n\t\t\t\t\t<div class=\"e-con-inner\">\n\t\t\t\t<div class=\"elementor-element elementor-element-1e6f4d6 elementor-widget elementor-widget-spacer\" data-id=\"1e6f4d6\" data-element_type=\"widget\" data-e-type=\"widget\" data-widget_type=\"spacer.default\">\n\t\t\t\t<div class=\"elementor-widget-container\">\n\t\t\t\t\t\t\t<div class=\"elementor-spacer\">\n\t\t\t<div class=\"elementor-spacer-inner\"><\/div>\n\t\t<\/div>\n\t\t\t\t\t\t<\/div>\n\t\t\t\t<\/div>\n\t\t\t\t<div class=\"elementor-element elementor-element-4747208 elementor-widget elementor-widget-heading\" data-id=\"4747208\" data-element_type=\"widget\" data-e-type=\"widget\" data-widget_type=\"heading.default\">\n\t\t\t\t<div class=\"elementor-widget-container\">\n\t\t\t\t\t<h4 class=\"elementor-heading-title elementor-size-default\">Sp\u00f8rsm\u00e5l og svar<\/h4>\t\t\t\t<\/div>\n\t\t\t\t<\/div>\n\t\t\t\t<div class=\"elementor-element elementor-element-820733b elementor-widget elementor-widget-text-editor\" data-id=\"820733b\" data-element_type=\"widget\" data-e-type=\"widget\" data-widget_type=\"text-editor.default\">\n\t\t\t\t<div class=\"elementor-widget-container\">\n\t\t\t\t\t\t\t\t\t<p data-start=\"0\" data-end=\"356\"><strong data-start=\"0\" data-end=\"69\">Vad \u00e4r f\u00f6rdelarna med f\u00e4rdiga bastur j\u00e4mf\u00f6rt med att bygga sj\u00e4lv?<\/strong><br data-start=\"69\" data-end=\"72\" \/>F\u00e4rdiga bastur ger en snabb och smidig l\u00f6sning utan kr\u00e5ngel med byggnation. De \u00e4r tillverkade i h\u00f6gkvalitativa material och erbjuder enkel installation, vilket sparar b\u00e5de tid och arbete. Dessutom f\u00e5r du en bastu d\u00e4r varje detalj \u00e4r noggrant utformad f\u00f6r b\u00e4sta komfort och h\u00e5llbarhet.<\/p><p data-start=\"358\" data-end=\"690\"><strong data-start=\"358\" data-end=\"419\">Vilka typer av f\u00e4rdiga bastur finns det att v\u00e4lja mellan?<\/strong><br data-start=\"419\" data-end=\"422\" \/>Det finns f\u00e4rdiga bastur f\u00f6r b\u00e5de inom- och utomhusbruk, i flera storlekar och modeller. Du kan v\u00e4lja mellan klassiska vedeldade bastur f\u00f6r en traditionell k\u00e4nsla eller moderna elbastur med smarta funktioner. Det finns l\u00f6sningar som passar b\u00e5de sm\u00e5 och stora s\u00e4llskap.<\/p><p data-start=\"692\" data-end=\"1033\"><strong data-start=\"692\" data-end=\"759\">Hur anpassar jag en f\u00e4rdig bastu efter mina behov och \u00f6nskem\u00e5l?<\/strong><br data-start=\"759\" data-end=\"762\" \/>Du kan v\u00e4lja storlek, design och typ av uppv\u00e4rmning f\u00f6r att matcha din livsstil och platsen d\u00e4r bastun ska st\u00e5. Det finns flexibla modeller och flera tillval som g\u00f6r att du kan skapa en bastu som passar dina \u00f6nskem\u00e5l, oavsett om du vill ha den i tr\u00e4dg\u00e5rden eller inomhus.<\/p><p data-start=\"1035\" data-end=\"1361\" data-is-last-node=\"\" data-is-only-node=\"\"><strong data-start=\"1035\" data-end=\"1086\">Hur g\u00e5r installationen av en f\u00e4rdig bastu till?<\/strong><br data-start=\"1086\" data-end=\"1089\" \/>Installationen av en f\u00e4rdig bastu \u00e4r enkel och bekymmersfri. Bastun levereras komplett och kr\u00e4ver minimalt arbete p\u00e5 plats. Ofta beh\u00f6vs bara en plan yta och eventuellt elanslutning eller skorsten, beroende p\u00e5 modell. Det g\u00f6r att du snabbt kan b\u00f6rja njuta av din nya bastu.<\/p>\t\t\t\t\t\t\t\t<\/div>\n\t\t\t\t<\/div>\n\t\t\t\t<div class=\"elementor-element elementor-element-3c38dff elementor-widget elementor-widget-spacer\" data-id=\"3c38dff\" data-element_type=\"widget\" data-e-type=\"widget\" data-widget_type=\"spacer.default\">\n\t\t\t\t<div class=\"elementor-widget-container\">\n\t\t\t\t\t\t\t<div class=\"elementor-spacer\">\n\t\t\t<div class=\"elementor-spacer-inner\"><\/div>\n\t\t<\/div>\n\t\t\t\t\t\t<\/div>\n\t\t\t\t<\/div>\n\t\t\t\t\t<\/div>\n\t\t\t\t<\/div>\n\t\t\t\t<\/div>","protected":false},"excerpt":{"rendered":"<p>F\u00e4rdiga bastur f\u00f6r enkel installation och maximal komfort Det perfekta valet f\u00f6r dig som vill njuta av bastubad utan kr\u00e5ngel med byggnation och montering. F\u00e4rdiga bastur \u00e4r det perfekta valet f\u00f6r dig som vill njuta av bastubad utan kr\u00e5ngel med byggnation och montering. Med en f\u00e4rdig bastu fr\u00e5n Sk\u00e4rg\u00e5rdsbastu f\u00e5r du en helhetsl\u00f6sning d\u00e4r varje [&hellip;]<\/p>\n","protected":false},"author":5,"featured_media":0,"parent":0,"menu_order":0,"comment_status":"closed","ping_status":"closed","template":"","meta":{"_acf_changed":false,"footnotes":""},"class_list":["post-1929","page","type-page","status-publish","hentry"],"acf":[],"yoast_head":"<!-- This site is optimized with the Yoast SEO Premium plugin v27.0 (Yoast SEO v27.0) - https:\/\/yoast.com\/product\/yoast-seo-premium-wordpress\/ -->\n<title>F\u00e4rdiga bastur \u2013 smidiga l\u00f6sningar f\u00f6r relax och komfort<\/title>\n<meta name=\"description\" content=\"F\u00e4rdiga bastur med stilren nordisk design och h\u00f6g kvalitet. V\u00e4lj mellan flera modeller, njut av flexibel installation \u00e5ret runt.\" \/>\n<meta name=\"robots\" content=\"index, follow, max-snippet:-1, max-image-preview:large, max-video-preview:-1\" \/>\n<link rel=\"canonical\" href=\"https:\/\/skargardsbastu.se\/nb\/fardiga-bastur\/\" \/>\n<meta property=\"og:locale\" content=\"nb_NO\" \/>\n<meta property=\"og:type\" content=\"article\" \/>\n<meta property=\"og:title\" content=\"F\u00e4rdiga bastur\" \/>\n<meta property=\"og:description\" content=\"F\u00e4rdiga bastur med stilren nordisk design och h\u00f6g kvalitet. V\u00e4lj mellan flera modeller, njut av flexibel installation \u00e5ret runt.\" \/>\n<meta property=\"og:url\" content=\"https:\/\/skargardsbastu.se\/nb\/fardiga-bastur\/\" \/>\n<meta property=\"og:site_name\" content=\"Sk\u00e4rg\u00e5rdsbastu\" \/>\n<meta property=\"article:modified_time\" content=\"2026-02-26T14:16:22+00:00\" \/>\n<meta property=\"og:image\" content=\"https:\/\/skargardsbastu.se\/wp-content\/uploads\/2026\/02\/12.scandinavian-relaxation.jpg\" \/>\n\t<meta property=\"og:image:width\" content=\"1920\" \/>\n\t<meta property=\"og:image:height\" content=\"1281\" \/>\n\t<meta property=\"og:image:type\" content=\"image\/jpeg\" \/>\n<meta name=\"twitter:card\" content=\"summary_large_image\" \/>\n<meta name=\"twitter:label1\" content=\"Ansl. lesetid\" \/>\n\t<meta name=\"twitter:data1\" content=\"5 minutter\" \/>\n<script type=\"application\/ld+json\" class=\"yoast-schema-graph\">{\"@context\":\"https:\/\/schema.org\",\"@graph\":[{\"@type\":\"WebPage\",\"@id\":\"https:\/\/skargardsbastu.se\/fardiga-bastur\/\",\"url\":\"https:\/\/skargardsbastu.se\/fardiga-bastur\/\",\"name\":\"F\u00e4rdiga bastur \u2013 smidiga l\u00f6sningar f\u00f6r relax och komfort\",\"isPartOf\":{\"@id\":\"https:\/\/skargardsbastu.se\/#website\"},\"primaryImageOfPage\":{\"@id\":\"https:\/\/skargardsbastu.se\/fardiga-bastur\/#primaryimage\"},\"image\":{\"@id\":\"https:\/\/skargardsbastu.se\/fardiga-bastur\/#primaryimage\"},\"thumbnailUrl\":\"https:\/\/skargardsbastu.se\/wp-content\/uploads\/2026\/02\/12.scandinavian-relaxation-1024x683.jpg\",\"datePublished\":\"2025-07-21T13:17:16+00:00\",\"dateModified\":\"2026-02-26T14:16:22+00:00\",\"description\":\"F\u00e4rdiga bastur med stilren nordisk design och h\u00f6g kvalitet. V\u00e4lj mellan flera modeller, njut av flexibel installation \u00e5ret runt.\",\"breadcrumb\":{\"@id\":\"https:\/\/skargardsbastu.se\/fardiga-bastur\/#breadcrumb\"},\"inLanguage\":\"nb-NO\",\"potentialAction\":[{\"@type\":\"ReadAction\",\"target\":[\"https:\/\/skargardsbastu.se\/fardiga-bastur\/\"]}]},{\"@type\":\"ImageObject\",\"inLanguage\":\"nb-NO\",\"@id\":\"https:\/\/skargardsbastu.se\/fardiga-bastur\/#primaryimage\",\"url\":\"https:\/\/skargardsbastu.se\/wp-content\/uploads\/2026\/02\/12.scandinavian-relaxation-1024x683.jpg\",\"contentUrl\":\"https:\/\/skargardsbastu.se\/wp-content\/uploads\/2026\/02\/12.scandinavian-relaxation-1024x683.jpg\"},{\"@type\":\"BreadcrumbList\",\"@id\":\"https:\/\/skargardsbastu.se\/fardiga-bastur\/#breadcrumb\",\"itemListElement\":[{\"@type\":\"ListItem\",\"position\":1,\"name\":\"Home\",\"item\":\"https:\/\/skargardsbastu.se\/\"},{\"@type\":\"ListItem\",\"position\":2,\"name\":\"F\u00e4rdiga bastur\"}]},{\"@type\":\"WebSite\",\"@id\":\"https:\/\/skargardsbastu.se\/#website\",\"url\":\"https:\/\/skargardsbastu.se\/\",\"name\":\"Sk\u00e4rg\u00e5rdsbastu\",\"description\":\"Din bastudr\u00f6m b\u00f6rjar h\u00e4r\",\"publisher\":{\"@id\":\"https:\/\/skargardsbastu.se\/#organization\"},\"potentialAction\":[{\"@type\":\"SearchAction\",\"target\":{\"@type\":\"EntryPoint\",\"urlTemplate\":\"https:\/\/skargardsbastu.se\/?s={search_term_string}\"},\"query-input\":{\"@type\":\"PropertyValueSpecification\",\"valueRequired\":true,\"valueName\":\"search_term_string\"}}],\"inLanguage\":\"nb-NO\"},{\"@type\":\"Organization\",\"@id\":\"https:\/\/skargardsbastu.se\/#organization\",\"name\":\"Sk\u00e4rg\u00e5rdsbastu\",\"url\":\"https:\/\/skargardsbastu.se\/\",\"logo\":{\"@type\":\"ImageObject\",\"inLanguage\":\"nb-NO\",\"@id\":\"https:\/\/skargardsbastu.se\/#\/schema\/logo\/image\/\",\"url\":\"https:\/\/skargardsbastu.se\/wp-content\/uploads\/2025\/05\/T-4-e1748611164195.png\",\"contentUrl\":\"https:\/\/skargardsbastu.se\/wp-content\/uploads\/2025\/05\/T-4-e1748611164195.png\",\"width\":263,\"height\":252,\"caption\":\"Sk\u00e4rg\u00e5rdsbastu\"},\"image\":{\"@id\":\"https:\/\/skargardsbastu.se\/#\/schema\/logo\/image\/\"}}]}<\/script>\n<!-- \/ Yoast SEO Premium plugin. -->","yoast_head_json":{"title":"F\u00e4rdiga bastur \u2013 smidiga l\u00f6sningar f\u00f6r relax och komfort","description":"F\u00e4rdiga bastur med stilren nordisk design och h\u00f6g kvalitet. V\u00e4lj mellan flera modeller, njut av flexibel installation \u00e5ret runt.","robots":{"index":"index","follow":"follow","max-snippet":"max-snippet:-1","max-image-preview":"max-image-preview:large","max-video-preview":"max-video-preview:-1"},"canonical":"https:\/\/skargardsbastu.se\/nb\/fardiga-bastur\/","og_locale":"nb_NO","og_type":"article","og_title":"F\u00e4rdiga bastur","og_description":"F\u00e4rdiga bastur med stilren nordisk design och h\u00f6g kvalitet. V\u00e4lj mellan flera modeller, njut av flexibel installation \u00e5ret runt.","og_url":"https:\/\/skargardsbastu.se\/nb\/fardiga-bastur\/","og_site_name":"Sk\u00e4rg\u00e5rdsbastu","article_modified_time":"2026-02-26T14:16:22+00:00","og_image":[{"width":1920,"height":1281,"url":"https:\/\/skargardsbastu.se\/wp-content\/uploads\/2026\/02\/12.scandinavian-relaxation.jpg","type":"image\/jpeg"}],"twitter_card":"summary_large_image","twitter_misc":{"Ansl. lesetid":"5 minutter"},"schema":{"@context":"https:\/\/schema.org","@graph":[{"@type":"WebPage","@id":"https:\/\/skargardsbastu.se\/fardiga-bastur\/","url":"https:\/\/skargardsbastu.se\/fardiga-bastur\/","name":"F\u00e4rdiga bastur \u2013 smidiga l\u00f6sningar f\u00f6r relax och komfort","isPartOf":{"@id":"https:\/\/skargardsbastu.se\/#website"},"primaryImageOfPage":{"@id":"https:\/\/skargardsbastu.se\/fardiga-bastur\/#primaryimage"},"image":{"@id":"https:\/\/skargardsbastu.se\/fardiga-bastur\/#primaryimage"},"thumbnailUrl":"https:\/\/skargardsbastu.se\/wp-content\/uploads\/2026\/02\/12.scandinavian-relaxation-1024x683.jpg","datePublished":"2025-07-21T13:17:16+00:00","dateModified":"2026-02-26T14:16:22+00:00","description":"F\u00e4rdiga bastur med stilren nordisk design och h\u00f6g kvalitet. V\u00e4lj mellan flera modeller, njut av flexibel installation \u00e5ret runt.","breadcrumb":{"@id":"https:\/\/skargardsbastu.se\/fardiga-bastur\/#breadcrumb"},"inLanguage":"nb-NO","potentialAction":[{"@type":"ReadAction","target":["https:\/\/skargardsbastu.se\/fardiga-bastur\/"]}]},{"@type":"ImageObject","inLanguage":"nb-NO","@id":"https:\/\/skargardsbastu.se\/fardiga-bastur\/#primaryimage","url":"https:\/\/skargardsbastu.se\/wp-content\/uploads\/2026\/02\/12.scandinavian-relaxation-1024x683.jpg","contentUrl":"https:\/\/skargardsbastu.se\/wp-content\/uploads\/2026\/02\/12.scandinavian-relaxation-1024x683.jpg"},{"@type":"BreadcrumbList","@id":"https:\/\/skargardsbastu.se\/fardiga-bastur\/#breadcrumb","itemListElement":[{"@type":"ListItem","position":1,"name":"Home","item":"https:\/\/skargardsbastu.se\/"},{"@type":"ListItem","position":2,"name":"F\u00e4rdiga bastur"}]},{"@type":"WebSite","@id":"https:\/\/skargardsbastu.se\/#website","url":"https:\/\/skargardsbastu.se\/","name":"Archipelago badstue","description":"Din badstuedr\u00f8m starter her","publisher":{"@id":"https:\/\/skargardsbastu.se\/#organization"},"potentialAction":[{"@type":"SearchAction","target":{"@type":"EntryPoint","urlTemplate":"https:\/\/skargardsbastu.se\/?s={search_term_string}"},"query-input":{"@type":"PropertyValueSpecification","valueRequired":true,"valueName":"search_term_string"}}],"inLanguage":"nb-NO"},{"@type":"Organization","@id":"https:\/\/skargardsbastu.se\/#organization","name":"Archipelago badstue","url":"https:\/\/skargardsbastu.se\/","logo":{"@type":"ImageObject","inLanguage":"nb-NO","@id":"https:\/\/skargardsbastu.se\/#\/schema\/logo\/image\/","url":"https:\/\/skargardsbastu.se\/wp-content\/uploads\/2025\/05\/T-4-e1748611164195.png","contentUrl":"https:\/\/skargardsbastu.se\/wp-content\/uploads\/2025\/05\/T-4-e1748611164195.png","width":263,"height":252,"caption":"Sk\u00e4rg\u00e5rdsbastu"},"image":{"@id":"https:\/\/skargardsbastu.se\/#\/schema\/logo\/image\/"}}]}},"_links":{"self":[{"href":"https:\/\/skargardsbastu.se\/nb\/wp-json\/wp\/v2\/pages\/1929","targetHints":{"allow":["GET"]}}],"collection":[{"href":"https:\/\/skargardsbastu.se\/nb\/wp-json\/wp\/v2\/pages"}],"about":[{"href":"https:\/\/skargardsbastu.se\/nb\/wp-json\/wp\/v2\/types\/page"}],"author":[{"embeddable":true,"href":"https:\/\/skargardsbastu.se\/nb\/wp-json\/wp\/v2\/users\/5"}],"replies":[{"embeddable":true,"href":"https:\/\/skargardsbastu.se\/nb\/wp-json\/wp\/v2\/comments?post=1929"}],"version-history":[{"count":31,"href":"https:\/\/skargardsbastu.se\/nb\/wp-json\/wp\/v2\/pages\/1929\/revisions"}],"predecessor-version":[{"id":2756,"href":"https:\/\/skargardsbastu.se\/nb\/wp-json\/wp\/v2\/pages\/1929\/revisions\/2756"}],"wp:attachment":[{"href":"https:\/\/skargardsbastu.se\/nb\/wp-json\/wp\/v2\/media?parent=1929"}],"curies":[{"name":"wp","href":"https:\/\/api.w.org\/{rel}","templated":true}]}}