{"id":1864,"date":"2025-07-21T11:58:21","date_gmt":"2025-07-21T11:58:21","guid":{"rendered":"https:\/\/skargardsbastu.se\/?page_id=1864"},"modified":"2026-02-26T14:04:05","modified_gmt":"2026-02-26T14:04:05","slug":"bastubad","status":"publish","type":"page","link":"https:\/\/skargardsbastu.se\/nb\/bastubad\/","title":{"rendered":"Bastubad"},"content":{"rendered":"<div data-elementor-type=\"wp-page\" data-elementor-id=\"1864\" class=\"elementor elementor-1864\" data-elementor-post-type=\"page\">\n\t\t\t\t<div class=\"elementor-element elementor-element-6cc13e7 e-flex e-con-boxed e-con e-parent\" data-id=\"6cc13e7\" data-element_type=\"container\" data-e-type=\"container\" data-settings=\"{&quot;background_background&quot;:&quot;classic&quot;}\">\n\t\t\t\t\t<div class=\"e-con-inner\">\n\t\t<div class=\"elementor-element elementor-element-17e7056 e-con-full e-flex e-con e-child\" data-id=\"17e7056\" data-element_type=\"container\" data-e-type=\"container\" data-settings=\"{&quot;background_background&quot;:&quot;classic&quot;}\">\n\t\t\t\t<div class=\"elementor-element elementor-element-a95ef9a elementor-widget elementor-widget-heading\" data-id=\"a95ef9a\" data-element_type=\"widget\" data-e-type=\"widget\" data-widget_type=\"heading.default\">\n\t\t\t\t<div class=\"elementor-widget-container\">\n\t\t\t\t\t<h1 class=\"elementor-heading-title elementor-size-default\">Bastubad som livsstil \u2013 njut av v\u00e4rme, h\u00e4lsa och avkoppling<\/h1>\t\t\t\t<\/div>\n\t\t\t\t<\/div>\n\t\t\t\t<div class=\"elementor-element elementor-element-c3c028f elementor-widget__width-initial elementor-widget-mobile__width-inherit elementor-widget elementor-widget-text-editor\" data-id=\"c3c028f\" data-element_type=\"widget\" data-e-type=\"widget\" data-widget_type=\"text-editor.default\">\n\t\t\t\t<div class=\"elementor-widget-container\">\n\t\t\t\t\t\t\t\t\t<p>Bastubad \u00e4r mer \u00e4n bara en tradition<\/p>\t\t\t\t\t\t\t\t<\/div>\n\t\t\t\t<\/div>\n\t\t\t\t<\/div>\n\t\t\t\t\t<\/div>\n\t\t\t\t<\/div>\n\t\t<div class=\"elementor-element elementor-element-3bc4ec3 e-flex e-con-boxed e-con e-parent\" data-id=\"3bc4ec3\" data-element_type=\"container\" data-e-type=\"container\" data-settings=\"{&quot;background_background&quot;:&quot;classic&quot;}\">\n\t\t\t\t\t<div class=\"e-con-inner\">\n\t\t\t\t<div class=\"elementor-element elementor-element-a5d7e7e elementor-widget elementor-widget-text-editor\" data-id=\"a5d7e7e\" data-element_type=\"widget\" data-e-type=\"widget\" data-widget_type=\"text-editor.default\">\n\t\t\t\t<div class=\"elementor-widget-container\">\n\t\t\t\t\t\t\t\t\t<p>Bastubad \u00e4r mer \u00e4n bara en tradition \u2013 det \u00e4r en livsstil som kombinerar avkoppling, gemenskap och v\u00e4lbefinnande. N\u00e4r du kliver in i en bastu omsluts du av naturlig v\u00e4rme som hj\u00e4lper kroppen att slappna av och sinnet att komma till ro. Regelbundet bastubad har visat sig kunna minska stress, f\u00f6rb\u00e4ttra blodcirkulationen och st\u00e4rka immunf\u00f6rsvaret. M\u00e5nga upplever dessutom att s\u00f6mnen blir djupare och \u00e5terh\u00e4mtningen snabbare efter ett bastubad.\u00a0<\/p><p>Med en bastu fr\u00e5n Sk\u00e4rg\u00e5rdsbastu f\u00e5r du en plats d\u00e4r nordisk design och funktionalitet m\u00f6ts, och d\u00e4r varje bastubad blir en stund f\u00f6r \u00e5terh\u00e4mtning och njutning \u2013 oavsett om du v\u00e4ljer att basta ensam, med familjen eller v\u00e4nner. Skapa din egen oas och uppt\u00e4ck hur bastubad kan f\u00f6rgylla vardagen och bidra till en b\u00e4ttre h\u00e4lsa, \u00e5ret runt.<\/p>\t\t\t\t\t\t\t\t<\/div>\n\t\t\t\t<\/div>\n\t\t\t\t<div class=\"elementor-element elementor-element-9e8e324 elementor-widget elementor-widget-heading\" data-id=\"9e8e324\" data-element_type=\"widget\" data-e-type=\"widget\" data-widget_type=\"heading.default\">\n\t\t\t\t<div class=\"elementor-widget-container\">\n\t\t\t\t\t<h2 class=\"elementor-heading-title elementor-size-default\">Bastubad \u2013 en k\u00e4lla till h\u00e4lsa och v\u00e4lbefinnande \u00e5ret runt<\/h2>\t\t\t\t<\/div>\n\t\t\t\t<\/div>\n\t\t\t\t<div class=\"elementor-element elementor-element-59e2956 elementor-widget elementor-widget-text-editor\" data-id=\"59e2956\" data-element_type=\"widget\" data-e-type=\"widget\" data-widget_type=\"text-editor.default\">\n\t\t\t\t<div class=\"elementor-widget-container\">\n\t\t\t\t\t\t\t\t\t<p>Bastubad \u00e4r en uppskattad tradition som blivit en sj\u00e4lvklar del av en h\u00e4lsosam livsstil. Att regelbundet njuta av bastubad ger inte bara avkoppling och \u00e5terh\u00e4mtning, utan bidrar \u00e4ven till b\u00e4ttre blodcirkulation, minskad stress och ett starkare immunf\u00f6rsvar. Den naturliga v\u00e4rmen hj\u00e4lper kroppen att slappna av och sinnet att komma till ro, vilket g\u00f6r bastubad till ett effektivt s\u00e4tt att fr\u00e4mja b\u00e5de fysisk och mental h\u00e4lsa.<\/p><p>Oavsett om du bastar ensam, med familjen eller v\u00e4nner, skapar bastubad en unik gemenskap och en stund f\u00f6r dig sj\u00e4lv. Med r\u00e4tt bastul\u00f6sning fr\u00e5n Sk\u00e4rg\u00e5rdsbastu kan du enkelt skapa din egen oas f\u00f6r v\u00e4lbefinnande och njuta av bastubadets positiva effekter \u00e5ret om, oavsett v\u00e4der och s\u00e4song.<\/p>\t\t\t\t\t\t\t\t<\/div>\n\t\t\t\t<\/div>\n\t\t\t\t<div class=\"elementor-element elementor-element-f51bc97 elementor-widget elementor-widget-heading\" data-id=\"f51bc97\" data-element_type=\"widget\" data-e-type=\"widget\" data-widget_type=\"heading.default\">\n\t\t\t\t<div class=\"elementor-widget-container\">\n\t\t\t\t\t<h3 class=\"elementor-heading-title elementor-size-default\">S\u00e5 maximerar du effekten av ditt bastubad<\/h3>\t\t\t\t<\/div>\n\t\t\t\t<\/div>\n\t\t\t\t<div class=\"elementor-element elementor-element-36048e5 elementor-widget elementor-widget-text-editor\" data-id=\"36048e5\" data-element_type=\"widget\" data-e-type=\"widget\" data-widget_type=\"text-editor.default\">\n\t\t\t\t<div class=\"elementor-widget-container\">\n\t\t\t\t\t\t\t\t\t<p>F\u00f6r att f\u00e5 ut det mesta av ditt bastubad \u00e4r det viktigt att skapa r\u00e4tt milj\u00f6 och f\u00f6lja n\u00e5gra enkla rutiner. B\u00f6rja med att duscha innan du g\u00e5r in i bastun f\u00f6r att rena huden och f\u00f6rbereda kroppen. Varva v\u00e4rmen med svalkande pauser f\u00f6r att stimulera blodcirkulationen och \u00f6ka v\u00e4lbefinnandet.<\/p><p>Drick rikligt med vatten f\u00f6r att h\u00e5lla v\u00e4tskebalansen och avsluta g\u00e4rna med en stunds vila efter bastubadet. Genom att lyssna p\u00e5 kroppens signaler och anpassa bastubadet efter dina behov kan du njuta av b\u00e5de avkoppling och h\u00e4lsof\u00f6rdelar \u00e5ret runt.<\/p>\t\t\t\t\t\t\t\t<\/div>\n\t\t\t\t<\/div>\n\t\t\t\t<div class=\"elementor-element elementor-element-21d2ffc elementor-widget elementor-widget-heading\" data-id=\"21d2ffc\" data-element_type=\"widget\" data-e-type=\"widget\" data-widget_type=\"heading.default\">\n\t\t\t\t<div class=\"elementor-widget-container\">\n\t\t\t\t\t<h3 class=\"elementor-heading-title elementor-size-default\">Bastubad - en stund f\u00f6r \u00e5terh\u00e4mtning och balans<\/h3>\t\t\t\t<\/div>\n\t\t\t\t<\/div>\n\t\t\t\t<div class=\"elementor-element elementor-element-6ea7e28 elementor-widget elementor-widget-text-editor\" data-id=\"6ea7e28\" data-element_type=\"widget\" data-e-type=\"widget\" data-widget_type=\"text-editor.default\">\n\t\t\t\t<div class=\"elementor-widget-container\">\n\t\t\t\t\t\t\t\t\t<p>Att unna sig bastubad regelbundet \u00e4r ett effektivt s\u00e4tt att ge kroppen och sinnet en chans till \u00e5terh\u00e4mtning och balans. Den behagliga v\u00e4rmen fr\u00e5n bastun hj\u00e4lper till att sl\u00e4ppa sp\u00e4nningar, samtidigt som du f\u00e5r en m\u00f6jlighet att koppla bort vardagens stress. Bastubad fr\u00e4mjar en djupare avslappning, vilket kan bidra till b\u00e4ttre s\u00f6mn och \u00f6kat v\u00e4lbefinnande.\u00a0<\/p><p>Oavsett om du f\u00f6redrar att basta sj\u00e4lv eller tillsammans med andra, skapar bastubad en naturlig paus i tillvaron d\u00e4r du kan ladda ny energi och ta hand om din h\u00e4lsa p\u00e5 ett enkelt och njutbart s\u00e4tt.<\/p>\t\t\t\t\t\t\t\t<\/div>\n\t\t\t\t<\/div>\n\t\t\t\t<div class=\"elementor-element elementor-element-66250aa elementor-widget elementor-widget-image\" data-id=\"66250aa\" data-element_type=\"widget\" data-e-type=\"widget\" data-widget_type=\"image.default\">\n\t\t\t\t<div class=\"elementor-widget-container\">\n\t\t\t\t\t\t\t\t\t\t\t\t\t\t\t<img fetchpriority=\"high\" decoding=\"async\" width=\"800\" height=\"534\" src=\"https:\/\/skargardsbastu.se\/wp-content\/uploads\/2026\/02\/1.nordic-sauna-relaxation-1024x683.jpg\" class=\"attachment-large size-large wp-image-2706 wvs-archive-product-image\" alt=\"Bastubad med nordisk design fr\u00e5n Sk\u00e4rg\u00e5rdsbastu - f\u00f6r h\u00e4lsa, avkoppling och v\u00e4lbefinnande \u00e5ret runt.\" srcset=\"https:\/\/skargardsbastu.se\/wp-content\/uploads\/2026\/02\/1.nordic-sauna-relaxation-1024x683.jpg 1024w, https:\/\/skargardsbastu.se\/wp-content\/uploads\/2026\/02\/1.nordic-sauna-relaxation-300x200.jpg 300w, https:\/\/skargardsbastu.se\/wp-content\/uploads\/2026\/02\/1.nordic-sauna-relaxation-768x512.jpg 768w, https:\/\/skargardsbastu.se\/wp-content\/uploads\/2026\/02\/1.nordic-sauna-relaxation-1536x1024.jpg 1536w, https:\/\/skargardsbastu.se\/wp-content\/uploads\/2026\/02\/1.nordic-sauna-relaxation-600x400.jpg 600w, https:\/\/skargardsbastu.se\/wp-content\/uploads\/2026\/02\/1.nordic-sauna-relaxation.jpg 1920w\" sizes=\"(max-width: 800px) 100vw, 800px\" \/>\t\t\t\t\t\t\t\t\t\t\t\t\t\t\t<\/div>\n\t\t\t\t<\/div>\n\t\t\t\t\t<\/div>\n\t\t\t\t<\/div>\n\t\t<div class=\"elementor-element elementor-element-e751d9a e-flex e-con-boxed e-con e-parent\" data-id=\"e751d9a\" data-element_type=\"container\" data-e-type=\"container\" data-settings=\"{&quot;background_background&quot;:&quot;classic&quot;}\">\n\t\t\t\t\t<div class=\"e-con-inner\">\n\t\t\t\t<div class=\"elementor-element elementor-element-6a8baa0 elementor-widget elementor-widget-heading\" data-id=\"6a8baa0\" data-element_type=\"widget\" data-e-type=\"widget\" data-widget_type=\"heading.default\">\n\t\t\t\t<div class=\"elementor-widget-container\">\n\t\t\t\t\t<h2 class=\"elementor-heading-title elementor-size-default\">Kontakt och personlig service<\/h2>\t\t\t\t<\/div>\n\t\t\t\t<\/div>\n\t\t\t\t<div class=\"elementor-element elementor-element-4ff8938 elementor-widget elementor-widget-text-editor\" data-id=\"4ff8938\" data-element_type=\"widget\" data-e-type=\"widget\" data-widget_type=\"text-editor.default\">\n\t\t\t\t<div class=\"elementor-widget-container\">\n\t\t\t\t\t\t\t\t\t<p>Vi v\u00e4lkomnar dig att utforska v\u00e5rt breda sortiment av bastur och tillbeh\u00f6r p\u00e5 v\u00e5r hemsida. F\u00f6r mer personlig service, tveka inte att kontakta oss. V\u00e5rt team p\u00e5 Sk\u00e4rg\u00e5rdsbastu \u00e4r h\u00e4r f\u00f6r att hj\u00e4lpa dig att skapa ditt dr\u00f6mbasturum.<\/p>\t\t\t\t\t\t\t\t<\/div>\n\t\t\t\t<\/div>\n\t\t\t\t<div class=\"elementor-element elementor-element-3493522 elementor-align-center elementor-widget elementor-widget-button\" data-id=\"3493522\" data-element_type=\"widget\" data-e-type=\"widget\" data-widget_type=\"button.default\">\n\t\t\t\t<div class=\"elementor-widget-container\">\n\t\t\t\t\t\t\t\t\t<div class=\"elementor-button-wrapper\">\n\t\t\t\t\t<a class=\"elementor-button elementor-button-link elementor-size-sm\" href=\"https:\/\/skargardsbastu.se\/nb\/kontakt\/\">\n\t\t\t\t\t\t<span class=\"elementor-button-content-wrapper\">\n\t\t\t\t\t\t\t\t\t<span class=\"elementor-button-text\">Kontakt oss p\u00e5<\/span>\n\t\t\t\t\t<\/span>\n\t\t\t\t\t<\/a>\n\t\t\t\t<\/div>\n\t\t\t\t\t\t\t\t<\/div>\n\t\t\t\t<\/div>\n\t\t\t\t\t<\/div>\n\t\t\t\t<\/div>\n\t\t<div class=\"elementor-element elementor-element-d1ca13e e-flex e-con-boxed e-con e-parent\" data-id=\"d1ca13e\" data-element_type=\"container\" data-e-type=\"container\">\n\t\t\t\t\t<div class=\"e-con-inner\">\n\t\t\t\t<div class=\"elementor-element elementor-element-0bf7790 elementor-widget elementor-widget-spacer\" data-id=\"0bf7790\" data-element_type=\"widget\" data-e-type=\"widget\" data-widget_type=\"spacer.default\">\n\t\t\t\t<div class=\"elementor-widget-container\">\n\t\t\t\t\t\t\t<div class=\"elementor-spacer\">\n\t\t\t<div class=\"elementor-spacer-inner\"><\/div>\n\t\t<\/div>\n\t\t\t\t\t\t<\/div>\n\t\t\t\t<\/div>\n\t\t\t\t<div class=\"elementor-element elementor-element-c016e36 elementor-widget elementor-widget-heading\" data-id=\"c016e36\" data-element_type=\"widget\" data-e-type=\"widget\" data-widget_type=\"heading.default\">\n\t\t\t\t<div class=\"elementor-widget-container\">\n\t\t\t\t\t<h4 class=\"elementor-heading-title elementor-size-default\">Sp\u00f8rsm\u00e5l og svar<\/h4>\t\t\t\t<\/div>\n\t\t\t\t<\/div>\n\t\t\t\t<div class=\"elementor-element elementor-element-2a808c2 elementor-widget elementor-widget-text-editor\" data-id=\"2a808c2\" data-element_type=\"widget\" data-e-type=\"widget\" data-widget_type=\"text-editor.default\">\n\t\t\t\t<div class=\"elementor-widget-container\">\n\t\t\t\t\t\t\t\t\t<p data-start=\"125\" data-end=\"440\"><strong data-start=\"125\" data-end=\"174\">Vilka h\u00e4lsof\u00f6rdelar ger regelbundet bastubad?<\/strong><br data-start=\"174\" data-end=\"177\" \/>Regelbundet bastubad kan bidra till minskad stress, f\u00f6rb\u00e4ttrad blodcirkulation och ett starkare immunf\u00f6rsvar. M\u00e5nga upplever \u00e4ven djupare s\u00f6mn och snabbare \u00e5terh\u00e4mtning. Den naturliga v\u00e4rmen hj\u00e4lper kroppen att slappna av och fr\u00e4mjar b\u00e5de fysisk och mental h\u00e4lsa.<\/p><p data-start=\"442\" data-end=\"733\"><strong data-start=\"442\" data-end=\"506\">Hur p\u00e5verkar bastubad ditt v\u00e4lbefinnande och din avkoppling?<\/strong><br data-start=\"506\" data-end=\"509\" \/>Att bada bastu ger kroppen m\u00f6jlighet att sl\u00e4ppa sp\u00e4nningar samtidigt som sinnet f\u00e5r ro. Den behagliga v\u00e4rmen st\u00f6djer avslappning och \u00e5terh\u00e4mtning, vilket g\u00f6r att du kan \u00e5terf\u00e5 energi och njuta av en naturlig paus i vardagen.<\/p><p data-start=\"735\" data-end=\"1040\"><strong data-start=\"735\" data-end=\"792\">\u00c4r det m\u00f6jligt att njuta av bastubad under hela \u00e5ret?<\/strong><br data-start=\"792\" data-end=\"795\" \/>Ja, bastubad \u00e4r ett utm\u00e4rkt s\u00e4tt att fr\u00e4mja h\u00e4lsa och v\u00e4lbefinnande oavsett \u00e5rstid. Med r\u00e4tt bastul\u00f6sning kan du njuta av v\u00e4rmen och dess positiva effekter b\u00e5de under kalla vintrar och varma somrar, ensam eller tillsammans med familj och v\u00e4nner.<\/p><p data-start=\"1042\" data-end=\"1329\" data-is-last-node=\"\" data-is-only-node=\"\"><strong data-start=\"1042\" data-end=\"1096\">Vilka k\u00e4nnetecken har en bastu med nordisk design?<\/strong><br data-start=\"1096\" data-end=\"1099\" \/>En bastu med nordisk design k\u00e4nnetecknas av rena linjer, naturliga material och h\u00f6g funktionalitet. Designen skapar en harmonisk milj\u00f6 som kombinerar estetik med komfort och bidrar till en exklusiv och avkopplande bastuupplevelse.<\/p>\t\t\t\t\t\t\t\t<\/div>\n\t\t\t\t<\/div>\n\t\t\t\t<div class=\"elementor-element elementor-element-ae4e38c elementor-widget elementor-widget-spacer\" data-id=\"ae4e38c\" data-element_type=\"widget\" data-e-type=\"widget\" data-widget_type=\"spacer.default\">\n\t\t\t\t<div class=\"elementor-widget-container\">\n\t\t\t\t\t\t\t<div class=\"elementor-spacer\">\n\t\t\t<div class=\"elementor-spacer-inner\"><\/div>\n\t\t<\/div>\n\t\t\t\t\t\t<\/div>\n\t\t\t\t<\/div>\n\t\t\t\t\t<\/div>\n\t\t\t\t<\/div>\n\t\t\t\t<\/div>","protected":false},"excerpt":{"rendered":"<p>Bastubad som livsstil \u2013 njut av v\u00e4rme, h\u00e4lsa och avkoppling Bastubad \u00e4r mer \u00e4n bara en tradition Bastubad \u00e4r mer \u00e4n bara en tradition \u2013 det \u00e4r en livsstil som kombinerar avkoppling, gemenskap och v\u00e4lbefinnande. N\u00e4r du kliver in i en bastu omsluts du av naturlig v\u00e4rme som hj\u00e4lper kroppen att slappna av och sinnet [&hellip;]<\/p>\n","protected":false},"author":5,"featured_media":0,"parent":0,"menu_order":0,"comment_status":"closed","ping_status":"closed","template":"","meta":{"_acf_changed":false,"footnotes":""},"class_list":["post-1864","page","type-page","status-publish","hentry"],"acf":[],"yoast_head":"<!-- This site is optimized with the Yoast SEO Premium plugin v27.0 (Yoast SEO v27.0) - https:\/\/yoast.com\/product\/yoast-seo-premium-wordpress\/ -->\n<title>Bastubad med nordisk design f\u00f6r h\u00e4lsa och avkoppling<\/title>\n<meta name=\"description\" content=\"Bastubad skapar \u00e5terh\u00e4mtning och v\u00e4lbefinnande med naturlig v\u00e4rme. Uppt\u00e4ck bastur f\u00f6r avkoppling, b\u00e4ttre h\u00e4lsa och gemenskap \u00e5ret runt.\" \/>\n<meta name=\"robots\" content=\"index, follow, max-snippet:-1, max-image-preview:large, max-video-preview:-1\" \/>\n<link rel=\"canonical\" href=\"https:\/\/skargardsbastu.se\/nb\/bastubad\/\" \/>\n<meta property=\"og:locale\" content=\"nb_NO\" \/>\n<meta property=\"og:type\" content=\"article\" \/>\n<meta property=\"og:title\" content=\"Bastubad\" \/>\n<meta property=\"og:description\" content=\"Bastubad skapar \u00e5terh\u00e4mtning och v\u00e4lbefinnande med naturlig v\u00e4rme. Uppt\u00e4ck bastur f\u00f6r avkoppling, b\u00e4ttre h\u00e4lsa och gemenskap \u00e5ret runt.\" \/>\n<meta property=\"og:url\" content=\"https:\/\/skargardsbastu.se\/nb\/bastubad\/\" \/>\n<meta property=\"og:site_name\" content=\"Sk\u00e4rg\u00e5rdsbastu\" \/>\n<meta property=\"article:modified_time\" content=\"2026-02-26T14:04:05+00:00\" \/>\n<meta property=\"og:image\" content=\"https:\/\/skargardsbastu.se\/wp-content\/uploads\/2026\/02\/1.nordic-sauna-relaxation-1024x683.jpg\" \/>\n<meta name=\"twitter:card\" content=\"summary_large_image\" \/>\n<meta name=\"twitter:label1\" content=\"Ansl. lesetid\" \/>\n\t<meta name=\"twitter:data1\" content=\"4 minutter\" \/>\n<script type=\"application\/ld+json\" class=\"yoast-schema-graph\">{\"@context\":\"https:\/\/schema.org\",\"@graph\":[{\"@type\":\"WebPage\",\"@id\":\"https:\/\/skargardsbastu.se\/bastubad\/\",\"url\":\"https:\/\/skargardsbastu.se\/bastubad\/\",\"name\":\"Bastubad med nordisk design f\u00f6r h\u00e4lsa och avkoppling\",\"isPartOf\":{\"@id\":\"https:\/\/skargardsbastu.se\/#website\"},\"primaryImageOfPage\":{\"@id\":\"https:\/\/skargardsbastu.se\/bastubad\/#primaryimage\"},\"image\":{\"@id\":\"https:\/\/skargardsbastu.se\/bastubad\/#primaryimage\"},\"thumbnailUrl\":\"https:\/\/skargardsbastu.se\/wp-content\/uploads\/2026\/02\/1.nordic-sauna-relaxation-1024x683.jpg\",\"datePublished\":\"2025-07-21T11:58:21+00:00\",\"dateModified\":\"2026-02-26T14:04:05+00:00\",\"description\":\"Bastubad skapar \u00e5terh\u00e4mtning och v\u00e4lbefinnande med naturlig v\u00e4rme. Uppt\u00e4ck bastur f\u00f6r avkoppling, b\u00e4ttre h\u00e4lsa och gemenskap \u00e5ret runt.\",\"breadcrumb\":{\"@id\":\"https:\/\/skargardsbastu.se\/bastubad\/#breadcrumb\"},\"inLanguage\":\"nb-NO\",\"potentialAction\":[{\"@type\":\"ReadAction\",\"target\":[\"https:\/\/skargardsbastu.se\/bastubad\/\"]}]},{\"@type\":\"ImageObject\",\"inLanguage\":\"nb-NO\",\"@id\":\"https:\/\/skargardsbastu.se\/bastubad\/#primaryimage\",\"url\":\"https:\/\/skargardsbastu.se\/wp-content\/uploads\/2026\/02\/1.nordic-sauna-relaxation-1024x683.jpg\",\"contentUrl\":\"https:\/\/skargardsbastu.se\/wp-content\/uploads\/2026\/02\/1.nordic-sauna-relaxation-1024x683.jpg\"},{\"@type\":\"BreadcrumbList\",\"@id\":\"https:\/\/skargardsbastu.se\/bastubad\/#breadcrumb\",\"itemListElement\":[{\"@type\":\"ListItem\",\"position\":1,\"name\":\"Home\",\"item\":\"https:\/\/skargardsbastu.se\/\"},{\"@type\":\"ListItem\",\"position\":2,\"name\":\"Bastubad\"}]},{\"@type\":\"WebSite\",\"@id\":\"https:\/\/skargardsbastu.se\/#website\",\"url\":\"https:\/\/skargardsbastu.se\/\",\"name\":\"Sk\u00e4rg\u00e5rdsbastu\",\"description\":\"Din bastudr\u00f6m b\u00f6rjar h\u00e4r\",\"publisher\":{\"@id\":\"https:\/\/skargardsbastu.se\/#organization\"},\"potentialAction\":[{\"@type\":\"SearchAction\",\"target\":{\"@type\":\"EntryPoint\",\"urlTemplate\":\"https:\/\/skargardsbastu.se\/?s={search_term_string}\"},\"query-input\":{\"@type\":\"PropertyValueSpecification\",\"valueRequired\":true,\"valueName\":\"search_term_string\"}}],\"inLanguage\":\"nb-NO\"},{\"@type\":\"Organization\",\"@id\":\"https:\/\/skargardsbastu.se\/#organization\",\"name\":\"Sk\u00e4rg\u00e5rdsbastu\",\"url\":\"https:\/\/skargardsbastu.se\/\",\"logo\":{\"@type\":\"ImageObject\",\"inLanguage\":\"nb-NO\",\"@id\":\"https:\/\/skargardsbastu.se\/#\/schema\/logo\/image\/\",\"url\":\"https:\/\/skargardsbastu.se\/wp-content\/uploads\/2025\/05\/T-4-e1748611164195.png\",\"contentUrl\":\"https:\/\/skargardsbastu.se\/wp-content\/uploads\/2025\/05\/T-4-e1748611164195.png\",\"width\":263,\"height\":252,\"caption\":\"Sk\u00e4rg\u00e5rdsbastu\"},\"image\":{\"@id\":\"https:\/\/skargardsbastu.se\/#\/schema\/logo\/image\/\"}}]}<\/script>\n<!-- \/ Yoast SEO Premium plugin. -->","yoast_head_json":{"title":"Bastubad med nordisk design f\u00f6r h\u00e4lsa och avkoppling","description":"Bastubad skapar \u00e5terh\u00e4mtning och v\u00e4lbefinnande med naturlig v\u00e4rme. Uppt\u00e4ck bastur f\u00f6r avkoppling, b\u00e4ttre h\u00e4lsa och gemenskap \u00e5ret runt.","robots":{"index":"index","follow":"follow","max-snippet":"max-snippet:-1","max-image-preview":"max-image-preview:large","max-video-preview":"max-video-preview:-1"},"canonical":"https:\/\/skargardsbastu.se\/nb\/bastubad\/","og_locale":"nb_NO","og_type":"article","og_title":"Bastubad","og_description":"Bastubad skapar \u00e5terh\u00e4mtning och v\u00e4lbefinnande med naturlig v\u00e4rme. Uppt\u00e4ck bastur f\u00f6r avkoppling, b\u00e4ttre h\u00e4lsa och gemenskap \u00e5ret runt.","og_url":"https:\/\/skargardsbastu.se\/nb\/bastubad\/","og_site_name":"Sk\u00e4rg\u00e5rdsbastu","article_modified_time":"2026-02-26T14:04:05+00:00","og_image":[{"url":"https:\/\/skargardsbastu.se\/wp-content\/uploads\/2026\/02\/1.nordic-sauna-relaxation-1024x683.jpg","type":"","width":"","height":""}],"twitter_card":"summary_large_image","twitter_misc":{"Ansl. lesetid":"4 minutter"},"schema":{"@context":"https:\/\/schema.org","@graph":[{"@type":"WebPage","@id":"https:\/\/skargardsbastu.se\/bastubad\/","url":"https:\/\/skargardsbastu.se\/bastubad\/","name":"Bastubad med nordisk design f\u00f6r h\u00e4lsa och avkoppling","isPartOf":{"@id":"https:\/\/skargardsbastu.se\/#website"},"primaryImageOfPage":{"@id":"https:\/\/skargardsbastu.se\/bastubad\/#primaryimage"},"image":{"@id":"https:\/\/skargardsbastu.se\/bastubad\/#primaryimage"},"thumbnailUrl":"https:\/\/skargardsbastu.se\/wp-content\/uploads\/2026\/02\/1.nordic-sauna-relaxation-1024x683.jpg","datePublished":"2025-07-21T11:58:21+00:00","dateModified":"2026-02-26T14:04:05+00:00","description":"Bastubad skapar \u00e5terh\u00e4mtning och v\u00e4lbefinnande med naturlig v\u00e4rme. Uppt\u00e4ck bastur f\u00f6r avkoppling, b\u00e4ttre h\u00e4lsa och gemenskap \u00e5ret runt.","breadcrumb":{"@id":"https:\/\/skargardsbastu.se\/bastubad\/#breadcrumb"},"inLanguage":"nb-NO","potentialAction":[{"@type":"ReadAction","target":["https:\/\/skargardsbastu.se\/bastubad\/"]}]},{"@type":"ImageObject","inLanguage":"nb-NO","@id":"https:\/\/skargardsbastu.se\/bastubad\/#primaryimage","url":"https:\/\/skargardsbastu.se\/wp-content\/uploads\/2026\/02\/1.nordic-sauna-relaxation-1024x683.jpg","contentUrl":"https:\/\/skargardsbastu.se\/wp-content\/uploads\/2026\/02\/1.nordic-sauna-relaxation-1024x683.jpg"},{"@type":"BreadcrumbList","@id":"https:\/\/skargardsbastu.se\/bastubad\/#breadcrumb","itemListElement":[{"@type":"ListItem","position":1,"name":"Home","item":"https:\/\/skargardsbastu.se\/"},{"@type":"ListItem","position":2,"name":"Bastubad"}]},{"@type":"WebSite","@id":"https:\/\/skargardsbastu.se\/#website","url":"https:\/\/skargardsbastu.se\/","name":"Archipelago badstue","description":"Din badstuedr\u00f8m starter her","publisher":{"@id":"https:\/\/skargardsbastu.se\/#organization"},"potentialAction":[{"@type":"SearchAction","target":{"@type":"EntryPoint","urlTemplate":"https:\/\/skargardsbastu.se\/?s={search_term_string}"},"query-input":{"@type":"PropertyValueSpecification","valueRequired":true,"valueName":"search_term_string"}}],"inLanguage":"nb-NO"},{"@type":"Organization","@id":"https:\/\/skargardsbastu.se\/#organization","name":"Archipelago badstue","url":"https:\/\/skargardsbastu.se\/","logo":{"@type":"ImageObject","inLanguage":"nb-NO","@id":"https:\/\/skargardsbastu.se\/#\/schema\/logo\/image\/","url":"https:\/\/skargardsbastu.se\/wp-content\/uploads\/2025\/05\/T-4-e1748611164195.png","contentUrl":"https:\/\/skargardsbastu.se\/wp-content\/uploads\/2025\/05\/T-4-e1748611164195.png","width":263,"height":252,"caption":"Sk\u00e4rg\u00e5rdsbastu"},"image":{"@id":"https:\/\/skargardsbastu.se\/#\/schema\/logo\/image\/"}}]}},"_links":{"self":[{"href":"https:\/\/skargardsbastu.se\/nb\/wp-json\/wp\/v2\/pages\/1864","targetHints":{"allow":["GET"]}}],"collection":[{"href":"https:\/\/skargardsbastu.se\/nb\/wp-json\/wp\/v2\/pages"}],"about":[{"href":"https:\/\/skargardsbastu.se\/nb\/wp-json\/wp\/v2\/types\/page"}],"author":[{"embeddable":true,"href":"https:\/\/skargardsbastu.se\/nb\/wp-json\/wp\/v2\/users\/5"}],"replies":[{"embeddable":true,"href":"https:\/\/skargardsbastu.se\/nb\/wp-json\/wp\/v2\/comments?post=1864"}],"version-history":[{"count":43,"href":"https:\/\/skargardsbastu.se\/nb\/wp-json\/wp\/v2\/pages\/1864\/revisions"}],"predecessor-version":[{"id":2729,"href":"https:\/\/skargardsbastu.se\/nb\/wp-json\/wp\/v2\/pages\/1864\/revisions\/2729"}],"wp:attachment":[{"href":"https:\/\/skargardsbastu.se\/nb\/wp-json\/wp\/v2\/media?parent=1864"}],"curies":[{"name":"wp","href":"https:\/\/api.w.org\/{rel}","templated":true}]}}