{"id":1913,"date":"2025-07-21T13:07:21","date_gmt":"2025-07-21T13:07:21","guid":{"rendered":"https:\/\/skargardsbastu.se\/?page_id=1913"},"modified":"2026-02-26T14:14:33","modified_gmt":"2026-02-26T14:14:33","slug":"bastutunna-med-relax","status":"publish","type":"page","link":"https:\/\/skargardsbastu.se\/en\/bastutunna-med-relax\/","title":{"rendered":"Bastutunna med Relax"},"content":{"rendered":"<div data-elementor-type=\"wp-page\" data-elementor-id=\"1913\" class=\"elementor elementor-1913\" data-elementor-post-type=\"page\">\n\t\t\t\t<div class=\"elementor-element elementor-element-8f2eb91 e-flex e-con-boxed e-con e-parent\" data-id=\"8f2eb91\" data-element_type=\"container\" data-e-type=\"container\" data-settings=\"{&quot;background_background&quot;:&quot;classic&quot;}\">\n\t\t\t\t\t<div class=\"e-con-inner\">\n\t\t<div class=\"elementor-element elementor-element-1af229e e-con-full e-flex e-con e-child\" data-id=\"1af229e\" data-element_type=\"container\" data-e-type=\"container\" data-settings=\"{&quot;background_background&quot;:&quot;classic&quot;}\">\n\t\t\t\t<div class=\"elementor-element elementor-element-be97250 elementor-widget elementor-widget-heading\" data-id=\"be97250\" data-element_type=\"widget\" data-e-type=\"widget\" data-widget_type=\"heading.default\">\n\t\t\t\t<div class=\"elementor-widget-container\">\n\t\t\t\t\t<h1 class=\"elementor-heading-title elementor-size-default\">Bastutunna med relax \u2013 avkoppling och umg\u00e4nge \u00e5ret runt<\/h1>\t\t\t\t<\/div>\n\t\t\t\t<\/div>\n\t\t\t\t<div class=\"elementor-element elementor-element-3c1a3e1 elementor-widget__width-initial elementor-widget-mobile__width-inherit elementor-widget elementor-widget-text-editor\" data-id=\"3c1a3e1\" data-element_type=\"widget\" data-e-type=\"widget\" data-widget_type=\"text-editor.default\">\n\t\t\t\t<div class=\"elementor-widget-container\">\n\t\t\t\t\t\t\t\t\t<p>Relax d\u00e4r avkoppling och sociala stunder st\u00e5r i centrum.<\/p>\t\t\t\t\t\t\t\t<\/div>\n\t\t\t\t<\/div>\n\t\t\t\t<\/div>\n\t\t\t\t\t<\/div>\n\t\t\t\t<\/div>\n\t\t<div class=\"elementor-element elementor-element-6543f15 e-flex e-con-boxed e-con e-parent\" data-id=\"6543f15\" data-element_type=\"container\" data-e-type=\"container\" data-settings=\"{&quot;background_background&quot;:&quot;classic&quot;}\">\n\t\t\t\t\t<div class=\"e-con-inner\">\n\t\t\t\t<div class=\"elementor-element elementor-element-db7531a elementor-widget elementor-widget-text-editor\" data-id=\"db7531a\" data-element_type=\"widget\" data-e-type=\"widget\" data-widget_type=\"text-editor.default\">\n\t\t\t\t<div class=\"elementor-widget-container\">\n\t\t\t\t\t\t\t\t\t<p>Dr\u00f6mmer du om en bastutunna med relax d\u00e4r avkoppling och sociala stunder st\u00e5r i centrum? Med en bastutunna utrustad med relaxutrymme f\u00e5r du det b\u00e4sta av tv\u00e5 v\u00e4rldar \u2013 en genuin bastuupplevelse och en bekv\u00e4m plats f\u00f6r vila mellan baden. Den gener\u00f6sa relaxdelen ger utrymme f\u00f6r umg\u00e4nge, svalka och \u00e5terh\u00e4mtning, oavsett om du bastar ensam eller tillsammans med familj och v\u00e4nner.\u00a0<\/p><p>V\u00e4lj en bastutunna med relax fr\u00e5n Sk\u00e4rg\u00e5rdsbastu f\u00f6r att skapa en harmonisk milj\u00f6 som bjuder in till l\u00e5nga, njutbara bastukv\u00e4llar \u00e5ret runt. Tack vare noggrant utvalda material och nordisk design sm\u00e4lter modellen snyggt in i b\u00e5de tr\u00e4dg\u00e5rd och natur. Bastutunnan med relax fr\u00e5n Sk\u00e4rg\u00e5rdsbastu blir snabbt hemmets favoritplats f\u00f6r b\u00e5de vardagslyx och festliga tillf\u00e4llen, med k\u00e4nsla av exklusivitet och komfort i varje detalj.<\/p>\t\t\t\t\t\t\t\t<\/div>\n\t\t\t\t<\/div>\n\t\t\t\t<div class=\"elementor-element elementor-element-4bdc81a elementor-widget elementor-widget-heading\" data-id=\"4bdc81a\" data-element_type=\"widget\" data-e-type=\"widget\" data-widget_type=\"heading.default\">\n\t\t\t\t<div class=\"elementor-widget-container\">\n\t\t\t\t\t<h2 class=\"elementor-heading-title elementor-size-default\">Bastutunna med relax \u2013 skapa din egen oas hemma<\/h2>\t\t\t\t<\/div>\n\t\t\t\t<\/div>\n\t\t\t\t<div class=\"elementor-element elementor-element-43b5fb7 elementor-widget elementor-widget-text-editor\" data-id=\"43b5fb7\" data-element_type=\"widget\" data-e-type=\"widget\" data-widget_type=\"text-editor.default\">\n\t\t\t\t<div class=\"elementor-widget-container\">\n\t\t\t\t\t\t\t\t\t<p>En bastutunna med relax \u00e4r det perfekta valet f\u00f6r dig som vill kombinera bastubad med avkoppling och sociala stunder. Med ett separat relaxutrymme f\u00e5r du en plats d\u00e4r du kan vila mellan baden, umg\u00e5s med familj och v\u00e4nner eller bara njuta av lugnet efter en varm bastusession. Den rymliga relaxdelen ger m\u00f6jlighet till svalka och \u00e5terh\u00e4mtning, vilket f\u00f6rh\u00f6jer hela bastuupplevelsen.&nbsp;<\/p><p>Tack vare genomt\u00e4nkt nordisk design och noggrant utvalda material sm\u00e4lter bastutunnan med relax in i b\u00e5de tr\u00e4dg\u00e5rd och natur. Oavsett \u00e5rstid blir detta en favoritplats f\u00f6r b\u00e5de vardagslyx och festliga tillf\u00e4llen. Skapa en harmonisk milj\u00f6 d\u00e4r komfort och exklusivitet st\u00e5r i centrum och njut av l\u00e5nga, njutbara bastukv\u00e4llar \u00e5ret runt med en bastutunna med relax.<\/p>\t\t\t\t\t\t\t\t<\/div>\n\t\t\t\t<\/div>\n\t\t\t\t<div class=\"elementor-element elementor-element-50f349c elementor-widget elementor-widget-heading\" data-id=\"50f349c\" data-element_type=\"widget\" data-e-type=\"widget\" data-widget_type=\"heading.default\">\n\t\t\t\t<div class=\"elementor-widget-container\">\n\t\t\t\t\t<h3 class=\"elementor-heading-title elementor-size-default\">F\u00f6rdelar med bastutunna och relax f\u00f6r hemmet<\/h3>\t\t\t\t<\/div>\n\t\t\t\t<\/div>\n\t\t\t\t<div class=\"elementor-element elementor-element-9dd901f elementor-widget elementor-widget-text-editor\" data-id=\"9dd901f\" data-element_type=\"widget\" data-e-type=\"widget\" data-widget_type=\"text-editor.default\">\n\t\t\t\t<div class=\"elementor-widget-container\">\n\t\t\t\t\t\t\t\t\t<p>En bastutunna med relax skapar en avkopplande oas i din egen tr\u00e4dg\u00e5rd eller vid fritidshuset. Kombinationen av bastu och separat relaxutrymme l\u00e5ter dig njuta av b\u00e5de v\u00e4rme och vila \u00e5ret om.<\/p><p>Det rymliga relaxutrymmet \u00e4r utm\u00e4rkt f\u00f6r sociala stunder med familj och v\u00e4nner, eller f\u00f6r att koppla av i lugn och ro efter bastubadet. Tack vare genomt\u00e4nkt design och kvalitetsmaterial sm\u00e4lter bastutunnan in i omgivningen och h\u00f6jer komforten och trivseln i din utemilj\u00f6.<\/p>\t\t\t\t\t\t\t\t<\/div>\n\t\t\t\t<\/div>\n\t\t\t\t<div class=\"elementor-element elementor-element-b0bd607 elementor-widget elementor-widget-heading\" data-id=\"b0bd607\" data-element_type=\"widget\" data-e-type=\"widget\" data-widget_type=\"heading.default\">\n\t\t\t\t<div class=\"elementor-widget-container\">\n\t\t\t\t\t<h3 class=\"elementor-heading-title elementor-size-default\">S\u00e5 skapar en bastutunna med relax en social samlingsplats<\/h3>\t\t\t\t<\/div>\n\t\t\t\t<\/div>\n\t\t\t\t<div class=\"elementor-element elementor-element-e66b068 elementor-widget elementor-widget-text-editor\" data-id=\"e66b068\" data-element_type=\"widget\" data-e-type=\"widget\" data-widget_type=\"text-editor.default\">\n\t\t\t\t<div class=\"elementor-widget-container\">\n\t\t\t\t\t\t\t\t\t<p>Med en bastutunna med relax kan du skapa en naturlig samlingspunkt f\u00f6r b\u00e5de familj och v\u00e4nner. Den rymliga relaxdelen g\u00f6r det m\u00f6jligt att umg\u00e5s, svalka sig och njuta av samtal mellan bastubaden. Oavsett v\u00e4der eller \u00e5rstid blir bastutunnan en plats d\u00e4r gemenskap och avslappning st\u00e5r i fokus.&nbsp;<\/p><p>Med sin harmoniska design och funktionella uppdelning f\u00e5r du b\u00e5de en bastu och ett bekv\u00e4mt utrymme f\u00f6r \u00e5terh\u00e4mtning, vilket g\u00f6r varje bastukv\u00e4ll till en minnesv\u00e4rd upplevelse hemma i tr\u00e4dg\u00e5rden.<\/p>\t\t\t\t\t\t\t\t<\/div>\n\t\t\t\t<\/div>\n\t\t\t\t<div class=\"elementor-element elementor-element-3cf5fd8 elementor-widget elementor-widget-image\" data-id=\"3cf5fd8\" data-element_type=\"widget\" data-e-type=\"widget\" data-widget_type=\"image.default\">\n\t\t\t\t<div class=\"elementor-widget-container\">\n\t\t\t\t\t\t\t\t\t\t\t\t\t\t\t<img fetchpriority=\"high\" decoding=\"async\" width=\"800\" height=\"534\" src=\"https:\/\/skargardsbastu.se\/wp-content\/uploads\/2026\/02\/10.nordic-retreat-1024x683.jpg\" class=\"attachment-large size-large wp-image-2715 wvs-archive-product-image\" alt=\"Bastutunna med relax fr\u00e5n Sk\u00e4rg\u00e5rdsbastu - njut av avkoppling och sociala stunder \u00e5ret runt.\" srcset=\"https:\/\/skargardsbastu.se\/wp-content\/uploads\/2026\/02\/10.nordic-retreat-1024x683.jpg 1024w, https:\/\/skargardsbastu.se\/wp-content\/uploads\/2026\/02\/10.nordic-retreat-300x200.jpg 300w, https:\/\/skargardsbastu.se\/wp-content\/uploads\/2026\/02\/10.nordic-retreat-768x512.jpg 768w, https:\/\/skargardsbastu.se\/wp-content\/uploads\/2026\/02\/10.nordic-retreat-1536x1024.jpg 1536w, https:\/\/skargardsbastu.se\/wp-content\/uploads\/2026\/02\/10.nordic-retreat-600x400.jpg 600w, https:\/\/skargardsbastu.se\/wp-content\/uploads\/2026\/02\/10.nordic-retreat.jpg 1920w\" sizes=\"(max-width: 800px) 100vw, 800px\" \/>\t\t\t\t\t\t\t\t\t\t\t\t\t\t\t<\/div>\n\t\t\t\t<\/div>\n\t\t\t\t\t<\/div>\n\t\t\t\t<\/div>\n\t\t<div class=\"elementor-element elementor-element-2e5fa02 e-flex e-con-boxed e-con e-parent\" data-id=\"2e5fa02\" data-element_type=\"container\" data-e-type=\"container\" data-settings=\"{&quot;background_background&quot;:&quot;classic&quot;}\">\n\t\t\t\t\t<div class=\"e-con-inner\">\n\t\t\t\t<div class=\"elementor-element elementor-element-09be1fd elementor-widget elementor-widget-heading\" data-id=\"09be1fd\" data-element_type=\"widget\" data-e-type=\"widget\" data-widget_type=\"heading.default\">\n\t\t\t\t<div class=\"elementor-widget-container\">\n\t\t\t\t\t<h2 class=\"elementor-heading-title elementor-size-default\">Contact us for more information<\/h2>\t\t\t\t<\/div>\n\t\t\t\t<\/div>\n\t\t\t\t<div class=\"elementor-element elementor-element-e2146fe elementor-widget elementor-widget-text-editor\" data-id=\"e2146fe\" data-element_type=\"widget\" data-e-type=\"widget\" data-widget_type=\"text-editor.default\">\n\t\t\t\t<div class=\"elementor-widget-container\">\n\t\t\t\t\t\t\t\t\t<p><span style=\"font-weight: 400;\">Buying a sauna should be easy and safe. With us, you get not just a product, but a complete solution - from advice and ordering to delivery and installation. We are happy to guide you in choosing the freestanding sauna that best suits your garden and ensure that every step of the process is smooth. Contact us today to take the first step towards realizing your sauna dream. <\/span><\/p>\t\t\t\t\t\t\t\t<\/div>\n\t\t\t\t<\/div>\n\t\t\t\t<div class=\"elementor-element elementor-element-6d55090 elementor-align-center elementor-widget elementor-widget-button\" data-id=\"6d55090\" data-element_type=\"widget\" data-e-type=\"widget\" data-widget_type=\"button.default\">\n\t\t\t\t<div class=\"elementor-widget-container\">\n\t\t\t\t\t\t\t\t\t<div class=\"elementor-button-wrapper\">\n\t\t\t\t\t<a class=\"elementor-button elementor-button-link elementor-size-sm\" href=\"https:\/\/skargardsbastu.se\/en\/kontakt\/\">\n\t\t\t\t\t\t<span class=\"elementor-button-content-wrapper\">\n\t\t\t\t\t\t\t\t\t<span class=\"elementor-button-text\">Contact us for more information<\/span>\n\t\t\t\t\t<\/span>\n\t\t\t\t\t<\/a>\n\t\t\t\t<\/div>\n\t\t\t\t\t\t\t\t<\/div>\n\t\t\t\t<\/div>\n\t\t\t\t\t<\/div>\n\t\t\t\t<\/div>\n\t\t<div class=\"elementor-element elementor-element-97d5ddd e-flex e-con-boxed e-con e-parent\" data-id=\"97d5ddd\" data-element_type=\"container\" data-e-type=\"container\">\n\t\t\t\t\t<div class=\"e-con-inner\">\n\t\t\t\t<div class=\"elementor-element elementor-element-1d31ebe elementor-widget elementor-widget-spacer\" data-id=\"1d31ebe\" data-element_type=\"widget\" data-e-type=\"widget\" data-widget_type=\"spacer.default\">\n\t\t\t\t<div class=\"elementor-widget-container\">\n\t\t\t\t\t\t\t<div class=\"elementor-spacer\">\n\t\t\t<div class=\"elementor-spacer-inner\"><\/div>\n\t\t<\/div>\n\t\t\t\t\t\t<\/div>\n\t\t\t\t<\/div>\n\t\t\t\t<div class=\"elementor-element elementor-element-a552ae5 elementor-widget elementor-widget-heading\" data-id=\"a552ae5\" data-element_type=\"widget\" data-e-type=\"widget\" data-widget_type=\"heading.default\">\n\t\t\t\t<div class=\"elementor-widget-container\">\n\t\t\t\t\t<h4 class=\"elementor-heading-title elementor-size-default\">Questions &amp; Answers<\/h4>\t\t\t\t<\/div>\n\t\t\t\t<\/div>\n\t\t\t\t<div class=\"elementor-element elementor-element-828bc47 elementor-widget elementor-widget-text-editor\" data-id=\"828bc47\" data-element_type=\"widget\" data-e-type=\"widget\" data-widget_type=\"text-editor.default\">\n\t\t\t\t<div class=\"elementor-widget-container\">\n\t\t\t\t\t\t\t\t\t<p data-start=\"0\" data-end=\"290\"><strong data-start=\"0\" data-end=\"62\">Vad \u00e4r en bastutunna med relax och vilka f\u00f6rdelar har den?<\/strong><br data-start=\"62\" data-end=\"65\" \/>En bastutunna med relax \u00e4r en kombinerad bastu och relaxutrymme. F\u00f6rdelen \u00e4r att du f\u00e5r b\u00e5de en genuin bastuupplevelse och ett separat utrymme f\u00f6r vila och umg\u00e4nge, vilket g\u00f6r bastubaden mer avkopplande och sociala \u00e5ret runt.<\/p><p data-start=\"292\" data-end=\"602\"><strong data-start=\"292\" data-end=\"355\">Hur skapar en bastutunna med relax en social samlingsplats?<\/strong><br data-start=\"355\" data-end=\"358\" \/>Med en bastutunna med relax f\u00e5r du en rymlig plats d\u00e4r familj och v\u00e4nner kan umg\u00e5s, svalka sig och njuta av samtal mellan bastubaden. Relaxdelen g\u00f6r bastun till en naturlig samlingspunkt f\u00f6r gemenskap och avkoppling, oavsett v\u00e4der eller \u00e5rstid.<\/p><p data-start=\"604\" data-end=\"892\"><strong data-start=\"604\" data-end=\"657\">Vilka designf\u00f6rdelar har en bastutunna med relax?<\/strong><br data-start=\"657\" data-end=\"660\" \/>Bastutunnor med relax \u00e4r utformade med nordisk design och noggrant utvalda material. Det g\u00f6r att de sm\u00e4lter in i b\u00e5de tr\u00e4dg\u00e5rd och natur, samtidigt som de erbjuder komfort, exklusivitet och en harmonisk milj\u00f6 f\u00f6r l\u00e5nga bastukv\u00e4llar.<\/p><p data-start=\"894\" data-end=\"1220\" data-is-last-node=\"\" data-is-only-node=\"\"><strong data-start=\"894\" data-end=\"951\">Vad b\u00f6r man t\u00e4nka p\u00e5 vid k\u00f6p av bastutunna med relax?<\/strong><br data-start=\"951\" data-end=\"954\" \/>Vid k\u00f6p av bastutunna med relax \u00e4r det viktigt att t\u00e4nka p\u00e5 storlek, material, och hur den passar in i din tr\u00e4dg\u00e5rd. V\u00e4lj en modell som erbjuder b\u00e5de bastu och relaxutrymme f\u00f6r b\u00e4sta m\u00f6jliga komfort och sociala m\u00f6jligheter, samt smidig installation och h\u00f6g kvalitet<\/p>\t\t\t\t\t\t\t\t<\/div>\n\t\t\t\t<\/div>\n\t\t\t\t<div class=\"elementor-element elementor-element-229ff80 elementor-widget elementor-widget-spacer\" data-id=\"229ff80\" data-element_type=\"widget\" data-e-type=\"widget\" data-widget_type=\"spacer.default\">\n\t\t\t\t<div class=\"elementor-widget-container\">\n\t\t\t\t\t\t\t<div class=\"elementor-spacer\">\n\t\t\t<div class=\"elementor-spacer-inner\"><\/div>\n\t\t<\/div>\n\t\t\t\t\t\t<\/div>\n\t\t\t\t<\/div>\n\t\t\t\t\t<\/div>\n\t\t\t\t<\/div>\n\t\t\t\t<\/div>","protected":false},"excerpt":{"rendered":"<p>Bastutunna med relax \u2013 avkoppling och umg\u00e4nge \u00e5ret runt Relax d\u00e4r avkoppling och sociala stunder st\u00e5r i centrum. Dr\u00f6mmer du om en bastutunna med relax d\u00e4r avkoppling och sociala stunder st\u00e5r i centrum? Med en bastutunna utrustad med relaxutrymme f\u00e5r du det b\u00e4sta av tv\u00e5 v\u00e4rldar \u2013 en genuin bastuupplevelse och en bekv\u00e4m plats f\u00f6r [&hellip;]<\/p>\n","protected":false},"author":5,"featured_media":0,"parent":0,"menu_order":0,"comment_status":"closed","ping_status":"closed","template":"","meta":{"_acf_changed":false,"footnotes":""},"class_list":["post-1913","page","type-page","status-publish","hentry"],"acf":[],"yoast_head":"<!-- This site is optimized with the Yoast SEO Premium plugin v27.0 (Yoast SEO v27.0) - https:\/\/yoast.com\/product\/yoast-seo-premium-wordpress\/ -->\n<title>Bastutunna med relax \u2013 njut av bastubad och avkoppling<\/title>\n<meta name=\"description\" content=\"Uppt\u00e4ck bastutunna med relax \u2013 en kombination av bastu och rymligt relaxutrymme f\u00f6r avkoppling, umg\u00e4nge och \u00e5terh\u00e4mtning \u00e5ret runt.\" \/>\n<meta name=\"robots\" content=\"index, follow, max-snippet:-1, max-image-preview:large, max-video-preview:-1\" \/>\n<link rel=\"canonical\" href=\"https:\/\/skargardsbastu.se\/en\/bastutunna-med-relax\/\" \/>\n<meta property=\"og:locale\" content=\"en_US\" \/>\n<meta property=\"og:type\" content=\"article\" \/>\n<meta property=\"og:title\" content=\"Bastutunna med Relax\" \/>\n<meta property=\"og:description\" content=\"Uppt\u00e4ck bastutunna med relax \u2013 en kombination av bastu och rymligt relaxutrymme f\u00f6r avkoppling, umg\u00e4nge och \u00e5terh\u00e4mtning \u00e5ret runt.\" \/>\n<meta property=\"og:url\" content=\"https:\/\/skargardsbastu.se\/en\/bastutunna-med-relax\/\" \/>\n<meta property=\"og:site_name\" content=\"Sk\u00e4rg\u00e5rdsbastu\" \/>\n<meta property=\"article:modified_time\" content=\"2026-02-26T14:14:33+00:00\" \/>\n<meta property=\"og:image\" content=\"https:\/\/skargardsbastu.se\/wp-content\/uploads\/2026\/02\/10.nordic-retreat.jpg\" \/>\n\t<meta property=\"og:image:width\" content=\"1920\" \/>\n\t<meta property=\"og:image:height\" content=\"1280\" \/>\n\t<meta property=\"og:image:type\" content=\"image\/jpeg\" \/>\n<meta name=\"twitter:card\" content=\"summary_large_image\" \/>\n<meta name=\"twitter:label1\" content=\"Est. reading time\" \/>\n\t<meta name=\"twitter:data1\" content=\"4 minutes\" \/>\n<script type=\"application\/ld+json\" class=\"yoast-schema-graph\">{\"@context\":\"https:\/\/schema.org\",\"@graph\":[{\"@type\":\"WebPage\",\"@id\":\"https:\/\/skargardsbastu.se\/bastutunna-med-relax\/\",\"url\":\"https:\/\/skargardsbastu.se\/bastutunna-med-relax\/\",\"name\":\"Bastutunna med relax \u2013 njut av bastubad och avkoppling\",\"isPartOf\":{\"@id\":\"https:\/\/skargardsbastu.se\/#website\"},\"primaryImageOfPage\":{\"@id\":\"https:\/\/skargardsbastu.se\/bastutunna-med-relax\/#primaryimage\"},\"image\":{\"@id\":\"https:\/\/skargardsbastu.se\/bastutunna-med-relax\/#primaryimage\"},\"thumbnailUrl\":\"https:\/\/skargardsbastu.se\/wp-content\/uploads\/2026\/02\/10.nordic-retreat-1024x683.jpg\",\"datePublished\":\"2025-07-21T13:07:21+00:00\",\"dateModified\":\"2026-02-26T14:14:33+00:00\",\"description\":\"Uppt\u00e4ck bastutunna med relax \u2013 en kombination av bastu och rymligt relaxutrymme f\u00f6r avkoppling, umg\u00e4nge och \u00e5terh\u00e4mtning \u00e5ret runt.\",\"breadcrumb\":{\"@id\":\"https:\/\/skargardsbastu.se\/bastutunna-med-relax\/#breadcrumb\"},\"inLanguage\":\"en-US\",\"potentialAction\":[{\"@type\":\"ReadAction\",\"target\":[\"https:\/\/skargardsbastu.se\/bastutunna-med-relax\/\"]}]},{\"@type\":\"ImageObject\",\"inLanguage\":\"en-US\",\"@id\":\"https:\/\/skargardsbastu.se\/bastutunna-med-relax\/#primaryimage\",\"url\":\"https:\/\/skargardsbastu.se\/wp-content\/uploads\/2026\/02\/10.nordic-retreat-1024x683.jpg\",\"contentUrl\":\"https:\/\/skargardsbastu.se\/wp-content\/uploads\/2026\/02\/10.nordic-retreat-1024x683.jpg\"},{\"@type\":\"BreadcrumbList\",\"@id\":\"https:\/\/skargardsbastu.se\/bastutunna-med-relax\/#breadcrumb\",\"itemListElement\":[{\"@type\":\"ListItem\",\"position\":1,\"name\":\"Home\",\"item\":\"https:\/\/skargardsbastu.se\/\"},{\"@type\":\"ListItem\",\"position\":2,\"name\":\"Bastutunna med Relax\"}]},{\"@type\":\"WebSite\",\"@id\":\"https:\/\/skargardsbastu.se\/#website\",\"url\":\"https:\/\/skargardsbastu.se\/\",\"name\":\"Sk\u00e4rg\u00e5rdsbastu\",\"description\":\"Din bastudr\u00f6m b\u00f6rjar h\u00e4r\",\"publisher\":{\"@id\":\"https:\/\/skargardsbastu.se\/#organization\"},\"potentialAction\":[{\"@type\":\"SearchAction\",\"target\":{\"@type\":\"EntryPoint\",\"urlTemplate\":\"https:\/\/skargardsbastu.se\/?s={search_term_string}\"},\"query-input\":{\"@type\":\"PropertyValueSpecification\",\"valueRequired\":true,\"valueName\":\"search_term_string\"}}],\"inLanguage\":\"en-US\"},{\"@type\":\"Organization\",\"@id\":\"https:\/\/skargardsbastu.se\/#organization\",\"name\":\"Sk\u00e4rg\u00e5rdsbastu\",\"url\":\"https:\/\/skargardsbastu.se\/\",\"logo\":{\"@type\":\"ImageObject\",\"inLanguage\":\"en-US\",\"@id\":\"https:\/\/skargardsbastu.se\/#\/schema\/logo\/image\/\",\"url\":\"https:\/\/skargardsbastu.se\/wp-content\/uploads\/2025\/05\/T-4-e1748611164195.png\",\"contentUrl\":\"https:\/\/skargardsbastu.se\/wp-content\/uploads\/2025\/05\/T-4-e1748611164195.png\",\"width\":263,\"height\":252,\"caption\":\"Sk\u00e4rg\u00e5rdsbastu\"},\"image\":{\"@id\":\"https:\/\/skargardsbastu.se\/#\/schema\/logo\/image\/\"}}]}<\/script>\n<!-- \/ Yoast SEO Premium plugin. -->","yoast_head_json":{"title":"Bastutunna med relax \u2013 njut av bastubad och avkoppling","description":"Uppt\u00e4ck bastutunna med relax \u2013 en kombination av bastu och rymligt relaxutrymme f\u00f6r avkoppling, umg\u00e4nge och \u00e5terh\u00e4mtning \u00e5ret runt.","robots":{"index":"index","follow":"follow","max-snippet":"max-snippet:-1","max-image-preview":"max-image-preview:large","max-video-preview":"max-video-preview:-1"},"canonical":"https:\/\/skargardsbastu.se\/en\/bastutunna-med-relax\/","og_locale":"en_US","og_type":"article","og_title":"Bastutunna med Relax","og_description":"Uppt\u00e4ck bastutunna med relax \u2013 en kombination av bastu och rymligt relaxutrymme f\u00f6r avkoppling, umg\u00e4nge och \u00e5terh\u00e4mtning \u00e5ret runt.","og_url":"https:\/\/skargardsbastu.se\/en\/bastutunna-med-relax\/","og_site_name":"Sk\u00e4rg\u00e5rdsbastu","article_modified_time":"2026-02-26T14:14:33+00:00","og_image":[{"width":1920,"height":1280,"url":"https:\/\/skargardsbastu.se\/wp-content\/uploads\/2026\/02\/10.nordic-retreat.jpg","type":"image\/jpeg"}],"twitter_card":"summary_large_image","twitter_misc":{"Est. reading time":"4 minutes"},"schema":{"@context":"https:\/\/schema.org","@graph":[{"@type":"WebPage","@id":"https:\/\/skargardsbastu.se\/bastutunna-med-relax\/","url":"https:\/\/skargardsbastu.se\/bastutunna-med-relax\/","name":"Bastutunna med relax \u2013 njut av bastubad och avkoppling","isPartOf":{"@id":"https:\/\/skargardsbastu.se\/#website"},"primaryImageOfPage":{"@id":"https:\/\/skargardsbastu.se\/bastutunna-med-relax\/#primaryimage"},"image":{"@id":"https:\/\/skargardsbastu.se\/bastutunna-med-relax\/#primaryimage"},"thumbnailUrl":"https:\/\/skargardsbastu.se\/wp-content\/uploads\/2026\/02\/10.nordic-retreat-1024x683.jpg","datePublished":"2025-07-21T13:07:21+00:00","dateModified":"2026-02-26T14:14:33+00:00","description":"Uppt\u00e4ck bastutunna med relax \u2013 en kombination av bastu och rymligt relaxutrymme f\u00f6r avkoppling, umg\u00e4nge och \u00e5terh\u00e4mtning \u00e5ret runt.","breadcrumb":{"@id":"https:\/\/skargardsbastu.se\/bastutunna-med-relax\/#breadcrumb"},"inLanguage":"en-US","potentialAction":[{"@type":"ReadAction","target":["https:\/\/skargardsbastu.se\/bastutunna-med-relax\/"]}]},{"@type":"ImageObject","inLanguage":"en-US","@id":"https:\/\/skargardsbastu.se\/bastutunna-med-relax\/#primaryimage","url":"https:\/\/skargardsbastu.se\/wp-content\/uploads\/2026\/02\/10.nordic-retreat-1024x683.jpg","contentUrl":"https:\/\/skargardsbastu.se\/wp-content\/uploads\/2026\/02\/10.nordic-retreat-1024x683.jpg"},{"@type":"BreadcrumbList","@id":"https:\/\/skargardsbastu.se\/bastutunna-med-relax\/#breadcrumb","itemListElement":[{"@type":"ListItem","position":1,"name":"Home","item":"https:\/\/skargardsbastu.se\/"},{"@type":"ListItem","position":2,"name":"Bastutunna med Relax"}]},{"@type":"WebSite","@id":"https:\/\/skargardsbastu.se\/#website","url":"https:\/\/skargardsbastu.se\/","name":"Archipelago sauna","description":"Your sauna dream starts here","publisher":{"@id":"https:\/\/skargardsbastu.se\/#organization"},"potentialAction":[{"@type":"SearchAction","target":{"@type":"EntryPoint","urlTemplate":"https:\/\/skargardsbastu.se\/?s={search_term_string}"},"query-input":{"@type":"PropertyValueSpecification","valueRequired":true,"valueName":"search_term_string"}}],"inLanguage":"en-US"},{"@type":"Organization","@id":"https:\/\/skargardsbastu.se\/#organization","name":"Archipelago sauna","url":"https:\/\/skargardsbastu.se\/","logo":{"@type":"ImageObject","inLanguage":"en-US","@id":"https:\/\/skargardsbastu.se\/#\/schema\/logo\/image\/","url":"https:\/\/skargardsbastu.se\/wp-content\/uploads\/2025\/05\/T-4-e1748611164195.png","contentUrl":"https:\/\/skargardsbastu.se\/wp-content\/uploads\/2025\/05\/T-4-e1748611164195.png","width":263,"height":252,"caption":"Sk\u00e4rg\u00e5rdsbastu"},"image":{"@id":"https:\/\/skargardsbastu.se\/#\/schema\/logo\/image\/"}}]}},"_links":{"self":[{"href":"https:\/\/skargardsbastu.se\/en\/wp-json\/wp\/v2\/pages\/1913","targetHints":{"allow":["GET"]}}],"collection":[{"href":"https:\/\/skargardsbastu.se\/en\/wp-json\/wp\/v2\/pages"}],"about":[{"href":"https:\/\/skargardsbastu.se\/en\/wp-json\/wp\/v2\/types\/page"}],"author":[{"embeddable":true,"href":"https:\/\/skargardsbastu.se\/en\/wp-json\/wp\/v2\/users\/5"}],"replies":[{"embeddable":true,"href":"https:\/\/skargardsbastu.se\/en\/wp-json\/wp\/v2\/comments?post=1913"}],"version-history":[{"count":28,"href":"https:\/\/skargardsbastu.se\/en\/wp-json\/wp\/v2\/pages\/1913\/revisions"}],"predecessor-version":[{"id":2750,"href":"https:\/\/skargardsbastu.se\/en\/wp-json\/wp\/v2\/pages\/1913\/revisions\/2750"}],"wp:attachment":[{"href":"https:\/\/skargardsbastu.se\/en\/wp-json\/wp\/v2\/media?parent=1913"}],"curies":[{"name":"wp","href":"https:\/\/api.w.org\/{rel}","templated":true}]}}