{"id":1892,"date":"2025-07-21T12:52:49","date_gmt":"2025-07-21T12:52:49","guid":{"rendered":"https:\/\/skargardsbastu.se\/?page_id=1892"},"modified":"2026-02-26T14:11:15","modified_gmt":"2026-02-26T14:11:15","slug":"bastu-med-relax","status":"publish","type":"page","link":"https:\/\/skargardsbastu.se\/en\/bastu-med-relax\/","title":{"rendered":"Bastu med Relax"},"content":{"rendered":"<div data-elementor-type=\"wp-page\" data-elementor-id=\"1892\" class=\"elementor elementor-1892\" data-elementor-post-type=\"page\">\n\t\t\t\t<div class=\"elementor-element elementor-element-8f2eb91 e-flex e-con-boxed e-con e-parent\" data-id=\"8f2eb91\" data-element_type=\"container\" data-e-type=\"container\" data-settings=\"{&quot;background_background&quot;:&quot;classic&quot;}\">\n\t\t\t\t\t<div class=\"e-con-inner\">\n\t\t<div class=\"elementor-element elementor-element-1af229e e-con-full e-flex e-con e-child\" data-id=\"1af229e\" data-element_type=\"container\" data-e-type=\"container\" data-settings=\"{&quot;background_background&quot;:&quot;classic&quot;}\">\n\t\t\t\t<div class=\"elementor-element elementor-element-be97250 elementor-widget elementor-widget-heading\" data-id=\"be97250\" data-element_type=\"widget\" data-e-type=\"widget\" data-widget_type=\"heading.default\">\n\t\t\t\t<div class=\"elementor-widget-container\">\n\t\t\t\t\t<h1 class=\"elementor-heading-title elementor-size-default\">Bastu med relax \u2013 en komplett plats f\u00f6r avkoppling och gemenskap<\/h1>\t\t\t\t<\/div>\n\t\t\t\t<\/div>\n\t\t\t\t<div class=\"elementor-element elementor-element-3c1a3e1 elementor-widget__width-initial elementor-widget-mobile__width-inherit elementor-widget elementor-widget-text-editor\" data-id=\"3c1a3e1\" data-element_type=\"widget\" data-e-type=\"widget\" data-widget_type=\"text-editor.default\">\n\t\t\t\t<div class=\"elementor-widget-container\">\n\t\t\t\t\t\t\t\t\t<p>En oas f\u00f6r avkoppling och \u00e5terh\u00e4mtning i hemmet eller tr\u00e4dg\u00e5rden.<\/p>\t\t\t\t\t\t\t\t<\/div>\n\t\t\t\t<\/div>\n\t\t\t\t<\/div>\n\t\t\t\t\t<\/div>\n\t\t\t\t<\/div>\n\t\t<div class=\"elementor-element elementor-element-6543f15 e-flex e-con-boxed e-con e-parent\" data-id=\"6543f15\" data-element_type=\"container\" data-e-type=\"container\" data-settings=\"{&quot;background_background&quot;:&quot;classic&quot;}\">\n\t\t\t\t\t<div class=\"e-con-inner\">\n\t\t\t\t<div class=\"elementor-element elementor-element-f738481 elementor-widget elementor-widget-text-editor\" data-id=\"f738481\" data-element_type=\"widget\" data-e-type=\"widget\" data-widget_type=\"text-editor.default\">\n\t\t\t\t<div class=\"elementor-widget-container\">\n\t\t\t\t\t\t\t\t\t<p>En bastu med relax skapar en komplett oas f\u00f6r avkoppling och \u00e5terh\u00e4mtning i hemmet eller tr\u00e4dg\u00e5rden. Hos Sk\u00e4rg\u00e5rdsbastu kombineras traditionell bastuv\u00e4rme med ett gener\u00f6st relaxutrymme, d\u00e4r du kan njuta av vilan mellan varven. Med en bastu med relax f\u00e5r du inte bara en plats f\u00f6r v\u00e4rmande bad, utan ocks\u00e5 ett extra rum f\u00f6r umg\u00e4nge, avkoppling och stillhet. Den rymliga relaxdelen ger m\u00f6jlighet att ta det lugnt efter bastubadet, svalka sig och l\u00e5ta kroppen \u00e5terh\u00e4mta sig i lugn milj\u00f6.<\/p><p>V\u00e5r nordiska design och noggrant utvalda material skapar en harmonisk helhet som sm\u00e4lter in i b\u00e5de tr\u00e4dg\u00e5rd och hemmilj\u00f6. Oavsett om du dr\u00f6mmer om en kompakt bastu med relax f\u00f6r tv\u00e5 eller ett st\u00f6rre bastuhus med plats f\u00f6r familj och v\u00e4nner, finns l\u00f6sningar som f\u00f6renar funktion, komfort och estetik. Skapa din egen basturitual med en bastu med relax och upplev skillnaden varje dag.<\/p>\t\t\t\t\t\t\t\t<\/div>\n\t\t\t\t<\/div>\n\t\t\t\t<div class=\"elementor-element elementor-element-df4a98b elementor-widget elementor-widget-heading\" data-id=\"df4a98b\" data-element_type=\"widget\" data-e-type=\"widget\" data-widget_type=\"heading.default\">\n\t\t\t\t<div class=\"elementor-widget-container\">\n\t\t\t\t\t<h2 class=\"elementor-heading-title elementor-size-default\">Bastu med relax \u2013 skapa din egen avkopplande oas hemma<\/h2>\t\t\t\t<\/div>\n\t\t\t\t<\/div>\n\t\t\t\t<div class=\"elementor-element elementor-element-db7531a elementor-widget elementor-widget-text-editor\" data-id=\"db7531a\" data-element_type=\"widget\" data-e-type=\"widget\" data-widget_type=\"text-editor.default\">\n\t\t\t\t<div class=\"elementor-widget-container\">\n\t\t\t\t\t\t\t\t\t<p>En bastu med relax \u00e4r den perfekta l\u00f6sningen f\u00f6r dig som vill kombinera v\u00e4rmande bastubad med ett gener\u00f6st utrymme f\u00f6r vila och umg\u00e4nge. Med en bastu med relax f\u00e5r du inte bara en plats f\u00f6r \u00e5terh\u00e4mtning, utan \u00e4ven ett extra rum d\u00e4r du kan koppla av mellan baden, svalka dig och l\u00e5ta kroppen \u00e5terh\u00e4mta sig i lugn och ro.&nbsp;<\/p><p>Den nordiska designen och noggrant utvalda material skapar en harmonisk milj\u00f6 som sm\u00e4lter in i b\u00e5de tr\u00e4dg\u00e5rd och hem. Oavsett om du \u00f6nskar en kompakt bastu med relax f\u00f6r tv\u00e5 personer eller ett st\u00f6rre bastuhus f\u00f6r hela familjen, finns det flexibla l\u00f6sningar som f\u00f6renar funktion, komfort och estetik. Skapa din egen basturitual och upplev skillnaden med en bastu med relax \u2013 en plats f\u00f6r b\u00e5de avkoppling och gemenskap varje dag.<\/p>\t\t\t\t\t\t\t\t<\/div>\n\t\t\t\t<\/div>\n\t\t\t\t<div class=\"elementor-element elementor-element-7693c86 elementor-widget elementor-widget-heading\" data-id=\"7693c86\" data-element_type=\"widget\" data-e-type=\"widget\" data-widget_type=\"heading.default\">\n\t\t\t\t<div class=\"elementor-widget-container\">\n\t\t\t\t\t<h3 class=\"elementor-heading-title elementor-size-default\">F\u00f6rdelar med bastu med relax i din vardag<\/h3>\t\t\t\t<\/div>\n\t\t\t\t<\/div>\n\t\t\t\t<div class=\"elementor-element elementor-element-ea64a3e elementor-widget elementor-widget-text-editor\" data-id=\"ea64a3e\" data-element_type=\"widget\" data-e-type=\"widget\" data-widget_type=\"text-editor.default\">\n\t\t\t\t<div class=\"elementor-widget-container\">\n\t\t\t\t\t\t\t\t\t<p>Att investera i en bastu med relax inneb\u00e4r att du f\u00e5r en plats d\u00e4r b\u00e5de kropp och sinne kan \u00e5terh\u00e4mta sig. Kombinationen av bastuns v\u00e4rme och ett avkopplande relaxutrymme ger dig m\u00f6jlighet att varva ner efter en l\u00e5ng dag, st\u00e4rka gemenskapen med n\u00e4ra och k\u00e4ra eller bara njuta av egentid.<\/p><p>En bastu med relax passar lika bra i tr\u00e4dg\u00e5rden som inomhus och kan anpassas efter dina behov och \u00f6nskem\u00e5l. Med r\u00e4tt design och materialval skapar du en harmonisk milj\u00f6 som f\u00f6rh\u00f6jer b\u00e5de ditt v\u00e4lbefinnande och hemmets v\u00e4rde.<\/p>\t\t\t\t\t\t\t\t<\/div>\n\t\t\t\t<\/div>\n\t\t\t\t<div class=\"elementor-element elementor-element-323487d elementor-widget elementor-widget-heading\" data-id=\"323487d\" data-element_type=\"widget\" data-e-type=\"widget\" data-widget_type=\"heading.default\">\n\t\t\t\t<div class=\"elementor-widget-container\">\n\t\t\t\t\t<h3 class=\"elementor-heading-title elementor-size-default\">Maximera ditt v\u00e4lbefinnande med bastu och relax<\/h3>\t\t\t\t<\/div>\n\t\t\t\t<\/div>\n\t\t\t\t<div class=\"elementor-element elementor-element-120679b elementor-widget elementor-widget-text-editor\" data-id=\"120679b\" data-element_type=\"widget\" data-e-type=\"widget\" data-widget_type=\"text-editor.default\">\n\t\t\t\t<div class=\"elementor-widget-container\">\n\t\t\t\t\t\t\t\t\t<p>En bastu med relax ger dig m\u00f6jlighet att f\u00f6rvandla vardagen till n\u00e5got extra. Det \u00e4r mer \u00e4n bara en plats f\u00f6r v\u00e4rme &#8211; h\u00e4r ges utrymme f\u00f6r lugn, \u00e5terh\u00e4mtning och social samvaro. Med det gener\u00f6sa relaxutrymmet kan du vila mellan baden, njuta av frisk luft eller bara ta en stund f\u00f6r dig sj\u00e4lv i harmonisk milj\u00f6.<\/p><p>Oavsett om du har en mindre tr\u00e4dg\u00e5rd eller st\u00f6rre ytor, g\u00e5r det att skapa en integrerad bastu med relax som blir hemmets nya favoritplats f\u00f6r avkoppling och njutning, \u00e5ret runt.<\/p>\t\t\t\t\t\t\t\t<\/div>\n\t\t\t\t<\/div>\n\t\t\t\t<div class=\"elementor-element elementor-element-a3e86f5 elementor-widget elementor-widget-image\" data-id=\"a3e86f5\" data-element_type=\"widget\" data-e-type=\"widget\" data-widget_type=\"image.default\">\n\t\t\t\t<div class=\"elementor-widget-container\">\n\t\t\t\t\t\t\t\t\t\t\t\t\t\t\t<img fetchpriority=\"high\" decoding=\"async\" width=\"800\" height=\"534\" src=\"https:\/\/skargardsbastu.se\/wp-content\/uploads\/2026\/02\/6.scandinavian-wellness-1024x683.jpg\" class=\"attachment-large size-large wp-image-2711 wvs-archive-product-image\" alt=\"Modern bastu med relax fr\u00e5n Sk\u00e4rg\u00e5rdsbastu - nordisk design f\u00f6r avkoppling i hem eller tr\u00e4dg\u00e5rd.\" srcset=\"https:\/\/skargardsbastu.se\/wp-content\/uploads\/2026\/02\/6.scandinavian-wellness-1024x683.jpg 1024w, https:\/\/skargardsbastu.se\/wp-content\/uploads\/2026\/02\/6.scandinavian-wellness-300x200.jpg 300w, https:\/\/skargardsbastu.se\/wp-content\/uploads\/2026\/02\/6.scandinavian-wellness-768x512.jpg 768w, https:\/\/skargardsbastu.se\/wp-content\/uploads\/2026\/02\/6.scandinavian-wellness-1536x1024.jpg 1536w, https:\/\/skargardsbastu.se\/wp-content\/uploads\/2026\/02\/6.scandinavian-wellness-600x400.jpg 600w, https:\/\/skargardsbastu.se\/wp-content\/uploads\/2026\/02\/6.scandinavian-wellness.jpg 1920w\" sizes=\"(max-width: 800px) 100vw, 800px\" \/>\t\t\t\t\t\t\t\t\t\t\t\t\t\t\t<\/div>\n\t\t\t\t<\/div>\n\t\t\t\t\t<\/div>\n\t\t\t\t<\/div>\n\t\t<div class=\"elementor-element elementor-element-2e5fa02 e-flex e-con-boxed e-con e-parent\" data-id=\"2e5fa02\" data-element_type=\"container\" data-e-type=\"container\" data-settings=\"{&quot;background_background&quot;:&quot;classic&quot;}\">\n\t\t\t\t\t<div class=\"e-con-inner\">\n\t\t\t\t<div class=\"elementor-element elementor-element-09be1fd elementor-widget elementor-widget-heading\" data-id=\"09be1fd\" data-element_type=\"widget\" data-e-type=\"widget\" data-widget_type=\"heading.default\">\n\t\t\t\t<div class=\"elementor-widget-container\">\n\t\t\t\t\t<h2 class=\"elementor-heading-title elementor-size-default\">Contact us for more information<\/h2>\t\t\t\t<\/div>\n\t\t\t\t<\/div>\n\t\t\t\t<div class=\"elementor-element elementor-element-e2146fe elementor-widget elementor-widget-text-editor\" data-id=\"e2146fe\" data-element_type=\"widget\" data-e-type=\"widget\" data-widget_type=\"text-editor.default\">\n\t\t\t\t<div class=\"elementor-widget-container\">\n\t\t\t\t\t\t\t\t\t<p><span style=\"font-weight: 400;\">Buying a sauna should be easy and safe. With us, you get not just a product, but a complete solution - from advice and ordering to delivery and installation. We are happy to guide you in choosing the freestanding sauna that best suits your garden and ensure that every step of the process is smooth. Contact us today to take the first step towards realizing your sauna dream. <\/span><\/p>\t\t\t\t\t\t\t\t<\/div>\n\t\t\t\t<\/div>\n\t\t\t\t<div class=\"elementor-element elementor-element-6d55090 elementor-align-center elementor-widget elementor-widget-button\" data-id=\"6d55090\" data-element_type=\"widget\" data-e-type=\"widget\" data-widget_type=\"button.default\">\n\t\t\t\t<div class=\"elementor-widget-container\">\n\t\t\t\t\t\t\t\t\t<div class=\"elementor-button-wrapper\">\n\t\t\t\t\t<a class=\"elementor-button elementor-button-link elementor-size-sm\" href=\"https:\/\/skargardsbastu.se\/en\/kontakt\/\">\n\t\t\t\t\t\t<span class=\"elementor-button-content-wrapper\">\n\t\t\t\t\t\t\t\t\t<span class=\"elementor-button-text\">Contact us for more information<\/span>\n\t\t\t\t\t<\/span>\n\t\t\t\t\t<\/a>\n\t\t\t\t<\/div>\n\t\t\t\t\t\t\t\t<\/div>\n\t\t\t\t<\/div>\n\t\t\t\t\t<\/div>\n\t\t\t\t<\/div>\n\t\t<div class=\"elementor-element elementor-element-a0d8d15 e-flex e-con-boxed e-con e-parent\" data-id=\"a0d8d15\" data-element_type=\"container\" data-e-type=\"container\">\n\t\t\t\t\t<div class=\"e-con-inner\">\n\t\t\t\t\t<\/div>\n\t\t\t\t<\/div>\n\t\t<div class=\"elementor-element elementor-element-3c7f188 e-flex e-con-boxed e-con e-parent\" data-id=\"3c7f188\" data-element_type=\"container\" data-e-type=\"container\">\n\t\t\t\t\t<div class=\"e-con-inner\">\n\t\t\t\t<div class=\"elementor-element elementor-element-480d67b elementor-widget elementor-widget-spacer\" data-id=\"480d67b\" data-element_type=\"widget\" data-e-type=\"widget\" data-widget_type=\"spacer.default\">\n\t\t\t\t<div class=\"elementor-widget-container\">\n\t\t\t\t\t\t\t<div class=\"elementor-spacer\">\n\t\t\t<div class=\"elementor-spacer-inner\"><\/div>\n\t\t<\/div>\n\t\t\t\t\t\t<\/div>\n\t\t\t\t<\/div>\n\t\t\t\t<div class=\"elementor-element elementor-element-37d6a28 elementor-widget elementor-widget-heading\" data-id=\"37d6a28\" data-element_type=\"widget\" data-e-type=\"widget\" data-widget_type=\"heading.default\">\n\t\t\t\t<div class=\"elementor-widget-container\">\n\t\t\t\t\t<h4 class=\"elementor-heading-title elementor-size-default\">Questions &amp; Answers<\/h4>\t\t\t\t<\/div>\n\t\t\t\t<\/div>\n\t\t\t\t<div class=\"elementor-element elementor-element-c14eb37 elementor-widget elementor-widget-text-editor\" data-id=\"c14eb37\" data-element_type=\"widget\" data-e-type=\"widget\" data-widget_type=\"text-editor.default\">\n\t\t\t\t<div class=\"elementor-widget-container\">\n\t\t\t\t\t\t\t\t\t<p data-start=\"125\" data-end=\"446\"><strong data-start=\"125\" data-end=\"182\">Vad \u00e4r en bastu med relax och vilka f\u00f6rdelar ger den?<\/strong><br data-start=\"182\" data-end=\"185\" \/>En bastu med relax kombinerar traditionell bastuv\u00e4rme med ett gener\u00f6st relaxutrymme. Det ger dig m\u00f6jlighet att b\u00e5de njuta av v\u00e4rmen och koppla av i en harmonisk milj\u00f6. F\u00f6rdelen \u00e4r att du f\u00e5r en komplett plats f\u00f6r \u00e5terh\u00e4mtning, vila och socialt umg\u00e4nge, \u00e5ret om.<\/p><p data-start=\"448\" data-end=\"764\"><strong data-start=\"448\" data-end=\"508\">Hur kan en bastu med relax f\u00f6rb\u00e4ttra ditt v\u00e4lbefinnande?<\/strong><br data-start=\"508\" data-end=\"511\" \/>En bastu med relax skapar en oas f\u00f6r avkoppling och \u00e5terh\u00e4mtning. H\u00e4r kan du vila mellan bastubaden, svalka dig och l\u00e5ta kroppen \u00e5terh\u00e4mta sig. Kombinationen av v\u00e4rme och relax ger b\u00e5de fysisk och mental avslappning, vilket maximerar ditt v\u00e4lbefinnande.<\/p><p data-start=\"766\" data-end=\"1084\"><strong data-start=\"766\" data-end=\"820\">Vilka designm\u00f6jligheter finns f\u00f6r bastu med relax?<\/strong><br data-start=\"820\" data-end=\"823\" \/>Det finns flexibla l\u00f6sningar f\u00f6r bastu med relax, fr\u00e5n kompakta modeller f\u00f6r tv\u00e5 personer till st\u00f6rre bastuhus f\u00f6r hela familjen. Med nordisk design och noggrant utvalda material kan bastun anpassas till b\u00e5de tr\u00e4dg\u00e5rd och hem, s\u00e5 att den sm\u00e4lter in i din milj\u00f6.<\/p><p data-start=\"1086\" data-end=\"1415\" data-is-last-node=\"\" data-is-only-node=\"\"><strong data-start=\"1086\" data-end=\"1138\">Vad b\u00f6r man t\u00e4nka p\u00e5 vid k\u00f6p av bastu med relax?<\/strong><br data-start=\"1138\" data-end=\"1141\" \/>Vid k\u00f6p av bastu med relax \u00e4r det viktigt att t\u00e4nka p\u00e5 storlek, placering och materialval. Fundera p\u00e5 om du vill ha en frist\u00e5ende l\u00f6sning i tr\u00e4dg\u00e5rden eller en integrerad bastu i hemmet. T\u00e4nk \u00e4ven p\u00e5 komfort, funktion och estetik f\u00f6r att skapa din perfekta avkopplingsplats.<\/p>\t\t\t\t\t\t\t\t<\/div>\n\t\t\t\t<\/div>\n\t\t\t\t<div class=\"elementor-element elementor-element-5b1d335 elementor-widget elementor-widget-spacer\" data-id=\"5b1d335\" data-element_type=\"widget\" data-e-type=\"widget\" data-widget_type=\"spacer.default\">\n\t\t\t\t<div class=\"elementor-widget-container\">\n\t\t\t\t\t\t\t<div class=\"elementor-spacer\">\n\t\t\t<div class=\"elementor-spacer-inner\"><\/div>\n\t\t<\/div>\n\t\t\t\t\t\t<\/div>\n\t\t\t\t<\/div>\n\t\t\t\t\t<\/div>\n\t\t\t\t<\/div>\n\t\t\t\t<\/div>","protected":false},"excerpt":{"rendered":"<p>Bastu med relax \u2013 en komplett plats f\u00f6r avkoppling och gemenskap En oas f\u00f6r avkoppling och \u00e5terh\u00e4mtning i hemmet eller tr\u00e4dg\u00e5rden. En bastu med relax skapar en komplett oas f\u00f6r avkoppling och \u00e5terh\u00e4mtning i hemmet eller tr\u00e4dg\u00e5rden. Hos Sk\u00e4rg\u00e5rdsbastu kombineras traditionell bastuv\u00e4rme med ett gener\u00f6st relaxutrymme, d\u00e4r du kan njuta av vilan mellan varven. Med [&hellip;]<\/p>\n","protected":false},"author":5,"featured_media":0,"parent":0,"menu_order":0,"comment_status":"closed","ping_status":"closed","template":"","meta":{"_acf_changed":false,"footnotes":""},"class_list":["post-1892","page","type-page","status-publish","hentry"],"acf":[],"yoast_head":"<!-- This site is optimized with the Yoast SEO Premium plugin v27.0 (Yoast SEO v27.0) - https:\/\/yoast.com\/product\/yoast-seo-premium-wordpress\/ -->\n<title>Sk\u00e4rg\u00e5rdsbastu - Bastu med Relax<\/title>\n<meta name=\"robots\" content=\"index, follow, max-snippet:-1, max-image-preview:large, max-video-preview:-1\" \/>\n<link rel=\"canonical\" href=\"https:\/\/skargardsbastu.se\/en\/bastu-med-relax\/\" \/>\n<meta property=\"og:locale\" content=\"en_US\" \/>\n<meta property=\"og:type\" content=\"article\" \/>\n<meta property=\"og:title\" content=\"Bastu med Relax\" \/>\n<meta property=\"og:description\" content=\"Bastu med relax \u2013 en komplett plats f\u00f6r avkoppling och gemenskap En oas f\u00f6r avkoppling och \u00e5terh\u00e4mtning i hemmet eller tr\u00e4dg\u00e5rden. En bastu med relax skapar en komplett oas f\u00f6r avkoppling och \u00e5terh\u00e4mtning i hemmet eller tr\u00e4dg\u00e5rden. Hos Sk\u00e4rg\u00e5rdsbastu kombineras traditionell bastuv\u00e4rme med ett gener\u00f6st relaxutrymme, d\u00e4r du kan njuta av vilan mellan varven. Med [&hellip;]\" \/>\n<meta property=\"og:url\" content=\"https:\/\/skargardsbastu.se\/en\/bastu-med-relax\/\" \/>\n<meta property=\"og:site_name\" content=\"Sk\u00e4rg\u00e5rdsbastu\" \/>\n<meta property=\"article:modified_time\" content=\"2026-02-26T14:11:15+00:00\" \/>\n<meta property=\"og:image\" content=\"https:\/\/skargardsbastu.se\/wp-content\/uploads\/2026\/02\/6.scandinavian-wellness.jpg\" \/>\n\t<meta property=\"og:image:width\" content=\"1920\" \/>\n\t<meta property=\"og:image:height\" content=\"1280\" \/>\n\t<meta property=\"og:image:type\" content=\"image\/jpeg\" \/>\n<meta name=\"twitter:card\" content=\"summary_large_image\" \/>\n<meta name=\"twitter:label1\" content=\"Est. reading time\" \/>\n\t<meta name=\"twitter:data1\" content=\"5 minutes\" \/>\n<script type=\"application\/ld+json\" class=\"yoast-schema-graph\">{\"@context\":\"https:\/\/schema.org\",\"@graph\":[{\"@type\":\"WebPage\",\"@id\":\"https:\/\/skargardsbastu.se\/bastu-med-relax\/\",\"url\":\"https:\/\/skargardsbastu.se\/bastu-med-relax\/\",\"name\":\"Sk\u00e4rg\u00e5rdsbastu - Bastu med Relax\",\"isPartOf\":{\"@id\":\"https:\/\/skargardsbastu.se\/#website\"},\"primaryImageOfPage\":{\"@id\":\"https:\/\/skargardsbastu.se\/bastu-med-relax\/#primaryimage\"},\"image\":{\"@id\":\"https:\/\/skargardsbastu.se\/bastu-med-relax\/#primaryimage\"},\"thumbnailUrl\":\"https:\/\/skargardsbastu.se\/wp-content\/uploads\/2026\/02\/6.scandinavian-wellness-1024x683.jpg\",\"datePublished\":\"2025-07-21T12:52:49+00:00\",\"dateModified\":\"2026-02-26T14:11:15+00:00\",\"breadcrumb\":{\"@id\":\"https:\/\/skargardsbastu.se\/bastu-med-relax\/#breadcrumb\"},\"inLanguage\":\"en-US\",\"potentialAction\":[{\"@type\":\"ReadAction\",\"target\":[\"https:\/\/skargardsbastu.se\/bastu-med-relax\/\"]}]},{\"@type\":\"ImageObject\",\"inLanguage\":\"en-US\",\"@id\":\"https:\/\/skargardsbastu.se\/bastu-med-relax\/#primaryimage\",\"url\":\"https:\/\/skargardsbastu.se\/wp-content\/uploads\/2026\/02\/6.scandinavian-wellness-1024x683.jpg\",\"contentUrl\":\"https:\/\/skargardsbastu.se\/wp-content\/uploads\/2026\/02\/6.scandinavian-wellness-1024x683.jpg\"},{\"@type\":\"BreadcrumbList\",\"@id\":\"https:\/\/skargardsbastu.se\/bastu-med-relax\/#breadcrumb\",\"itemListElement\":[{\"@type\":\"ListItem\",\"position\":1,\"name\":\"Home\",\"item\":\"https:\/\/skargardsbastu.se\/\"},{\"@type\":\"ListItem\",\"position\":2,\"name\":\"Bastu med Relax\"}]},{\"@type\":\"WebSite\",\"@id\":\"https:\/\/skargardsbastu.se\/#website\",\"url\":\"https:\/\/skargardsbastu.se\/\",\"name\":\"Sk\u00e4rg\u00e5rdsbastu\",\"description\":\"Din bastudr\u00f6m b\u00f6rjar h\u00e4r\",\"publisher\":{\"@id\":\"https:\/\/skargardsbastu.se\/#organization\"},\"potentialAction\":[{\"@type\":\"SearchAction\",\"target\":{\"@type\":\"EntryPoint\",\"urlTemplate\":\"https:\/\/skargardsbastu.se\/?s={search_term_string}\"},\"query-input\":{\"@type\":\"PropertyValueSpecification\",\"valueRequired\":true,\"valueName\":\"search_term_string\"}}],\"inLanguage\":\"en-US\"},{\"@type\":\"Organization\",\"@id\":\"https:\/\/skargardsbastu.se\/#organization\",\"name\":\"Sk\u00e4rg\u00e5rdsbastu\",\"url\":\"https:\/\/skargardsbastu.se\/\",\"logo\":{\"@type\":\"ImageObject\",\"inLanguage\":\"en-US\",\"@id\":\"https:\/\/skargardsbastu.se\/#\/schema\/logo\/image\/\",\"url\":\"https:\/\/skargardsbastu.se\/wp-content\/uploads\/2025\/05\/T-4-e1748611164195.png\",\"contentUrl\":\"https:\/\/skargardsbastu.se\/wp-content\/uploads\/2025\/05\/T-4-e1748611164195.png\",\"width\":263,\"height\":252,\"caption\":\"Sk\u00e4rg\u00e5rdsbastu\"},\"image\":{\"@id\":\"https:\/\/skargardsbastu.se\/#\/schema\/logo\/image\/\"}}]}<\/script>\n<!-- \/ Yoast SEO Premium plugin. -->","yoast_head_json":{"title":"Sk\u00e4rg\u00e5rdsbastu - Bastu med Relax","robots":{"index":"index","follow":"follow","max-snippet":"max-snippet:-1","max-image-preview":"max-image-preview:large","max-video-preview":"max-video-preview:-1"},"canonical":"https:\/\/skargardsbastu.se\/en\/bastu-med-relax\/","og_locale":"en_US","og_type":"article","og_title":"Bastu med Relax","og_description":"Bastu med relax \u2013 en komplett plats f\u00f6r avkoppling och gemenskap En oas f\u00f6r avkoppling och \u00e5terh\u00e4mtning i hemmet eller tr\u00e4dg\u00e5rden. En bastu med relax skapar en komplett oas f\u00f6r avkoppling och \u00e5terh\u00e4mtning i hemmet eller tr\u00e4dg\u00e5rden. Hos Sk\u00e4rg\u00e5rdsbastu kombineras traditionell bastuv\u00e4rme med ett gener\u00f6st relaxutrymme, d\u00e4r du kan njuta av vilan mellan varven. Med [&hellip;]","og_url":"https:\/\/skargardsbastu.se\/en\/bastu-med-relax\/","og_site_name":"Sk\u00e4rg\u00e5rdsbastu","article_modified_time":"2026-02-26T14:11:15+00:00","og_image":[{"width":1920,"height":1280,"url":"https:\/\/skargardsbastu.se\/wp-content\/uploads\/2026\/02\/6.scandinavian-wellness.jpg","type":"image\/jpeg"}],"twitter_card":"summary_large_image","twitter_misc":{"Est. reading time":"5 minutes"},"schema":{"@context":"https:\/\/schema.org","@graph":[{"@type":"WebPage","@id":"https:\/\/skargardsbastu.se\/bastu-med-relax\/","url":"https:\/\/skargardsbastu.se\/bastu-med-relax\/","name":"Sk\u00e4rg\u00e5rdsbastu - Bastu med Relax","isPartOf":{"@id":"https:\/\/skargardsbastu.se\/#website"},"primaryImageOfPage":{"@id":"https:\/\/skargardsbastu.se\/bastu-med-relax\/#primaryimage"},"image":{"@id":"https:\/\/skargardsbastu.se\/bastu-med-relax\/#primaryimage"},"thumbnailUrl":"https:\/\/skargardsbastu.se\/wp-content\/uploads\/2026\/02\/6.scandinavian-wellness-1024x683.jpg","datePublished":"2025-07-21T12:52:49+00:00","dateModified":"2026-02-26T14:11:15+00:00","breadcrumb":{"@id":"https:\/\/skargardsbastu.se\/bastu-med-relax\/#breadcrumb"},"inLanguage":"en-US","potentialAction":[{"@type":"ReadAction","target":["https:\/\/skargardsbastu.se\/bastu-med-relax\/"]}]},{"@type":"ImageObject","inLanguage":"en-US","@id":"https:\/\/skargardsbastu.se\/bastu-med-relax\/#primaryimage","url":"https:\/\/skargardsbastu.se\/wp-content\/uploads\/2026\/02\/6.scandinavian-wellness-1024x683.jpg","contentUrl":"https:\/\/skargardsbastu.se\/wp-content\/uploads\/2026\/02\/6.scandinavian-wellness-1024x683.jpg"},{"@type":"BreadcrumbList","@id":"https:\/\/skargardsbastu.se\/bastu-med-relax\/#breadcrumb","itemListElement":[{"@type":"ListItem","position":1,"name":"Home","item":"https:\/\/skargardsbastu.se\/"},{"@type":"ListItem","position":2,"name":"Bastu med Relax"}]},{"@type":"WebSite","@id":"https:\/\/skargardsbastu.se\/#website","url":"https:\/\/skargardsbastu.se\/","name":"Archipelago sauna","description":"Your sauna dream starts here","publisher":{"@id":"https:\/\/skargardsbastu.se\/#organization"},"potentialAction":[{"@type":"SearchAction","target":{"@type":"EntryPoint","urlTemplate":"https:\/\/skargardsbastu.se\/?s={search_term_string}"},"query-input":{"@type":"PropertyValueSpecification","valueRequired":true,"valueName":"search_term_string"}}],"inLanguage":"en-US"},{"@type":"Organization","@id":"https:\/\/skargardsbastu.se\/#organization","name":"Archipelago sauna","url":"https:\/\/skargardsbastu.se\/","logo":{"@type":"ImageObject","inLanguage":"en-US","@id":"https:\/\/skargardsbastu.se\/#\/schema\/logo\/image\/","url":"https:\/\/skargardsbastu.se\/wp-content\/uploads\/2025\/05\/T-4-e1748611164195.png","contentUrl":"https:\/\/skargardsbastu.se\/wp-content\/uploads\/2025\/05\/T-4-e1748611164195.png","width":263,"height":252,"caption":"Sk\u00e4rg\u00e5rdsbastu"},"image":{"@id":"https:\/\/skargardsbastu.se\/#\/schema\/logo\/image\/"}}]}},"_links":{"self":[{"href":"https:\/\/skargardsbastu.se\/en\/wp-json\/wp\/v2\/pages\/1892","targetHints":{"allow":["GET"]}}],"collection":[{"href":"https:\/\/skargardsbastu.se\/en\/wp-json\/wp\/v2\/pages"}],"about":[{"href":"https:\/\/skargardsbastu.se\/en\/wp-json\/wp\/v2\/types\/page"}],"author":[{"embeddable":true,"href":"https:\/\/skargardsbastu.se\/en\/wp-json\/wp\/v2\/users\/5"}],"replies":[{"embeddable":true,"href":"https:\/\/skargardsbastu.se\/en\/wp-json\/wp\/v2\/comments?post=1892"}],"version-history":[{"count":31,"href":"https:\/\/skargardsbastu.se\/en\/wp-json\/wp\/v2\/pages\/1892\/revisions"}],"predecessor-version":[{"id":2741,"href":"https:\/\/skargardsbastu.se\/en\/wp-json\/wp\/v2\/pages\/1892\/revisions\/2741"}],"wp:attachment":[{"href":"https:\/\/skargardsbastu.se\/en\/wp-json\/wp\/v2\/media?parent=1892"}],"curies":[{"name":"wp","href":"https:\/\/api.w.org\/{rel}","templated":true}]}}