{"id":2014,"date":"2025-07-25T12:12:57","date_gmt":"2025-07-25T12:12:57","guid":{"rendered":"https:\/\/skargardsbastu.se\/?page_id=2014"},"modified":"2026-02-26T14:22:43","modified_gmt":"2026-02-26T14:22:43","slug":"vedeldad-bastu","status":"publish","type":"page","link":"https:\/\/skargardsbastu.se\/da\/vedeldad-bastu\/","title":{"rendered":"Vedeldad bastu"},"content":{"rendered":"\t\t<div data-elementor-type=\"wp-page\" data-elementor-id=\"2014\" class=\"elementor elementor-2014\" data-elementor-post-type=\"page\">\n\t\t\t\t<div class=\"elementor-element elementor-element-8f2eb91 e-flex e-con-boxed e-con e-parent\" data-id=\"8f2eb91\" data-element_type=\"container\" data-e-type=\"container\" data-settings=\"{&quot;background_background&quot;:&quot;classic&quot;}\">\n\t\t\t\t\t<div class=\"e-con-inner\">\n\t\t<div class=\"elementor-element elementor-element-1af229e e-con-full e-flex e-con e-child\" data-id=\"1af229e\" data-element_type=\"container\" data-e-type=\"container\" data-settings=\"{&quot;background_background&quot;:&quot;classic&quot;}\">\n\t\t\t\t<div class=\"elementor-element elementor-element-be97250 elementor-widget elementor-widget-heading\" data-id=\"be97250\" data-element_type=\"widget\" data-e-type=\"widget\" data-widget_type=\"heading.default\">\n\t\t\t\t<div class=\"elementor-widget-container\">\n\t\t\t\t\t<h1 class=\"elementor-heading-title elementor-size-default\">Vedeldad bastu \u2013 nordisk design, \u00e4kta bastukultur och avkoppling<\/h1>\t\t\t\t<\/div>\n\t\t\t\t<\/div>\n\t\t\t\t<div class=\"elementor-element elementor-element-3c1a3e1 elementor-widget__width-initial elementor-widget-mobile__width-inherit elementor-widget elementor-widget-text-editor\" data-id=\"3c1a3e1\" data-element_type=\"widget\" data-e-type=\"widget\" data-widget_type=\"text-editor.default\">\n\t\t\t\t<div class=\"elementor-widget-container\">\n\t\t\t\t\t\t\t\t\t<article class=\"text-token-text-primary w-full\" dir=\"auto\" data-testid=\"conversation-turn-2\" data-scroll-anchor=\"true\"><div class=\"text-base my-auto mx-auto pb-10 [--thread-content-margin:--spacing(4)] @[37rem]:[--thread-content-margin:--spacing(6)] @[72rem]:[--thread-content-margin:--spacing(16)] px-(--thread-content-margin)\"><div class=\"[--thread-content-max-width:32rem] @[34rem]:[--thread-content-max-width:40rem] @[64rem]:[--thread-content-max-width:48rem] mx-auto max-w-(--thread-content-max-width) flex-1 group\/turn-messages focus-visible:outline-hidden relative flex w-full min-w-0 flex-col agent-turn\" tabindex=\"-1\"><div class=\"flex max-w-full flex-col grow\"><div class=\"min-h-8 text-message relative flex w-full flex-col items-end gap-2 text-start break-words whitespace-normal [.text-message+&amp;]:mt-5\" dir=\"auto\" data-message-author-role=\"assistant\" data-message-id=\"bfc16c59-e2ee-41ce-b35c-0f4a51cc6c1c\" data-message-model-slug=\"gpt-4o\"><div class=\"flex w-full flex-col gap-1 empty:hidden first:pt-[3px]\"><div class=\"markdown prose dark:prose-invert w-full break-words dark\"><p data-start=\"0\" data-end=\"48\" data-is-last-node=\"\" data-is-only-node=\"\">Genuin v\u00e4rme och tradition<\/p><\/div><\/div><\/div><\/div><\/div><\/div><\/article><div class=\"pointer-events-none h-px w-px\" aria-hidden=\"true\" data-edge=\"true\">\u00a0<\/div>\t\t\t\t\t\t\t\t<\/div>\n\t\t\t\t<\/div>\n\t\t\t\t<\/div>\n\t\t\t\t\t<\/div>\n\t\t\t\t<\/div>\n\t\t<div class=\"elementor-element elementor-element-6543f15 e-flex e-con-boxed e-con e-parent\" data-id=\"6543f15\" data-element_type=\"container\" data-e-type=\"container\" data-settings=\"{&quot;background_background&quot;:&quot;classic&quot;}\">\n\t\t\t\t\t<div class=\"e-con-inner\">\n\t\t\t\t<div class=\"elementor-element elementor-element-db7531a elementor-widget elementor-widget-text-editor\" data-id=\"db7531a\" data-element_type=\"widget\" data-e-type=\"widget\" data-widget_type=\"text-editor.default\">\n\t\t\t\t<div class=\"elementor-widget-container\">\n\t\t\t\t\t\t\t\t\t<p>En vedeldad bastu ger en autentisk och unik bastuupplevelse d\u00e4r doften av brinnande ved och den mjuka v\u00e4rmen skapar en avkopplande atmosf\u00e4r. Med r\u00f6tterna i nordisk tradition erbjuder en vedeldad bastu inte bara effektiv uppv\u00e4rmning, utan ocks\u00e5 en k\u00e4nsla av n\u00e4rhet till naturen. Hos Sk\u00e4rg\u00e5rdsbastu hittar du noggrant utformade vedeldade bastur med modern design och h\u00f6g komfort, d\u00e4r varje detalj \u00e4r vald f\u00f6r att ge dig b\u00e4sta m\u00f6jliga bastumilj\u00f6.\u00a0<\/p><p>Oavsett om du s\u00f6ker en kompakt modell f\u00f6r tr\u00e4dg\u00e5rden eller en st\u00f6rre bastu f\u00f6r sociala stunder med familj och v\u00e4nner, ger v\u00e5ra l\u00f6sningar flexibilitet och l\u00e5ngvarig njutning. Vedeldad bastu \u00e4r det sj\u00e4lvklara valet f\u00f6r dig som vill kombinera genuin bastukultur med h\u00e5llbart hantverk och estetisk harmoni i din utemilj\u00f6.<\/p>\t\t\t\t\t\t\t\t<\/div>\n\t\t\t\t<\/div>\n\t\t\t\t<div class=\"elementor-element elementor-element-2b43eed elementor-widget elementor-widget-heading\" data-id=\"2b43eed\" data-element_type=\"widget\" data-e-type=\"widget\" data-widget_type=\"heading.default\">\n\t\t\t\t<div class=\"elementor-widget-container\">\n\t\t\t\t\t<h2 class=\"elementor-heading-title elementor-size-default\">Vedeldad bastu \u2013 upplev naturens v\u00e4rme och tradition<\/h2>\t\t\t\t<\/div>\n\t\t\t\t<\/div>\n\t\t\t\t<div class=\"elementor-element elementor-element-5250f89 elementor-widget elementor-widget-text-editor\" data-id=\"5250f89\" data-element_type=\"widget\" data-e-type=\"widget\" data-widget_type=\"text-editor.default\">\n\t\t\t\t<div class=\"elementor-widget-container\">\n\t\t\t\t\t\t\t\t\t<p>Att v\u00e4lja en vedeldad bastu inneb\u00e4r att du f\u00e5r en bastuupplevelse d\u00e4r b\u00e5de tradition och natur m\u00f6ts i perfekt harmoni. Den sprakande veden och den j\u00e4mna v\u00e4rmen skapar en genuin k\u00e4nsla av v\u00e4lbefinnande och avkoppling, samtidigt som du f\u00e5r en starkare n\u00e4rhet till omgivningen. Med inspiration fr\u00e5n nordiska bastutraditioner kombineras tidl\u00f6st hantverk med modern design, vilket ger b\u00e5de funktion och estetik.<\/p><p>Oavsett om du vill ha en mindre bastu f\u00f6r tr\u00e4dg\u00e5rden eller en rymlig modell f\u00f6r sociala sammankomster, finns det flexibla l\u00f6sningar som passar dina behov. En vedeldad bastu \u00e4r inte bara en plats f\u00f6r avkoppling \u2013 det \u00e4r en investering i livskvalitet och h\u00e5llbar njutning utomhus \u00e5ret om.<\/p>\t\t\t\t\t\t\t\t<\/div>\n\t\t\t\t<\/div>\n\t\t\t\t<div class=\"elementor-element elementor-element-058dc63 elementor-widget elementor-widget-heading\" data-id=\"058dc63\" data-element_type=\"widget\" data-e-type=\"widget\" data-widget_type=\"heading.default\">\n\t\t\t\t<div class=\"elementor-widget-container\">\n\t\t\t\t\t<h3 class=\"elementor-heading-title elementor-size-default\">S\u00e5 v\u00e4ljer du r\u00e4tt vedeldad bastu f\u00f6r ditt hem<\/h3>\t\t\t\t<\/div>\n\t\t\t\t<\/div>\n\t\t\t\t<div class=\"elementor-element elementor-element-aa9aa44 elementor-widget elementor-widget-text-editor\" data-id=\"aa9aa44\" data-element_type=\"widget\" data-e-type=\"widget\" data-widget_type=\"text-editor.default\">\n\t\t\t\t<div class=\"elementor-widget-container\">\n\t\t\t\t\t\t\t\t\t<p>Att v\u00e4lja r\u00e4tt vedeldad bastu handlar om att hitta en modell som passar b\u00e5de din utemilj\u00f6 och dina behov. Fundera p\u00e5 hur m\u00e5nga personer som ska anv\u00e4nda bastun, hur mycket plats du har tillg\u00e4ngligt och vilken design som sm\u00e4lter in i din tr\u00e4dg\u00e5rd eller vid ditt fritidshus.<\/p><p>Kompakta modeller \u00e4r perfekta f\u00f6r mindre ytor, medan st\u00f6rre bastur ger plats f\u00f6r sociala stunder med familj och v\u00e4nner. T\u00e4nk \u00e4ven p\u00e5 materialval och isolering f\u00f6r b\u00e4sta komfort och energieffektivitet. Med r\u00e4tt val f\u00e5r du en vedeldad bastu som ger njutning och avkoppling i m\u00e5nga \u00e5r fram\u00f6ver.<\/p>\t\t\t\t\t\t\t\t<\/div>\n\t\t\t\t<\/div>\n\t\t\t\t<div class=\"elementor-element elementor-element-6710070 elementor-widget elementor-widget-heading\" data-id=\"6710070\" data-element_type=\"widget\" data-e-type=\"widget\" data-widget_type=\"heading.default\">\n\t\t\t\t<div class=\"elementor-widget-container\">\n\t\t\t\t\t<h3 class=\"elementor-heading-title elementor-size-default\">F\u00f6rdelar med vedeldad bastu i din tr\u00e4dg\u00e5rd<\/h3>\t\t\t\t<\/div>\n\t\t\t\t<\/div>\n\t\t\t\t<div class=\"elementor-element elementor-element-7c1a91a elementor-widget elementor-widget-text-editor\" data-id=\"7c1a91a\" data-element_type=\"widget\" data-e-type=\"widget\" data-widget_type=\"text-editor.default\">\n\t\t\t\t<div class=\"elementor-widget-container\">\n\t\t\t\t\t\t\t\t\t<p>En vedeldad bastu i tr\u00e4dg\u00e5rden ger dig m\u00f6jlighet att njuta av avkoppling \u00e5ret runt, oavsett v\u00e4der. Den naturliga v\u00e4rmen fr\u00e5n veden skapar en mjuk och behaglig atmosf\u00e4r, samtidigt som du f\u00e5r en starkare k\u00e4nsla av n\u00e4rhet till naturen.&nbsp;<\/p><p>Vedeldade bastur \u00e4r inte bara energieffektiva, utan ocks\u00e5 ett h\u00e5llbart val f\u00f6r dig som v\u00e4rdes\u00e4tter tradition och kvalitet. Med flexibla l\u00f6sningar kan du enkelt hitta en modell som passar just din utemilj\u00f6 och dina behov, vare sig du vill ha en plats f\u00f6r lugn egentid eller sociala stunder med n\u00e4ra och k\u00e4ra.<\/p>\t\t\t\t\t\t\t\t<\/div>\n\t\t\t\t<\/div>\n\t\t\t\t<div class=\"elementor-element elementor-element-ce2dd2d elementor-widget elementor-widget-image\" data-id=\"ce2dd2d\" data-element_type=\"widget\" data-e-type=\"widget\" data-widget_type=\"image.default\">\n\t\t\t\t<div class=\"elementor-widget-container\">\n\t\t\t\t\t\t\t\t\t\t\t\t\t\t\t<img fetchpriority=\"high\" decoding=\"async\" width=\"800\" height=\"534\" src=\"https:\/\/skargardsbastu.se\/wp-content\/uploads\/2026\/02\/20.scandinavian-sauna-1024x683.jpg\" class=\"attachment-large size-large wp-image-2725 wvs-archive-product-image\" alt=\"Vedeldad bastu fr\u00e5n Sk\u00e4rg\u00e5rdsbastu - nordisk design och \u00e4kta bastukultur f\u00f6r din tr\u00e4dg\u00e5rd.\" srcset=\"https:\/\/skargardsbastu.se\/wp-content\/uploads\/2026\/02\/20.scandinavian-sauna-1024x683.jpg 1024w, https:\/\/skargardsbastu.se\/wp-content\/uploads\/2026\/02\/20.scandinavian-sauna-300x200.jpg 300w, https:\/\/skargardsbastu.se\/wp-content\/uploads\/2026\/02\/20.scandinavian-sauna-768x512.jpg 768w, https:\/\/skargardsbastu.se\/wp-content\/uploads\/2026\/02\/20.scandinavian-sauna-1536x1024.jpg 1536w, https:\/\/skargardsbastu.se\/wp-content\/uploads\/2026\/02\/20.scandinavian-sauna-600x400.jpg 600w, https:\/\/skargardsbastu.se\/wp-content\/uploads\/2026\/02\/20.scandinavian-sauna.jpg 1920w\" sizes=\"(max-width: 800px) 100vw, 800px\" \/>\t\t\t\t\t\t\t\t\t\t\t\t\t\t\t<\/div>\n\t\t\t\t<\/div>\n\t\t\t\t\t<\/div>\n\t\t\t\t<\/div>\n\t\t<div class=\"elementor-element elementor-element-2e5fa02 e-flex e-con-boxed e-con e-parent\" data-id=\"2e5fa02\" data-element_type=\"container\" data-e-type=\"container\" data-settings=\"{&quot;background_background&quot;:&quot;classic&quot;}\">\n\t\t\t\t\t<div class=\"e-con-inner\">\n\t\t\t\t<div class=\"elementor-element elementor-element-09be1fd elementor-widget elementor-widget-heading\" data-id=\"09be1fd\" data-element_type=\"widget\" data-e-type=\"widget\" data-widget_type=\"heading.default\">\n\t\t\t\t<div class=\"elementor-widget-container\">\n\t\t\t\t\t<h2 class=\"elementor-heading-title elementor-size-default\">Kontakta oss f\u00f6r mer information<\/h2>\t\t\t\t<\/div>\n\t\t\t\t<\/div>\n\t\t\t\t<div class=\"elementor-element elementor-element-e2146fe elementor-widget elementor-widget-text-editor\" data-id=\"e2146fe\" data-element_type=\"widget\" data-e-type=\"widget\" data-widget_type=\"text-editor.default\">\n\t\t\t\t<div class=\"elementor-widget-container\">\n\t\t\t\t\t\t\t\t\t<p><span style=\"font-weight: 400;\">Att k\u00f6pa bastu ska vara enkelt och tryggt. Hos oss f\u00e5r du inte bara en produkt, utan en komplett l\u00f6sning \u2013 fr\u00e5n r\u00e5dgivning och best\u00e4llning till leverans och installation. Vi guidar dig g\u00e4rna i valet av den frist\u00e5ende bastu som passar b\u00e4st i just din tr\u00e4dg\u00e5rd och ser till att varje steg i processen blir smidigt. Kontakta oss idag f\u00f6r att ta f\u00f6rsta steget mot att f\u00f6rverkliga din bastudr\u00f6m. <\/span><\/p>\t\t\t\t\t\t\t\t<\/div>\n\t\t\t\t<\/div>\n\t\t\t\t<div class=\"elementor-element elementor-element-6d55090 elementor-align-center elementor-widget elementor-widget-button\" data-id=\"6d55090\" data-element_type=\"widget\" data-e-type=\"widget\" data-widget_type=\"button.default\">\n\t\t\t\t<div class=\"elementor-widget-container\">\n\t\t\t\t\t\t\t\t\t<div class=\"elementor-button-wrapper\">\n\t\t\t\t\t<a class=\"elementor-button elementor-button-link elementor-size-sm\" href=\"https:\/\/skargardsbastu.se\/kontakt\/\">\n\t\t\t\t\t\t<span class=\"elementor-button-content-wrapper\">\n\t\t\t\t\t\t\t\t\t<span class=\"elementor-button-text\">Kontakta oss<\/span>\n\t\t\t\t\t<\/span>\n\t\t\t\t\t<\/a>\n\t\t\t\t<\/div>\n\t\t\t\t\t\t\t\t<\/div>\n\t\t\t\t<\/div>\n\t\t\t\t\t<\/div>\n\t\t\t\t<\/div>\n\t\t<div class=\"elementor-element elementor-element-9101773 e-flex e-con-boxed e-con e-parent\" data-id=\"9101773\" data-element_type=\"container\" data-e-type=\"container\">\n\t\t\t\t\t<div class=\"e-con-inner\">\n\t\t\t\t<div class=\"elementor-element elementor-element-df9f5ac elementor-widget elementor-widget-spacer\" data-id=\"df9f5ac\" data-element_type=\"widget\" data-e-type=\"widget\" data-widget_type=\"spacer.default\">\n\t\t\t\t<div class=\"elementor-widget-container\">\n\t\t\t\t\t\t\t<div class=\"elementor-spacer\">\n\t\t\t<div class=\"elementor-spacer-inner\"><\/div>\n\t\t<\/div>\n\t\t\t\t\t\t<\/div>\n\t\t\t\t<\/div>\n\t\t\t\t<div class=\"elementor-element elementor-element-2aa000c elementor-widget elementor-widget-heading\" data-id=\"2aa000c\" data-element_type=\"widget\" data-e-type=\"widget\" data-widget_type=\"heading.default\">\n\t\t\t\t<div class=\"elementor-widget-container\">\n\t\t\t\t\t<h4 class=\"elementor-heading-title elementor-size-default\">Fr\u00e5gor &amp; Svar<\/h4>\t\t\t\t<\/div>\n\t\t\t\t<\/div>\n\t\t\t\t<div class=\"elementor-element elementor-element-1138ebc elementor-widget elementor-widget-text-editor\" data-id=\"1138ebc\" data-element_type=\"widget\" data-e-type=\"widget\" data-widget_type=\"text-editor.default\">\n\t\t\t\t<div class=\"elementor-widget-container\">\n\t\t\t\t\t\t\t\t\t<p data-start=\"0\" data-end=\"293\"><strong data-start=\"0\" data-end=\"54\">Vilka f\u00f6rdelar har en vedeldad bastu i tr\u00e4dg\u00e5rden?<\/strong><br data-start=\"54\" data-end=\"57\" \/>En vedeldad bastu i tr\u00e4dg\u00e5rden ger mjuk och behaglig v\u00e4rme, skapar en genuin k\u00e4nsla av n\u00e4rhet till naturen och erbjuder avkoppling \u00e5ret runt. Den \u00e4r \u00e4ven energieffektiv och ett h\u00e5llbart val f\u00f6r dig som uppskattar tradition och kvalitet.<\/p><p data-start=\"295\" data-end=\"599\"><strong data-start=\"295\" data-end=\"361\">Hur skiljer sig upplevelsen mellan vedeldad bastu och elbastu?<\/strong><br data-start=\"361\" data-end=\"364\" \/>En vedeldad bastu v\u00e4rms upp med ved, vilket ger en autentisk bastuupplevelse med doft av brinnande tr\u00e4 och mjukare v\u00e4rme. Elbastun \u00e4r enklare att starta men saknar den genuina k\u00e4nslan och n\u00e4rheten till naturen som vedeldade bastur ger.<\/p><p data-start=\"601\" data-end=\"881\"><strong data-start=\"601\" data-end=\"657\">Vilka vedeldade bastumodeller passar sm\u00e5 tr\u00e4dg\u00e5rdar?<\/strong><br data-start=\"657\" data-end=\"660\" \/>F\u00f6r sm\u00e5 tr\u00e4dg\u00e5rdar finns kompakta vedeldade bastumodeller som \u00e4r utformade f\u00f6r att ta minimalt med plats men \u00e4nd\u00e5 erbjuda h\u00f6g komfort och \u00e4kta bastuk\u00e4nsla. De \u00e4r flexibla och kan anpassas efter olika utemilj\u00f6er och behov.<\/p><p data-start=\"883\" data-end=\"1176\" data-is-last-node=\"\" data-is-only-node=\"\"><strong data-start=\"883\" data-end=\"949\">P\u00e5 vilket s\u00e4tt bidrar vedeldad bastu till nordisk bastukultur?<\/strong><br data-start=\"949\" data-end=\"952\" \/>Vedeldad bastu \u00e4r en central del av nordisk bastukultur d\u00e4r tradition och hantverk f\u00f6renas. Den ger en unik atmosf\u00e4r med sprakande ved och j\u00e4mn v\u00e4rme, vilket skapar en stark k\u00e4nsla av v\u00e4lbefinnande och koppling till naturen.<\/p>\t\t\t\t\t\t\t\t<\/div>\n\t\t\t\t<\/div>\n\t\t\t\t<div class=\"elementor-element elementor-element-639558b elementor-widget elementor-widget-spacer\" data-id=\"639558b\" data-element_type=\"widget\" data-e-type=\"widget\" data-widget_type=\"spacer.default\">\n\t\t\t\t<div class=\"elementor-widget-container\">\n\t\t\t\t\t\t\t<div class=\"elementor-spacer\">\n\t\t\t<div class=\"elementor-spacer-inner\"><\/div>\n\t\t<\/div>\n\t\t\t\t\t\t<\/div>\n\t\t\t\t<\/div>\n\t\t\t\t\t<\/div>\n\t\t\t\t<\/div>\n\t\t\t\t<\/div>\n\t\t","protected":false},"excerpt":{"rendered":"<p>Vedeldad bastu \u2013 nordisk design, \u00e4kta bastukultur och avkoppling Genuin v\u00e4rme och tradition \u00a0 En vedeldad bastu ger en autentisk och unik bastuupplevelse d\u00e4r doften av brinnande ved och den mjuka v\u00e4rmen skapar en avkopplande atmosf\u00e4r. Med r\u00f6tterna i nordisk tradition erbjuder en vedeldad bastu inte bara effektiv uppv\u00e4rmning, utan ocks\u00e5 en k\u00e4nsla av n\u00e4rhet [&hellip;]<\/p>\n","protected":false},"author":5,"featured_media":0,"parent":0,"menu_order":0,"comment_status":"closed","ping_status":"closed","template":"","meta":{"_acf_changed":false,"footnotes":""},"class_list":["post-2014","page","type-page","status-publish","hentry"],"acf":[],"yoast_head":"<!-- This site is optimized with the Yoast SEO Premium plugin v27.0 (Yoast SEO v27.0) - https:\/\/yoast.com\/product\/yoast-seo-premium-wordpress\/ -->\n<title>Vedeldad bastu \u2013 nordisk bastukultur och modern design<\/title>\n<meta name=\"description\" content=\"Vedeldad bastu med nordisk design och h\u00f6g komfort. Upplev \u00e4kta bastukultur, h\u00e5llbart hantverk och avkoppling n\u00e4ra naturen.\" \/>\n<meta name=\"robots\" content=\"index, follow, max-snippet:-1, max-image-preview:large, max-video-preview:-1\" \/>\n<link rel=\"canonical\" href=\"https:\/\/skargardsbastu.se\/da\/vedeldad-bastu\/\" \/>\n<meta property=\"og:locale\" content=\"da_DK\" \/>\n<meta property=\"og:type\" content=\"article\" \/>\n<meta property=\"og:title\" content=\"Vedeldad bastu\" \/>\n<meta property=\"og:description\" content=\"Vedeldad bastu med nordisk design och h\u00f6g komfort. Upplev \u00e4kta bastukultur, h\u00e5llbart hantverk och avkoppling n\u00e4ra naturen.\" \/>\n<meta property=\"og:url\" content=\"https:\/\/skargardsbastu.se\/da\/vedeldad-bastu\/\" \/>\n<meta property=\"og:site_name\" content=\"Sk\u00e4rg\u00e5rdsbastu\" \/>\n<meta property=\"article:modified_time\" content=\"2026-02-26T14:22:43+00:00\" \/>\n<meta property=\"og:image\" content=\"https:\/\/skargardsbastu.se\/wp-content\/uploads\/2026\/02\/20.scandinavian-sauna.jpg\" \/>\n\t<meta property=\"og:image:width\" content=\"1920\" \/>\n\t<meta property=\"og:image:height\" content=\"1280\" \/>\n\t<meta property=\"og:image:type\" content=\"image\/jpeg\" \/>\n<meta name=\"twitter:card\" content=\"summary_large_image\" \/>\n<meta name=\"twitter:label1\" content=\"Estimeret l\u00e6setid\" \/>\n\t<meta name=\"twitter:data1\" content=\"4 minutter\" \/>\n<script type=\"application\/ld+json\" class=\"yoast-schema-graph\">{\"@context\":\"https:\/\/schema.org\",\"@graph\":[{\"@type\":\"WebPage\",\"@id\":\"https:\/\/skargardsbastu.se\/vedeldad-bastu\/\",\"url\":\"https:\/\/skargardsbastu.se\/vedeldad-bastu\/\",\"name\":\"Vedeldad bastu \u2013 nordisk bastukultur och modern design\",\"isPartOf\":{\"@id\":\"https:\/\/skargardsbastu.se\/#website\"},\"primaryImageOfPage\":{\"@id\":\"https:\/\/skargardsbastu.se\/vedeldad-bastu\/#primaryimage\"},\"image\":{\"@id\":\"https:\/\/skargardsbastu.se\/vedeldad-bastu\/#primaryimage\"},\"thumbnailUrl\":\"https:\/\/skargardsbastu.se\/wp-content\/uploads\/2026\/02\/20.scandinavian-sauna-1024x683.jpg\",\"datePublished\":\"2025-07-25T12:12:57+00:00\",\"dateModified\":\"2026-02-26T14:22:43+00:00\",\"description\":\"Vedeldad bastu med nordisk design och h\u00f6g komfort. Upplev \u00e4kta bastukultur, h\u00e5llbart hantverk och avkoppling n\u00e4ra naturen.\",\"breadcrumb\":{\"@id\":\"https:\/\/skargardsbastu.se\/vedeldad-bastu\/#breadcrumb\"},\"inLanguage\":\"da-DK\",\"potentialAction\":[{\"@type\":\"ReadAction\",\"target\":[\"https:\/\/skargardsbastu.se\/vedeldad-bastu\/\"]}]},{\"@type\":\"ImageObject\",\"inLanguage\":\"da-DK\",\"@id\":\"https:\/\/skargardsbastu.se\/vedeldad-bastu\/#primaryimage\",\"url\":\"https:\/\/skargardsbastu.se\/wp-content\/uploads\/2026\/02\/20.scandinavian-sauna-1024x683.jpg\",\"contentUrl\":\"https:\/\/skargardsbastu.se\/wp-content\/uploads\/2026\/02\/20.scandinavian-sauna-1024x683.jpg\"},{\"@type\":\"BreadcrumbList\",\"@id\":\"https:\/\/skargardsbastu.se\/vedeldad-bastu\/#breadcrumb\",\"itemListElement\":[{\"@type\":\"ListItem\",\"position\":1,\"name\":\"Home\",\"item\":\"https:\/\/skargardsbastu.se\/\"},{\"@type\":\"ListItem\",\"position\":2,\"name\":\"Vedeldad bastu\"}]},{\"@type\":\"WebSite\",\"@id\":\"https:\/\/skargardsbastu.se\/#website\",\"url\":\"https:\/\/skargardsbastu.se\/\",\"name\":\"Sk\u00e4rg\u00e5rdsbastu\",\"description\":\"Din bastudr\u00f6m b\u00f6rjar h\u00e4r\",\"publisher\":{\"@id\":\"https:\/\/skargardsbastu.se\/#organization\"},\"potentialAction\":[{\"@type\":\"SearchAction\",\"target\":{\"@type\":\"EntryPoint\",\"urlTemplate\":\"https:\/\/skargardsbastu.se\/?s={search_term_string}\"},\"query-input\":{\"@type\":\"PropertyValueSpecification\",\"valueRequired\":true,\"valueName\":\"search_term_string\"}}],\"inLanguage\":\"da-DK\"},{\"@type\":\"Organization\",\"@id\":\"https:\/\/skargardsbastu.se\/#organization\",\"name\":\"Sk\u00e4rg\u00e5rdsbastu\",\"url\":\"https:\/\/skargardsbastu.se\/\",\"logo\":{\"@type\":\"ImageObject\",\"inLanguage\":\"da-DK\",\"@id\":\"https:\/\/skargardsbastu.se\/#\/schema\/logo\/image\/\",\"url\":\"https:\/\/skargardsbastu.se\/wp-content\/uploads\/2025\/05\/T-4-e1748611164195.png\",\"contentUrl\":\"https:\/\/skargardsbastu.se\/wp-content\/uploads\/2025\/05\/T-4-e1748611164195.png\",\"width\":263,\"height\":252,\"caption\":\"Sk\u00e4rg\u00e5rdsbastu\"},\"image\":{\"@id\":\"https:\/\/skargardsbastu.se\/#\/schema\/logo\/image\/\"}}]}<\/script>\n<!-- \/ Yoast SEO Premium plugin. -->","yoast_head_json":{"title":"Vedeldad bastu \u2013 nordisk bastukultur och modern design","description":"Vedeldad bastu med nordisk design och h\u00f6g komfort. Upplev \u00e4kta bastukultur, h\u00e5llbart hantverk och avkoppling n\u00e4ra naturen.","robots":{"index":"index","follow":"follow","max-snippet":"max-snippet:-1","max-image-preview":"max-image-preview:large","max-video-preview":"max-video-preview:-1"},"canonical":"https:\/\/skargardsbastu.se\/da\/vedeldad-bastu\/","og_locale":"da_DK","og_type":"article","og_title":"Vedeldad bastu","og_description":"Vedeldad bastu med nordisk design och h\u00f6g komfort. Upplev \u00e4kta bastukultur, h\u00e5llbart hantverk och avkoppling n\u00e4ra naturen.","og_url":"https:\/\/skargardsbastu.se\/da\/vedeldad-bastu\/","og_site_name":"Sk\u00e4rg\u00e5rdsbastu","article_modified_time":"2026-02-26T14:22:43+00:00","og_image":[{"width":1920,"height":1280,"url":"https:\/\/skargardsbastu.se\/wp-content\/uploads\/2026\/02\/20.scandinavian-sauna.jpg","type":"image\/jpeg"}],"twitter_card":"summary_large_image","twitter_misc":{"Estimeret l\u00e6setid":"4 minutter"},"schema":{"@context":"https:\/\/schema.org","@graph":[{"@type":"WebPage","@id":"https:\/\/skargardsbastu.se\/vedeldad-bastu\/","url":"https:\/\/skargardsbastu.se\/vedeldad-bastu\/","name":"Vedeldad bastu \u2013 nordisk bastukultur och modern design","isPartOf":{"@id":"https:\/\/skargardsbastu.se\/#website"},"primaryImageOfPage":{"@id":"https:\/\/skargardsbastu.se\/vedeldad-bastu\/#primaryimage"},"image":{"@id":"https:\/\/skargardsbastu.se\/vedeldad-bastu\/#primaryimage"},"thumbnailUrl":"https:\/\/skargardsbastu.se\/wp-content\/uploads\/2026\/02\/20.scandinavian-sauna-1024x683.jpg","datePublished":"2025-07-25T12:12:57+00:00","dateModified":"2026-02-26T14:22:43+00:00","description":"Vedeldad bastu med nordisk design och h\u00f6g komfort. Upplev \u00e4kta bastukultur, h\u00e5llbart hantverk och avkoppling n\u00e4ra naturen.","breadcrumb":{"@id":"https:\/\/skargardsbastu.se\/vedeldad-bastu\/#breadcrumb"},"inLanguage":"da-DK","potentialAction":[{"@type":"ReadAction","target":["https:\/\/skargardsbastu.se\/vedeldad-bastu\/"]}]},{"@type":"ImageObject","inLanguage":"da-DK","@id":"https:\/\/skargardsbastu.se\/vedeldad-bastu\/#primaryimage","url":"https:\/\/skargardsbastu.se\/wp-content\/uploads\/2026\/02\/20.scandinavian-sauna-1024x683.jpg","contentUrl":"https:\/\/skargardsbastu.se\/wp-content\/uploads\/2026\/02\/20.scandinavian-sauna-1024x683.jpg"},{"@type":"BreadcrumbList","@id":"https:\/\/skargardsbastu.se\/vedeldad-bastu\/#breadcrumb","itemListElement":[{"@type":"ListItem","position":1,"name":"Home","item":"https:\/\/skargardsbastu.se\/"},{"@type":"ListItem","position":2,"name":"Vedeldad bastu"}]},{"@type":"WebSite","@id":"https:\/\/skargardsbastu.se\/#website","url":"https:\/\/skargardsbastu.se\/","name":"\u00d8havets sauna","description":"Din saunadr\u00f8m starter her","publisher":{"@id":"https:\/\/skargardsbastu.se\/#organization"},"potentialAction":[{"@type":"SearchAction","target":{"@type":"EntryPoint","urlTemplate":"https:\/\/skargardsbastu.se\/?s={search_term_string}"},"query-input":{"@type":"PropertyValueSpecification","valueRequired":true,"valueName":"search_term_string"}}],"inLanguage":"da-DK"},{"@type":"Organization","@id":"https:\/\/skargardsbastu.se\/#organization","name":"\u00d8havets sauna","url":"https:\/\/skargardsbastu.se\/","logo":{"@type":"ImageObject","inLanguage":"da-DK","@id":"https:\/\/skargardsbastu.se\/#\/schema\/logo\/image\/","url":"https:\/\/skargardsbastu.se\/wp-content\/uploads\/2025\/05\/T-4-e1748611164195.png","contentUrl":"https:\/\/skargardsbastu.se\/wp-content\/uploads\/2025\/05\/T-4-e1748611164195.png","width":263,"height":252,"caption":"Sk\u00e4rg\u00e5rdsbastu"},"image":{"@id":"https:\/\/skargardsbastu.se\/#\/schema\/logo\/image\/"}}]}},"_links":{"self":[{"href":"https:\/\/skargardsbastu.se\/da\/wp-json\/wp\/v2\/pages\/2014","targetHints":{"allow":["GET"]}}],"collection":[{"href":"https:\/\/skargardsbastu.se\/da\/wp-json\/wp\/v2\/pages"}],"about":[{"href":"https:\/\/skargardsbastu.se\/da\/wp-json\/wp\/v2\/types\/page"}],"author":[{"embeddable":true,"href":"https:\/\/skargardsbastu.se\/da\/wp-json\/wp\/v2\/users\/5"}],"replies":[{"embeddable":true,"href":"https:\/\/skargardsbastu.se\/da\/wp-json\/wp\/v2\/comments?post=2014"}],"version-history":[{"count":22,"href":"https:\/\/skargardsbastu.se\/da\/wp-json\/wp\/v2\/pages\/2014\/revisions"}],"predecessor-version":[{"id":2780,"href":"https:\/\/skargardsbastu.se\/da\/wp-json\/wp\/v2\/pages\/2014\/revisions\/2780"}],"wp:attachment":[{"href":"https:\/\/skargardsbastu.se\/da\/wp-json\/wp\/v2\/media?parent=2014"}],"curies":[{"name":"wp","href":"https:\/\/api.w.org\/{rel}","templated":true}]}}