{"id":2006,"date":"2025-07-25T12:08:50","date_gmt":"2025-07-25T12:08:50","guid":{"rendered":"https:\/\/skargardsbastu.se\/?page_id=2006"},"modified":"2026-02-26T14:22:00","modified_gmt":"2026-02-26T14:22:00","slug":"utomhus-bastu-vedeldad","status":"publish","type":"page","link":"https:\/\/skargardsbastu.se\/da\/utomhus-bastu-vedeldad\/","title":{"rendered":"Utomhus bastu vedeldad"},"content":{"rendered":"\t\t<div data-elementor-type=\"wp-page\" data-elementor-id=\"2006\" class=\"elementor elementor-2006\" data-elementor-post-type=\"page\">\n\t\t\t\t<div class=\"elementor-element elementor-element-8f2eb91 e-flex e-con-boxed e-con e-parent\" data-id=\"8f2eb91\" data-element_type=\"container\" data-e-type=\"container\" data-settings=\"{&quot;background_background&quot;:&quot;classic&quot;}\">\n\t\t\t\t\t<div class=\"e-con-inner\">\n\t\t<div class=\"elementor-element elementor-element-1af229e e-con-full e-flex e-con e-child\" data-id=\"1af229e\" data-element_type=\"container\" data-e-type=\"container\" data-settings=\"{&quot;background_background&quot;:&quot;classic&quot;}\">\n\t\t\t\t<div class=\"elementor-element elementor-element-be97250 elementor-widget elementor-widget-heading\" data-id=\"be97250\" data-element_type=\"widget\" data-e-type=\"widget\" data-widget_type=\"heading.default\">\n\t\t\t\t<div class=\"elementor-widget-container\">\n\t\t\t\t\t<h1 class=\"elementor-heading-title elementor-size-default\">Vedeldad utomhusbastu \u2013 traditionell v\u00e4rme och nordisk design<\/h1>\t\t\t\t<\/div>\n\t\t\t\t<\/div>\n\t\t\t\t<div class=\"elementor-element elementor-element-3c1a3e1 elementor-widget__width-initial elementor-widget-mobile__width-inherit elementor-widget elementor-widget-text-editor\" data-id=\"3c1a3e1\" data-element_type=\"widget\" data-e-type=\"widget\" data-widget_type=\"text-editor.default\">\n\t\t\t\t<div class=\"elementor-widget-container\">\n\t\t\t\t\t\t\t\t\t<article class=\"text-token-text-primary w-full\" dir=\"auto\" data-testid=\"conversation-turn-2\" data-scroll-anchor=\"true\"><div class=\"text-base my-auto mx-auto pb-10 [--thread-content-margin:--spacing(4)] @[37rem]:[--thread-content-margin:--spacing(6)] @[72rem]:[--thread-content-margin:--spacing(16)] px-(--thread-content-margin)\"><div class=\"[--thread-content-max-width:32rem] @[34rem]:[--thread-content-max-width:40rem] @[64rem]:[--thread-content-max-width:48rem] mx-auto max-w-(--thread-content-max-width) flex-1 group\/turn-messages focus-visible:outline-hidden relative flex w-full min-w-0 flex-col agent-turn\" tabindex=\"-1\"><div class=\"flex max-w-full flex-col grow\"><div class=\"min-h-8 text-message relative flex w-full flex-col items-end gap-2 text-start break-words whitespace-normal [.text-message+&amp;]:mt-5\" dir=\"auto\" data-message-author-role=\"assistant\" data-message-id=\"bfc16c59-e2ee-41ce-b35c-0f4a51cc6c1c\" data-message-model-slug=\"gpt-4o\"><div class=\"flex w-full flex-col gap-1 empty:hidden first:pt-[3px]\"><div class=\"markdown prose dark:prose-invert w-full break-words dark\"><p data-start=\"0\" data-end=\"48\" data-is-last-node=\"\" data-is-only-node=\"\">\u00c4kta bastuk\u00e4nsla i egen tr\u00e4dg\u00e5rd<\/p><\/div><\/div><\/div><\/div><\/div><\/div><\/article>\t\t\t\t\t\t\t\t<\/div>\n\t\t\t\t<\/div>\n\t\t\t\t<\/div>\n\t\t\t\t\t<\/div>\n\t\t\t\t<\/div>\n\t\t<div class=\"elementor-element elementor-element-6543f15 e-flex e-con-boxed e-con e-parent\" data-id=\"6543f15\" data-element_type=\"container\" data-e-type=\"container\" data-settings=\"{&quot;background_background&quot;:&quot;classic&quot;}\">\n\t\t\t\t\t<div class=\"e-con-inner\">\n\t\t\t\t<div class=\"elementor-element elementor-element-db7531a elementor-widget elementor-widget-text-editor\" data-id=\"db7531a\" data-element_type=\"widget\" data-e-type=\"widget\" data-widget_type=\"text-editor.default\">\n\t\t\t\t<div class=\"elementor-widget-container\">\n\t\t\t\t\t\t\t\t\t<p>En vedeldad utomhusbastu \u00e4r det perfekta valet f\u00f6r dig som vill f\u00f6rena traditionell bastukultur med modern komfort i din egen tr\u00e4dg\u00e5rd. Med en vedeldad bastu f\u00e5r du den genuina, mjuka v\u00e4rmen och den karakt\u00e4ristiska doften av brinnande ved, vilket skapar en unik atmosf\u00e4r av avkoppling och harmoni. V\u00e5ra utomhusbastur \u00e4r tillverkade med fokus p\u00e5 nordisk design och h\u00e5llbart hantverk, vilket g\u00f6r dem b\u00e5de estetiskt tilltalande och t\u00e5liga mot v\u00e5rt nordiska klimat.\u00a0<\/p><p>Oavsett om du s\u00f6ker en kompakt modell f\u00f6r tv\u00e5 personer eller en st\u00f6rre bastu f\u00f6r hela familjen, finns flexibla l\u00f6sningar som passar dina behov. Bastun levereras f\u00e4rdigmonterad och \u00e4r enkel att placera p\u00e5 altan, grus eller plintar. Skapa din egen oas med en utomhusbastu vedeldad och njut av naturlig v\u00e4rme, avkoppling och en plats f\u00f6r \u00e5terh\u00e4mtning \u00e5ret runt.<\/p>\t\t\t\t\t\t\t\t<\/div>\n\t\t\t\t<\/div>\n\t\t\t\t<div class=\"elementor-element elementor-element-297b720 elementor-widget elementor-widget-heading\" data-id=\"297b720\" data-element_type=\"widget\" data-e-type=\"widget\" data-widget_type=\"heading.default\">\n\t\t\t\t<div class=\"elementor-widget-container\">\n\t\t\t\t\t<h2 class=\"elementor-heading-title elementor-size-default\">Vedeldad utomhusbastu \u2013 njut av \u00e4kta bastuk\u00e4nsla hemma<\/h2>\t\t\t\t<\/div>\n\t\t\t\t<\/div>\n\t\t\t\t<div class=\"elementor-element elementor-element-47f8421 elementor-widget elementor-widget-text-editor\" data-id=\"47f8421\" data-element_type=\"widget\" data-e-type=\"widget\" data-widget_type=\"text-editor.default\">\n\t\t\t\t<div class=\"elementor-widget-container\">\n\t\t\t\t\t\t\t\t\t<p>En utomhus bastu vedeldad ger dig m\u00f6jligheten att uppleva traditionell bastukultur med modern bekv\u00e4mlighet direkt i din egen tr\u00e4dg\u00e5rd. Den vedeldade bastun bjuder p\u00e5 mjuk, naturlig v\u00e4rme och den speciella doften av brinnande ved, vilket skapar en unik plats f\u00f6r avkoppling och \u00e5terh\u00e4mtning. Bastun \u00e4r byggd med h\u00e5llbar nordisk design och noggrant utvalt material f\u00f6r att klara tuffa v\u00e4derf\u00f6rh\u00e5llanden och samtidigt vara ett vackert inslag i din utemilj\u00f6.<\/p><p>Oavsett om du vill ha en mindre bastu f\u00f6r avkopplande stunder p\u00e5 tu man hand eller en st\u00f6rre modell f\u00f6r familj och v\u00e4nner, finns flexibla alternativ som passar dina \u00f6nskem\u00e5l. Bastun levereras f\u00e4rdigmonterad och \u00e4r enkel att installera, s\u00e5 att du snabbt kan b\u00f6rja njuta av v\u00e4rmen \u00e5ret om.<\/p>\t\t\t\t\t\t\t\t<\/div>\n\t\t\t\t<\/div>\n\t\t\t\t<div class=\"elementor-element elementor-element-176aa63 elementor-widget elementor-widget-heading\" data-id=\"176aa63\" data-element_type=\"widget\" data-e-type=\"widget\" data-widget_type=\"heading.default\">\n\t\t\t\t<div class=\"elementor-widget-container\">\n\t\t\t\t\t<h3 class=\"elementor-heading-title elementor-size-default\">S\u00e5 skapar du en trivsam plats med vedeldad bastu utomhus<\/h3>\t\t\t\t<\/div>\n\t\t\t\t<\/div>\n\t\t\t\t<div class=\"elementor-element elementor-element-8facb7c elementor-widget elementor-widget-text-editor\" data-id=\"8facb7c\" data-element_type=\"widget\" data-e-type=\"widget\" data-widget_type=\"text-editor.default\">\n\t\t\t\t<div class=\"elementor-widget-container\">\n\t\t\t\t\t\t\t\t\t<p>Att installera en vedeldad bastu fr\u00e5n Sk\u00e4rg\u00e5rdsbastu utomhus i tr\u00e4dg\u00e5rden ger dig m\u00f6jlighet att skapa en unik plats f\u00f6r avkoppling och gemenskap. Placera bastun p\u00e5 en lugn plats med vacker utsikt eller n\u00e4ra badm\u00f6jligheter f\u00f6r att maximera upplevelsen.<\/p><p>Komplettera g\u00e4rna med en sittgrupp, utedusch eller belysning f\u00f6r att f\u00f6rl\u00e4nga kv\u00e4llarna och skapa en inbjudande atmosf\u00e4r \u00e5ret runt. Med r\u00e4tt placering och tillbeh\u00f6r blir din vedeldade utomhusbastu fr\u00e5n Sk\u00e4rg\u00e5rdsbastu snabbt en naturlig samlingspunkt f\u00f6r b\u00e5de vardag och fest.<\/p>\t\t\t\t\t\t\t\t<\/div>\n\t\t\t\t<\/div>\n\t\t\t\t<div class=\"elementor-element elementor-element-3f768ba elementor-widget elementor-widget-heading\" data-id=\"3f768ba\" data-element_type=\"widget\" data-e-type=\"widget\" data-widget_type=\"heading.default\">\n\t\t\t\t<div class=\"elementor-widget-container\">\n\t\t\t\t\t<h3 class=\"elementor-heading-title elementor-size-default\">F\u00f6rdelar med vedeldad utomhusbastu \u00e5ret runt<\/h3>\t\t\t\t<\/div>\n\t\t\t\t<\/div>\n\t\t\t\t<div class=\"elementor-element elementor-element-7567f49 elementor-widget elementor-widget-text-editor\" data-id=\"7567f49\" data-element_type=\"widget\" data-e-type=\"widget\" data-widget_type=\"text-editor.default\">\n\t\t\t\t<div class=\"elementor-widget-container\">\n\t\t\t\t\t\t\t\t\t<p>Att v\u00e4lja en vedeldad utomhusbastu fr\u00e5n Sk\u00e4rg\u00e5rdsbastu inneb\u00e4r att du kan njuta av bastubad oavsett \u00e5rstid. Den vedeldade bastun ger en naturlig och behaglig v\u00e4rme som sprider sig j\u00e4mnt i hela basturummet. Doften av brinnande ved och ljudet fr\u00e5n elden skapar en rogivande atmosf\u00e4r och f\u00f6rst\u00e4rker k\u00e4nslan av avkoppling.&nbsp;<\/p><p>Bastun fr\u00e5n Sk\u00e4rg\u00e5rdsbastu \u00e4r byggd f\u00f6r att t\u00e5la nordiskt klimat och kr\u00e4ver minimalt underh\u00e5ll, vilket g\u00f6r den till ett l\u00e5ngsiktigt och h\u00e5llbart val f\u00f6r din tr\u00e4dg\u00e5rd. Tack vare enkel installation och flexibla storlekar passar den b\u00e5de f\u00f6r sm\u00e5 och stora s\u00e4llskap.<\/p>\t\t\t\t\t\t\t\t<\/div>\n\t\t\t\t<\/div>\n\t\t\t\t<div class=\"elementor-element elementor-element-7239da6 elementor-widget elementor-widget-image\" data-id=\"7239da6\" data-element_type=\"widget\" data-e-type=\"widget\" data-widget_type=\"image.default\">\n\t\t\t\t<div class=\"elementor-widget-container\">\n\t\t\t\t\t\t\t\t\t\t\t\t\t\t\t<img fetchpriority=\"high\" decoding=\"async\" width=\"800\" height=\"534\" src=\"https:\/\/skargardsbastu.se\/wp-content\/uploads\/2026\/02\/19.outdoor-wood-sauna-1024x683.jpg\" class=\"attachment-large size-large wp-image-2724 wvs-archive-product-image\" alt=\"Utomhusbastu vedeldad fr\u00e5n Sk\u00e4rg\u00e5rdsbastu - traditionell nordisk design f\u00f6r avkoppling \u00e5ret runt.\" srcset=\"https:\/\/skargardsbastu.se\/wp-content\/uploads\/2026\/02\/19.outdoor-wood-sauna-1024x683.jpg 1024w, https:\/\/skargardsbastu.se\/wp-content\/uploads\/2026\/02\/19.outdoor-wood-sauna-300x200.jpg 300w, https:\/\/skargardsbastu.se\/wp-content\/uploads\/2026\/02\/19.outdoor-wood-sauna-768x512.jpg 768w, https:\/\/skargardsbastu.se\/wp-content\/uploads\/2026\/02\/19.outdoor-wood-sauna-1536x1024.jpg 1536w, https:\/\/skargardsbastu.se\/wp-content\/uploads\/2026\/02\/19.outdoor-wood-sauna-600x400.jpg 600w, https:\/\/skargardsbastu.se\/wp-content\/uploads\/2026\/02\/19.outdoor-wood-sauna.jpg 1920w\" sizes=\"(max-width: 800px) 100vw, 800px\" \/>\t\t\t\t\t\t\t\t\t\t\t\t\t\t\t<\/div>\n\t\t\t\t<\/div>\n\t\t\t\t\t<\/div>\n\t\t\t\t<\/div>\n\t\t<div class=\"elementor-element elementor-element-2e5fa02 e-flex e-con-boxed e-con e-parent\" data-id=\"2e5fa02\" data-element_type=\"container\" data-e-type=\"container\" data-settings=\"{&quot;background_background&quot;:&quot;classic&quot;}\">\n\t\t\t\t\t<div class=\"e-con-inner\">\n\t\t\t\t<div class=\"elementor-element elementor-element-09be1fd elementor-widget elementor-widget-heading\" data-id=\"09be1fd\" data-element_type=\"widget\" data-e-type=\"widget\" data-widget_type=\"heading.default\">\n\t\t\t\t<div class=\"elementor-widget-container\">\n\t\t\t\t\t<h2 class=\"elementor-heading-title elementor-size-default\">Kontakta oss f\u00f6r mer information<\/h2>\t\t\t\t<\/div>\n\t\t\t\t<\/div>\n\t\t\t\t<div class=\"elementor-element elementor-element-e2146fe elementor-widget elementor-widget-text-editor\" data-id=\"e2146fe\" data-element_type=\"widget\" data-e-type=\"widget\" data-widget_type=\"text-editor.default\">\n\t\t\t\t<div class=\"elementor-widget-container\">\n\t\t\t\t\t\t\t\t\t<p><span style=\"font-weight: 400;\">Att k\u00f6pa bastu ska vara enkelt och tryggt. Hos oss f\u00e5r du inte bara en produkt, utan en komplett l\u00f6sning \u2013 fr\u00e5n r\u00e5dgivning och best\u00e4llning till leverans och installation. Vi guidar dig g\u00e4rna i valet av den frist\u00e5ende bastu som passar b\u00e4st i just din tr\u00e4dg\u00e5rd och ser till att varje steg i processen blir smidigt. Kontakta oss idag f\u00f6r att ta f\u00f6rsta steget mot att f\u00f6rverkliga din bastudr\u00f6m. <\/span><\/p>\t\t\t\t\t\t\t\t<\/div>\n\t\t\t\t<\/div>\n\t\t\t\t<div class=\"elementor-element elementor-element-6d55090 elementor-align-center elementor-widget elementor-widget-button\" data-id=\"6d55090\" data-element_type=\"widget\" data-e-type=\"widget\" data-widget_type=\"button.default\">\n\t\t\t\t<div class=\"elementor-widget-container\">\n\t\t\t\t\t\t\t\t\t<div class=\"elementor-button-wrapper\">\n\t\t\t\t\t<a class=\"elementor-button elementor-button-link elementor-size-sm\" href=\"https:\/\/skargardsbastu.se\/kontakt\/\">\n\t\t\t\t\t\t<span class=\"elementor-button-content-wrapper\">\n\t\t\t\t\t\t\t\t\t<span class=\"elementor-button-text\">Kontakta oss<\/span>\n\t\t\t\t\t<\/span>\n\t\t\t\t\t<\/a>\n\t\t\t\t<\/div>\n\t\t\t\t\t\t\t\t<\/div>\n\t\t\t\t<\/div>\n\t\t\t\t\t<\/div>\n\t\t\t\t<\/div>\n\t\t<div class=\"elementor-element elementor-element-18eed24 e-flex e-con-boxed e-con e-parent\" data-id=\"18eed24\" data-element_type=\"container\" data-e-type=\"container\">\n\t\t\t\t\t<div class=\"e-con-inner\">\n\t\t\t\t<div class=\"elementor-element elementor-element-6ff049f elementor-widget elementor-widget-spacer\" data-id=\"6ff049f\" data-element_type=\"widget\" data-e-type=\"widget\" data-widget_type=\"spacer.default\">\n\t\t\t\t<div class=\"elementor-widget-container\">\n\t\t\t\t\t\t\t<div class=\"elementor-spacer\">\n\t\t\t<div class=\"elementor-spacer-inner\"><\/div>\n\t\t<\/div>\n\t\t\t\t\t\t<\/div>\n\t\t\t\t<\/div>\n\t\t\t\t<div class=\"elementor-element elementor-element-63a8342 elementor-widget elementor-widget-heading\" data-id=\"63a8342\" data-element_type=\"widget\" data-e-type=\"widget\" data-widget_type=\"heading.default\">\n\t\t\t\t<div class=\"elementor-widget-container\">\n\t\t\t\t\t<h4 class=\"elementor-heading-title elementor-size-default\">Fr\u00e5gor &amp; Svar<\/h4>\t\t\t\t<\/div>\n\t\t\t\t<\/div>\n\t\t\t\t<div class=\"elementor-element elementor-element-774cc8f elementor-widget elementor-widget-text-editor\" data-id=\"774cc8f\" data-element_type=\"widget\" data-e-type=\"widget\" data-widget_type=\"text-editor.default\">\n\t\t\t\t<div class=\"elementor-widget-container\">\n\t\t\t\t\t\t\t\t\t<p data-start=\"0\" data-end=\"301\"><strong data-start=\"0\" data-end=\"53\">Vilka \u00e4r f\u00f6rdelarna med en vedeldad utomhusbastu?<\/strong><br data-start=\"53\" data-end=\"56\" \/>En vedeldad utomhusbastu ger en mjuk, naturlig v\u00e4rme och skapar en genuin bastuk\u00e4nsla. Doften av brinnande ved och ljudet fr\u00e5n elden bidrar till en avkopplande atmosf\u00e4r. Bastun \u00e4r dessutom t\u00e5lig mot nordiskt klimat och kr\u00e4ver minimalt underh\u00e5ll.<\/p><p data-start=\"303\" data-end=\"604\"><strong data-start=\"303\" data-end=\"365\">Hur installerar man en vedeldad utomhusbastu i tr\u00e4dg\u00e5rden?<\/strong><br data-start=\"365\" data-end=\"368\" \/>En vedeldad utomhusbastu levereras oftast f\u00e4rdigmonterad och kan enkelt placeras p\u00e5 altan, grus eller plintar. Installationen \u00e4r smidig och kr\u00e4ver inga st\u00f6rre bygginsatser, vilket g\u00f6r att du snabbt kan b\u00f6rja njuta av bastubad \u00e5ret runt.<\/p><p data-start=\"606\" data-end=\"903\"><strong data-start=\"606\" data-end=\"663\">Vilka storlekar finns det p\u00e5 vedeldade utomhusbastur?<\/strong><br data-start=\"663\" data-end=\"666\" \/>Vedeldade utomhusbastur finns i flera storlekar, fr\u00e5n kompakta modeller f\u00f6r tv\u00e5 personer till st\u00f6rre bastur som rymmer hela familjen eller v\u00e4nkretsen. Det finns flexibla l\u00f6sningar som passar b\u00e5de sm\u00e5 och stora s\u00e4llskap beroende p\u00e5 behov.<\/p><p data-start=\"905\" data-end=\"1202\" data-is-last-node=\"\" data-is-only-node=\"\"><strong data-start=\"905\" data-end=\"965\">\u00c4r en vedeldad utomhusbastu h\u00e5llbar f\u00f6r nordiskt klimat?<\/strong><br data-start=\"965\" data-end=\"968\" \/>Ja, en vedeldad utomhusbastu \u00e4r byggd med noggrant utvalda material och nordisk design f\u00f6r att t\u00e5la tuffa v\u00e4derf\u00f6rh\u00e5llanden. Den kr\u00e4ver lite underh\u00e5ll och \u00e4r ett l\u00e5ngsiktigt och h\u00e5llbart val f\u00f6r dig som vill njuta av bastubad \u00e5ret om.<\/p>\t\t\t\t\t\t\t\t<\/div>\n\t\t\t\t<\/div>\n\t\t\t\t<div class=\"elementor-element elementor-element-5096a48 elementor-widget elementor-widget-spacer\" data-id=\"5096a48\" data-element_type=\"widget\" data-e-type=\"widget\" data-widget_type=\"spacer.default\">\n\t\t\t\t<div class=\"elementor-widget-container\">\n\t\t\t\t\t\t\t<div class=\"elementor-spacer\">\n\t\t\t<div class=\"elementor-spacer-inner\"><\/div>\n\t\t<\/div>\n\t\t\t\t\t\t<\/div>\n\t\t\t\t<\/div>\n\t\t\t\t\t<\/div>\n\t\t\t\t<\/div>\n\t\t\t\t<\/div>\n\t\t","protected":false},"excerpt":{"rendered":"<p>Vedeldad utomhusbastu \u2013 traditionell v\u00e4rme och nordisk design \u00c4kta bastuk\u00e4nsla i egen tr\u00e4dg\u00e5rd En vedeldad utomhusbastu \u00e4r det perfekta valet f\u00f6r dig som vill f\u00f6rena traditionell bastukultur med modern komfort i din egen tr\u00e4dg\u00e5rd. Med en vedeldad bastu f\u00e5r du den genuina, mjuka v\u00e4rmen och den karakt\u00e4ristiska doften av brinnande ved, vilket skapar en unik [&hellip;]<\/p>\n","protected":false},"author":5,"featured_media":0,"parent":0,"menu_order":0,"comment_status":"closed","ping_status":"closed","template":"","meta":{"_acf_changed":false,"footnotes":""},"class_list":["post-2006","page","type-page","status-publish","hentry"],"acf":[],"yoast_head":"<!-- This site is optimized with the Yoast SEO Premium plugin v27.0 (Yoast SEO v27.0) - https:\/\/yoast.com\/product\/yoast-seo-premium-wordpress\/ -->\n<title>Utomhusbastu vedeldad \u2013 traditionell bastuk\u00e4nsla<\/title>\n<meta name=\"description\" content=\"Vedeldad utomhusbastu ger dig mjuk v\u00e4rme, \u00e4kta bastuk\u00e4nsla och enkel installation i tr\u00e4dg\u00e5rden \u2013 njut av avkoppling \u00e5ret runt.\" \/>\n<meta name=\"robots\" content=\"index, follow, max-snippet:-1, max-image-preview:large, max-video-preview:-1\" \/>\n<link rel=\"canonical\" href=\"https:\/\/skargardsbastu.se\/da\/utomhus-bastu-vedeldad\/\" \/>\n<meta property=\"og:locale\" content=\"da_DK\" \/>\n<meta property=\"og:type\" content=\"article\" \/>\n<meta property=\"og:title\" content=\"Utomhus bastu vedeldad\" \/>\n<meta property=\"og:description\" content=\"Vedeldad utomhusbastu ger dig mjuk v\u00e4rme, \u00e4kta bastuk\u00e4nsla och enkel installation i tr\u00e4dg\u00e5rden \u2013 njut av avkoppling \u00e5ret runt.\" \/>\n<meta property=\"og:url\" content=\"https:\/\/skargardsbastu.se\/da\/utomhus-bastu-vedeldad\/\" \/>\n<meta property=\"og:site_name\" content=\"Sk\u00e4rg\u00e5rdsbastu\" \/>\n<meta property=\"article:modified_time\" content=\"2026-02-26T14:22:00+00:00\" \/>\n<meta property=\"og:image\" content=\"https:\/\/skargardsbastu.se\/wp-content\/uploads\/2026\/02\/19.outdoor-wood-sauna.jpg\" \/>\n\t<meta property=\"og:image:width\" content=\"1920\" \/>\n\t<meta property=\"og:image:height\" content=\"1280\" \/>\n\t<meta property=\"og:image:type\" content=\"image\/jpeg\" \/>\n<meta name=\"twitter:card\" content=\"summary_large_image\" \/>\n<meta name=\"twitter:label1\" content=\"Estimeret l\u00e6setid\" \/>\n\t<meta name=\"twitter:data1\" content=\"4 minutter\" \/>\n<script type=\"application\/ld+json\" class=\"yoast-schema-graph\">{\"@context\":\"https:\/\/schema.org\",\"@graph\":[{\"@type\":\"WebPage\",\"@id\":\"https:\/\/skargardsbastu.se\/utomhus-bastu-vedeldad\/\",\"url\":\"https:\/\/skargardsbastu.se\/utomhus-bastu-vedeldad\/\",\"name\":\"Utomhusbastu vedeldad \u2013 traditionell bastuk\u00e4nsla\",\"isPartOf\":{\"@id\":\"https:\/\/skargardsbastu.se\/#website\"},\"primaryImageOfPage\":{\"@id\":\"https:\/\/skargardsbastu.se\/utomhus-bastu-vedeldad\/#primaryimage\"},\"image\":{\"@id\":\"https:\/\/skargardsbastu.se\/utomhus-bastu-vedeldad\/#primaryimage\"},\"thumbnailUrl\":\"https:\/\/skargardsbastu.se\/wp-content\/uploads\/2026\/02\/19.outdoor-wood-sauna-1024x683.jpg\",\"datePublished\":\"2025-07-25T12:08:50+00:00\",\"dateModified\":\"2026-02-26T14:22:00+00:00\",\"description\":\"Vedeldad utomhusbastu ger dig mjuk v\u00e4rme, \u00e4kta bastuk\u00e4nsla och enkel installation i tr\u00e4dg\u00e5rden \u2013 njut av avkoppling \u00e5ret runt.\",\"breadcrumb\":{\"@id\":\"https:\/\/skargardsbastu.se\/utomhus-bastu-vedeldad\/#breadcrumb\"},\"inLanguage\":\"da-DK\",\"potentialAction\":[{\"@type\":\"ReadAction\",\"target\":[\"https:\/\/skargardsbastu.se\/utomhus-bastu-vedeldad\/\"]}]},{\"@type\":\"ImageObject\",\"inLanguage\":\"da-DK\",\"@id\":\"https:\/\/skargardsbastu.se\/utomhus-bastu-vedeldad\/#primaryimage\",\"url\":\"https:\/\/skargardsbastu.se\/wp-content\/uploads\/2026\/02\/19.outdoor-wood-sauna-1024x683.jpg\",\"contentUrl\":\"https:\/\/skargardsbastu.se\/wp-content\/uploads\/2026\/02\/19.outdoor-wood-sauna-1024x683.jpg\"},{\"@type\":\"BreadcrumbList\",\"@id\":\"https:\/\/skargardsbastu.se\/utomhus-bastu-vedeldad\/#breadcrumb\",\"itemListElement\":[{\"@type\":\"ListItem\",\"position\":1,\"name\":\"Home\",\"item\":\"https:\/\/skargardsbastu.se\/\"},{\"@type\":\"ListItem\",\"position\":2,\"name\":\"Utomhus bastu vedeldad\"}]},{\"@type\":\"WebSite\",\"@id\":\"https:\/\/skargardsbastu.se\/#website\",\"url\":\"https:\/\/skargardsbastu.se\/\",\"name\":\"Sk\u00e4rg\u00e5rdsbastu\",\"description\":\"Din bastudr\u00f6m b\u00f6rjar h\u00e4r\",\"publisher\":{\"@id\":\"https:\/\/skargardsbastu.se\/#organization\"},\"potentialAction\":[{\"@type\":\"SearchAction\",\"target\":{\"@type\":\"EntryPoint\",\"urlTemplate\":\"https:\/\/skargardsbastu.se\/?s={search_term_string}\"},\"query-input\":{\"@type\":\"PropertyValueSpecification\",\"valueRequired\":true,\"valueName\":\"search_term_string\"}}],\"inLanguage\":\"da-DK\"},{\"@type\":\"Organization\",\"@id\":\"https:\/\/skargardsbastu.se\/#organization\",\"name\":\"Sk\u00e4rg\u00e5rdsbastu\",\"url\":\"https:\/\/skargardsbastu.se\/\",\"logo\":{\"@type\":\"ImageObject\",\"inLanguage\":\"da-DK\",\"@id\":\"https:\/\/skargardsbastu.se\/#\/schema\/logo\/image\/\",\"url\":\"https:\/\/skargardsbastu.se\/wp-content\/uploads\/2025\/05\/T-4-e1748611164195.png\",\"contentUrl\":\"https:\/\/skargardsbastu.se\/wp-content\/uploads\/2025\/05\/T-4-e1748611164195.png\",\"width\":263,\"height\":252,\"caption\":\"Sk\u00e4rg\u00e5rdsbastu\"},\"image\":{\"@id\":\"https:\/\/skargardsbastu.se\/#\/schema\/logo\/image\/\"}}]}<\/script>\n<!-- \/ Yoast SEO Premium plugin. -->","yoast_head_json":{"title":"Utomhusbastu vedeldad \u2013 traditionell bastuk\u00e4nsla","description":"Vedeldad utomhusbastu ger dig mjuk v\u00e4rme, \u00e4kta bastuk\u00e4nsla och enkel installation i tr\u00e4dg\u00e5rden \u2013 njut av avkoppling \u00e5ret runt.","robots":{"index":"index","follow":"follow","max-snippet":"max-snippet:-1","max-image-preview":"max-image-preview:large","max-video-preview":"max-video-preview:-1"},"canonical":"https:\/\/skargardsbastu.se\/da\/utomhus-bastu-vedeldad\/","og_locale":"da_DK","og_type":"article","og_title":"Utomhus bastu vedeldad","og_description":"Vedeldad utomhusbastu ger dig mjuk v\u00e4rme, \u00e4kta bastuk\u00e4nsla och enkel installation i tr\u00e4dg\u00e5rden \u2013 njut av avkoppling \u00e5ret runt.","og_url":"https:\/\/skargardsbastu.se\/da\/utomhus-bastu-vedeldad\/","og_site_name":"Sk\u00e4rg\u00e5rdsbastu","article_modified_time":"2026-02-26T14:22:00+00:00","og_image":[{"width":1920,"height":1280,"url":"https:\/\/skargardsbastu.se\/wp-content\/uploads\/2026\/02\/19.outdoor-wood-sauna.jpg","type":"image\/jpeg"}],"twitter_card":"summary_large_image","twitter_misc":{"Estimeret l\u00e6setid":"4 minutter"},"schema":{"@context":"https:\/\/schema.org","@graph":[{"@type":"WebPage","@id":"https:\/\/skargardsbastu.se\/utomhus-bastu-vedeldad\/","url":"https:\/\/skargardsbastu.se\/utomhus-bastu-vedeldad\/","name":"Utomhusbastu vedeldad \u2013 traditionell bastuk\u00e4nsla","isPartOf":{"@id":"https:\/\/skargardsbastu.se\/#website"},"primaryImageOfPage":{"@id":"https:\/\/skargardsbastu.se\/utomhus-bastu-vedeldad\/#primaryimage"},"image":{"@id":"https:\/\/skargardsbastu.se\/utomhus-bastu-vedeldad\/#primaryimage"},"thumbnailUrl":"https:\/\/skargardsbastu.se\/wp-content\/uploads\/2026\/02\/19.outdoor-wood-sauna-1024x683.jpg","datePublished":"2025-07-25T12:08:50+00:00","dateModified":"2026-02-26T14:22:00+00:00","description":"Vedeldad utomhusbastu ger dig mjuk v\u00e4rme, \u00e4kta bastuk\u00e4nsla och enkel installation i tr\u00e4dg\u00e5rden \u2013 njut av avkoppling \u00e5ret runt.","breadcrumb":{"@id":"https:\/\/skargardsbastu.se\/utomhus-bastu-vedeldad\/#breadcrumb"},"inLanguage":"da-DK","potentialAction":[{"@type":"ReadAction","target":["https:\/\/skargardsbastu.se\/utomhus-bastu-vedeldad\/"]}]},{"@type":"ImageObject","inLanguage":"da-DK","@id":"https:\/\/skargardsbastu.se\/utomhus-bastu-vedeldad\/#primaryimage","url":"https:\/\/skargardsbastu.se\/wp-content\/uploads\/2026\/02\/19.outdoor-wood-sauna-1024x683.jpg","contentUrl":"https:\/\/skargardsbastu.se\/wp-content\/uploads\/2026\/02\/19.outdoor-wood-sauna-1024x683.jpg"},{"@type":"BreadcrumbList","@id":"https:\/\/skargardsbastu.se\/utomhus-bastu-vedeldad\/#breadcrumb","itemListElement":[{"@type":"ListItem","position":1,"name":"Home","item":"https:\/\/skargardsbastu.se\/"},{"@type":"ListItem","position":2,"name":"Utomhus bastu vedeldad"}]},{"@type":"WebSite","@id":"https:\/\/skargardsbastu.se\/#website","url":"https:\/\/skargardsbastu.se\/","name":"\u00d8havets sauna","description":"Din saunadr\u00f8m starter her","publisher":{"@id":"https:\/\/skargardsbastu.se\/#organization"},"potentialAction":[{"@type":"SearchAction","target":{"@type":"EntryPoint","urlTemplate":"https:\/\/skargardsbastu.se\/?s={search_term_string}"},"query-input":{"@type":"PropertyValueSpecification","valueRequired":true,"valueName":"search_term_string"}}],"inLanguage":"da-DK"},{"@type":"Organization","@id":"https:\/\/skargardsbastu.se\/#organization","name":"\u00d8havets sauna","url":"https:\/\/skargardsbastu.se\/","logo":{"@type":"ImageObject","inLanguage":"da-DK","@id":"https:\/\/skargardsbastu.se\/#\/schema\/logo\/image\/","url":"https:\/\/skargardsbastu.se\/wp-content\/uploads\/2025\/05\/T-4-e1748611164195.png","contentUrl":"https:\/\/skargardsbastu.se\/wp-content\/uploads\/2025\/05\/T-4-e1748611164195.png","width":263,"height":252,"caption":"Sk\u00e4rg\u00e5rdsbastu"},"image":{"@id":"https:\/\/skargardsbastu.se\/#\/schema\/logo\/image\/"}}]}},"_links":{"self":[{"href":"https:\/\/skargardsbastu.se\/da\/wp-json\/wp\/v2\/pages\/2006","targetHints":{"allow":["GET"]}}],"collection":[{"href":"https:\/\/skargardsbastu.se\/da\/wp-json\/wp\/v2\/pages"}],"about":[{"href":"https:\/\/skargardsbastu.se\/da\/wp-json\/wp\/v2\/types\/page"}],"author":[{"embeddable":true,"href":"https:\/\/skargardsbastu.se\/da\/wp-json\/wp\/v2\/users\/5"}],"replies":[{"embeddable":true,"href":"https:\/\/skargardsbastu.se\/da\/wp-json\/wp\/v2\/comments?post=2006"}],"version-history":[{"count":25,"href":"https:\/\/skargardsbastu.se\/da\/wp-json\/wp\/v2\/pages\/2006\/revisions"}],"predecessor-version":[{"id":2777,"href":"https:\/\/skargardsbastu.se\/da\/wp-json\/wp\/v2\/pages\/2006\/revisions\/2777"}],"wp:attachment":[{"href":"https:\/\/skargardsbastu.se\/da\/wp-json\/wp\/v2\/media?parent=2006"}],"curies":[{"name":"wp","href":"https:\/\/api.w.org\/{rel}","templated":true}]}}