{"id":1975,"date":"2025-07-25T11:55:01","date_gmt":"2025-07-25T11:55:01","guid":{"rendered":"https:\/\/skargardsbastu.se\/?page_id=1975"},"modified":"2026-02-26T14:18:03","modified_gmt":"2026-02-26T14:18:03","slug":"liten-vedeldad-bastu","status":"publish","type":"page","link":"https:\/\/skargardsbastu.se\/da\/liten-vedeldad-bastu\/","title":{"rendered":"Liten vedeldad bastu"},"content":{"rendered":"\t\t<div data-elementor-type=\"wp-page\" data-elementor-id=\"1975\" class=\"elementor elementor-1975\" data-elementor-post-type=\"page\">\n\t\t\t\t<div class=\"elementor-element elementor-element-8f2eb91 e-flex e-con-boxed e-con e-parent\" data-id=\"8f2eb91\" data-element_type=\"container\" data-e-type=\"container\" data-settings=\"{&quot;background_background&quot;:&quot;classic&quot;}\">\n\t\t\t\t\t<div class=\"e-con-inner\">\n\t\t<div class=\"elementor-element elementor-element-1af229e e-con-full e-flex e-con e-child\" data-id=\"1af229e\" data-element_type=\"container\" data-e-type=\"container\" data-settings=\"{&quot;background_background&quot;:&quot;classic&quot;}\">\n\t\t\t\t<div class=\"elementor-element elementor-element-be97250 elementor-widget elementor-widget-heading\" data-id=\"be97250\" data-element_type=\"widget\" data-e-type=\"widget\" data-widget_type=\"heading.default\">\n\t\t\t\t<div class=\"elementor-widget-container\">\n\t\t\t\t\t<h1 class=\"elementor-heading-title elementor-size-default\">Liten vedeldad bastu \u2013 mysig och flexibel f\u00f6r sm\u00e5 utrymmen<\/h1>\t\t\t\t<\/div>\n\t\t\t\t<\/div>\n\t\t\t\t<div class=\"elementor-element elementor-element-3c1a3e1 elementor-widget__width-initial elementor-widget-mobile__width-inherit elementor-widget elementor-widget-text-editor\" data-id=\"3c1a3e1\" data-element_type=\"widget\" data-e-type=\"widget\" data-widget_type=\"text-editor.default\">\n\t\t\t\t<div class=\"elementor-widget-container\">\n\t\t\t\t\t\t\t\t\t<article class=\"text-token-text-primary w-full\" dir=\"auto\" data-testid=\"conversation-turn-2\" data-scroll-anchor=\"true\"><div class=\"text-base my-auto mx-auto pb-10 [--thread-content-margin:--spacing(4)] @[37rem]:[--thread-content-margin:--spacing(6)] @[72rem]:[--thread-content-margin:--spacing(16)] px-(--thread-content-margin)\"><div class=\"[--thread-content-max-width:32rem] @[34rem]:[--thread-content-max-width:40rem] @[64rem]:[--thread-content-max-width:48rem] mx-auto max-w-(--thread-content-max-width) flex-1 group\/turn-messages focus-visible:outline-hidden relative flex w-full min-w-0 flex-col agent-turn\" tabindex=\"-1\"><div class=\"flex max-w-full flex-col grow\"><div class=\"min-h-8 text-message relative flex w-full flex-col items-end gap-2 text-start break-words whitespace-normal [.text-message+&amp;]:mt-5\" dir=\"auto\" data-message-author-role=\"assistant\" data-message-id=\"bfc16c59-e2ee-41ce-b35c-0f4a51cc6c1c\" data-message-model-slug=\"gpt-4o\"><div class=\"flex w-full flex-col gap-1 empty:hidden first:pt-[3px]\"><div class=\"markdown prose dark:prose-invert w-full break-words dark\"><p data-start=\"0\" data-end=\"48\" data-is-last-node=\"\" data-is-only-node=\"\">Avkoppling p\u00e5 liten yta<\/p><\/div><\/div><\/div><\/div><\/div><\/div><\/article><div class=\"pointer-events-none h-px w-px\" aria-hidden=\"true\" data-edge=\"true\">\u00a0<\/div>\t\t\t\t\t\t\t\t<\/div>\n\t\t\t\t<\/div>\n\t\t\t\t<\/div>\n\t\t\t\t\t<\/div>\n\t\t\t\t<\/div>\n\t\t<div class=\"elementor-element elementor-element-6543f15 e-flex e-con-boxed e-con e-parent\" data-id=\"6543f15\" data-element_type=\"container\" data-e-type=\"container\" data-settings=\"{&quot;background_background&quot;:&quot;classic&quot;}\">\n\t\t\t\t\t<div class=\"e-con-inner\">\n\t\t\t\t<div class=\"elementor-element elementor-element-db7531a elementor-widget elementor-widget-text-editor\" data-id=\"db7531a\" data-element_type=\"widget\" data-e-type=\"widget\" data-widget_type=\"text-editor.default\">\n\t\t\t\t<div class=\"elementor-widget-container\">\n\t\t\t\t\t\t\t\t\t<p>En liten vedeldad bastu fr\u00e5n Sk\u00e4rg\u00e5rdsbastu \u00e4r det perfekta valet f\u00f6r dig som vill skapa en avkopplande oas \u00e4ven p\u00e5 mindre ytor. Med sin kompakta storlek passar den utm\u00e4rkt i b\u00e5de tr\u00e4dg\u00e5rd och vid fritidshuset, utan att kompromissa med k\u00e4nslan av genuin bastuupplevelse. En vedeldad bastu ger en mjuk och naturlig v\u00e4rme som skapar en unik atmosf\u00e4r, d\u00e4r doften av tr\u00e4 och ljudet av sprakande ved bidrar till total avslappning.&nbsp;<\/p><p>Trots sitt mindre format rymmer en liten bastu ofta tv\u00e5 till fyra personer, vilket g\u00f6r den idealisk f\u00f6r b\u00e5de ensamma stunder och gemenskap med n\u00e4ra och k\u00e4ra. Tack vare smart design och kvalitativa material f\u00e5r du en h\u00e5llbar och energieffektiv l\u00f6sning som sm\u00e4lter in i din utemilj\u00f6. En liten vedeldad bastu \u00e4r enkel att placera och kr\u00e4ver minimalt underh\u00e5ll, samtidigt som den f\u00f6rh\u00f6jer livskvaliteten \u00e5ret runt. Upplev nordisk tradition och modern komfort i ett kompakt format \u2013 perfekt f\u00f6r dig som vill njuta av bastubad \u00e4ven p\u00e5 begr\u00e4nsad plats med Sk\u00e4rg\u00e5rdsbastu.<\/p>\t\t\t\t\t\t\t\t<\/div>\n\t\t\t\t<\/div>\n\t\t\t\t<div class=\"elementor-element elementor-element-33e715a elementor-widget elementor-widget-heading\" data-id=\"33e715a\" data-element_type=\"widget\" data-e-type=\"widget\" data-widget_type=\"heading.default\">\n\t\t\t\t<div class=\"elementor-widget-container\">\n\t\t\t\t\t<h2 class=\"elementor-heading-title elementor-size-default\">F\u00f6rdelar med en liten vedeldad bastu f\u00f6r sm\u00e5 utrymmen<\/h2>\t\t\t\t<\/div>\n\t\t\t\t<\/div>\n\t\t\t\t<div class=\"elementor-element elementor-element-d11e0cb elementor-widget elementor-widget-text-editor\" data-id=\"d11e0cb\" data-element_type=\"widget\" data-e-type=\"widget\" data-widget_type=\"text-editor.default\">\n\t\t\t\t<div class=\"elementor-widget-container\">\n\t\t\t\t\t\t\t\t\t<p>En liten vedeldad bastu \u00e4r det perfekta valet f\u00f6r dig som vill njuta av bastubad \u00e4ven p\u00e5 begr\u00e4nsad yta. Tack vare sin kompakta design f\u00e5r bastun plats i b\u00e5de tr\u00e4dg\u00e5rd, p\u00e5 altanen eller vid fritidshuset utan att kompromissa med den genuina bastuupplevelsen. Den vedeldade bastun ger en mjuk och behaglig v\u00e4rme, d\u00e4r doften av tr\u00e4 och ljudet av sprakande ved skapar en avslappnande atmosf\u00e4r.&nbsp;<\/p><p>Trots sitt mindre format rymmer en liten bastu ofta tv\u00e5 till fyra personer, vilket g\u00f6r den idealisk f\u00f6r b\u00e5de avkoppling p\u00e5 egen hand och mysiga stunder tillsammans med familj eller v\u00e4nner. Bastun \u00e4r enkel att placera, kr\u00e4ver minimalt underh\u00e5ll och \u00e4r tillverkad av kvalitativa material f\u00f6r l\u00e5ng h\u00e5llbarhet. Med en liten vedeldad bastu f\u00e5r du en flexibel och energieffektiv l\u00f6sning som f\u00f6rh\u00f6jer livskvaliteten \u00e5ret runt.<\/p>\t\t\t\t\t\t\t\t<\/div>\n\t\t\t\t<\/div>\n\t\t\t\t<div class=\"elementor-element elementor-element-07e59fc elementor-widget elementor-widget-heading\" data-id=\"07e59fc\" data-element_type=\"widget\" data-e-type=\"widget\" data-widget_type=\"heading.default\">\n\t\t\t\t<div class=\"elementor-widget-container\">\n\t\t\t\t\t<h3 class=\"elementor-heading-title elementor-size-default\">F\u00f6rvandla sm\u00e5 ytor till avkopplande bastumilj\u00f6<\/h3>\t\t\t\t<\/div>\n\t\t\t\t<\/div>\n\t\t\t\t<div class=\"elementor-element elementor-element-dff5f69 elementor-widget elementor-widget-text-editor\" data-id=\"dff5f69\" data-element_type=\"widget\" data-e-type=\"widget\" data-widget_type=\"text-editor.default\">\n\t\t\t\t<div class=\"elementor-widget-container\">\n\t\t\t\t\t\t\t\t\t<p>Med en liten vedeldad bastu kan \u00e4ven det minsta utrymmet bli en plats f\u00f6r avslappning och v\u00e4lm\u00e5ende. Det kompakta formatet g\u00f6r det m\u00f6jligt att placera bastun d\u00e4r det tidigare kanske inte k\u00e4ndes m\u00f6jligt, exempelvis p\u00e5 en mindre tr\u00e4dg\u00e5rdstomt eller ett rymligt altand\u00e4ck.<\/p><p>Den behagliga, naturliga v\u00e4rmen och bastuns stilrena tr\u00e4interi\u00f6r ger ett inbjudande intryck. Du f\u00e5r en flexibel l\u00f6sning som snabbt blir hemmets favoritplats f\u00f6r b\u00e5de ensam vila och gemenskap, helt utan att kompromissa med k\u00e4nslan av traditionellt bastubad.<\/p>\t\t\t\t\t\t\t\t<\/div>\n\t\t\t\t<\/div>\n\t\t\t\t<div class=\"elementor-element elementor-element-a0ab054 elementor-widget elementor-widget-heading\" data-id=\"a0ab054\" data-element_type=\"widget\" data-e-type=\"widget\" data-widget_type=\"heading.default\">\n\t\t\t\t<div class=\"elementor-widget-container\">\n\t\t\t\t\t<h3 class=\"elementor-heading-title elementor-size-default\">S\u00e5 skapar du en trivsam plats med liten vedeldad bastu<\/h3>\t\t\t\t<\/div>\n\t\t\t\t<\/div>\n\t\t\t\t<div class=\"elementor-element elementor-element-0acce6d elementor-widget elementor-widget-text-editor\" data-id=\"0acce6d\" data-element_type=\"widget\" data-e-type=\"widget\" data-widget_type=\"text-editor.default\">\n\t\t\t\t<div class=\"elementor-widget-container\">\n\t\t\t\t\t\t\t\t\t<p>En liten vedeldad bastu \u00e4r ett utm\u00e4rkt val f\u00f6r dig som vill njuta av bastubad \u00e4ven p\u00e5 mindre ytor. Tack vare sin smidiga storlek kan den placeras i tr\u00e4dg\u00e5rden, p\u00e5 altanen eller vid sommarstugan. Trots det kompakta formatet f\u00e5r du en genuin bastuupplevelse med mjuk v\u00e4rme och den h\u00e4rliga doften av ved. Bastun rymmer ofta tv\u00e5 till fyra personer och passar b\u00e5de f\u00f6r avkoppling p\u00e5 egen hand och f\u00f6r mysiga stunder med familj eller v\u00e4nner.&nbsp;<\/p><p>En liten vedeldad bastu kr\u00e4ver minimalt underh\u00e5ll och ger m\u00f6jlighet till avkoppling \u00e5ret runt, oavsett plats.<\/p>\t\t\t\t\t\t\t\t<\/div>\n\t\t\t\t<\/div>\n\t\t\t\t<div class=\"elementor-element elementor-element-4db14c2 elementor-widget elementor-widget-image\" data-id=\"4db14c2\" data-element_type=\"widget\" data-e-type=\"widget\" data-widget_type=\"image.default\">\n\t\t\t\t<div class=\"elementor-widget-container\">\n\t\t\t\t\t\t\t\t\t\t\t\t\t\t\t<img fetchpriority=\"high\" decoding=\"async\" width=\"800\" height=\"531\" src=\"https:\/\/skargardsbastu.se\/wp-content\/uploads\/2026\/02\/14-1024x680.jpg\" class=\"attachment-large size-large wp-image-2719 wvs-archive-product-image\" alt=\"Exklusiv liten vedeldad bastu i nordisk design, perfekt f\u00f6r tr\u00e4dg\u00e5rd eller altan med begr\u00e4nsat utrymme.\" srcset=\"https:\/\/skargardsbastu.se\/wp-content\/uploads\/2026\/02\/14-1024x680.jpg 1024w, https:\/\/skargardsbastu.se\/wp-content\/uploads\/2026\/02\/14-300x199.jpg 300w, https:\/\/skargardsbastu.se\/wp-content\/uploads\/2026\/02\/14-768x510.jpg 768w, https:\/\/skargardsbastu.se\/wp-content\/uploads\/2026\/02\/14-1536x1020.jpg 1536w, https:\/\/skargardsbastu.se\/wp-content\/uploads\/2026\/02\/14-600x398.jpg 600w, https:\/\/skargardsbastu.se\/wp-content\/uploads\/2026\/02\/14.jpg 1920w\" sizes=\"(max-width: 800px) 100vw, 800px\" \/>\t\t\t\t\t\t\t\t\t\t\t\t\t\t\t<\/div>\n\t\t\t\t<\/div>\n\t\t\t\t\t<\/div>\n\t\t\t\t<\/div>\n\t\t<div class=\"elementor-element elementor-element-2e5fa02 e-flex e-con-boxed e-con e-parent\" data-id=\"2e5fa02\" data-element_type=\"container\" data-e-type=\"container\" data-settings=\"{&quot;background_background&quot;:&quot;classic&quot;}\">\n\t\t\t\t\t<div class=\"e-con-inner\">\n\t\t\t\t<div class=\"elementor-element elementor-element-09be1fd elementor-widget elementor-widget-heading\" data-id=\"09be1fd\" data-element_type=\"widget\" data-e-type=\"widget\" data-widget_type=\"heading.default\">\n\t\t\t\t<div class=\"elementor-widget-container\">\n\t\t\t\t\t<h2 class=\"elementor-heading-title elementor-size-default\">Kontakta oss f\u00f6r mer information<\/h2>\t\t\t\t<\/div>\n\t\t\t\t<\/div>\n\t\t\t\t<div class=\"elementor-element elementor-element-e2146fe elementor-widget elementor-widget-text-editor\" data-id=\"e2146fe\" data-element_type=\"widget\" data-e-type=\"widget\" data-widget_type=\"text-editor.default\">\n\t\t\t\t<div class=\"elementor-widget-container\">\n\t\t\t\t\t\t\t\t\t<p><span style=\"font-weight: 400;\">Att k\u00f6pa bastu ska vara enkelt och tryggt. Hos oss f\u00e5r du inte bara en produkt, utan en komplett l\u00f6sning \u2013 fr\u00e5n r\u00e5dgivning och best\u00e4llning till leverans och installation. Vi guidar dig g\u00e4rna i valet av den frist\u00e5ende bastu som passar b\u00e4st i just din tr\u00e4dg\u00e5rd och ser till att varje steg i processen blir smidigt. Kontakta oss idag f\u00f6r att ta f\u00f6rsta steget mot att f\u00f6rverkliga din bastudr\u00f6m. <\/span><\/p>\t\t\t\t\t\t\t\t<\/div>\n\t\t\t\t<\/div>\n\t\t\t\t<div class=\"elementor-element elementor-element-6d55090 elementor-align-center elementor-widget elementor-widget-button\" data-id=\"6d55090\" data-element_type=\"widget\" data-e-type=\"widget\" data-widget_type=\"button.default\">\n\t\t\t\t<div class=\"elementor-widget-container\">\n\t\t\t\t\t\t\t\t\t<div class=\"elementor-button-wrapper\">\n\t\t\t\t\t<a class=\"elementor-button elementor-button-link elementor-size-sm\" href=\"https:\/\/skargardsbastu.se\/kontakt\/\">\n\t\t\t\t\t\t<span class=\"elementor-button-content-wrapper\">\n\t\t\t\t\t\t\t\t\t<span class=\"elementor-button-text\">Kontakta oss<\/span>\n\t\t\t\t\t<\/span>\n\t\t\t\t\t<\/a>\n\t\t\t\t<\/div>\n\t\t\t\t\t\t\t\t<\/div>\n\t\t\t\t<\/div>\n\t\t\t\t\t<\/div>\n\t\t\t\t<\/div>\n\t\t<div class=\"elementor-element elementor-element-42f9785 e-flex e-con-boxed e-con e-parent\" data-id=\"42f9785\" data-element_type=\"container\" data-e-type=\"container\">\n\t\t\t\t\t<div class=\"e-con-inner\">\n\t\t\t\t<div class=\"elementor-element elementor-element-22e1586 elementor-widget elementor-widget-spacer\" data-id=\"22e1586\" data-element_type=\"widget\" data-e-type=\"widget\" data-widget_type=\"spacer.default\">\n\t\t\t\t<div class=\"elementor-widget-container\">\n\t\t\t\t\t\t\t<div class=\"elementor-spacer\">\n\t\t\t<div class=\"elementor-spacer-inner\"><\/div>\n\t\t<\/div>\n\t\t\t\t\t\t<\/div>\n\t\t\t\t<\/div>\n\t\t\t\t<div class=\"elementor-element elementor-element-e602870 elementor-widget elementor-widget-heading\" data-id=\"e602870\" data-element_type=\"widget\" data-e-type=\"widget\" data-widget_type=\"heading.default\">\n\t\t\t\t<div class=\"elementor-widget-container\">\n\t\t\t\t\t<h4 class=\"elementor-heading-title elementor-size-default\">Fr\u00e5gor &amp; Svar<\/h4>\t\t\t\t<\/div>\n\t\t\t\t<\/div>\n\t\t\t\t<div class=\"elementor-element elementor-element-dc4d383 elementor-widget elementor-widget-text-editor\" data-id=\"dc4d383\" data-element_type=\"widget\" data-e-type=\"widget\" data-widget_type=\"text-editor.default\">\n\t\t\t\t<div class=\"elementor-widget-container\">\n\t\t\t\t\t\t\t\t\t<p data-start=\"0\" data-end=\"333\"><strong data-start=\"0\" data-end=\"69\">Vilka \u00e4r f\u00f6rdelarna med en liten vedeldad bastu f\u00f6r sm\u00e5 utrymmen?<\/strong><br data-start=\"69\" data-end=\"72\" \/>En liten vedeldad bastu \u00e4r perfekt f\u00f6r dig som har begr\u00e4nsat med plats, men \u00e4nd\u00e5 vill ha en genuin bastuupplevelse. Den \u00e4r l\u00e4tt att placera i tr\u00e4dg\u00e5rden, p\u00e5 altanen eller vid fritidshuset och ger mjuk, naturlig v\u00e4rme samtidigt som den kr\u00e4ver minimalt underh\u00e5ll.<\/p><p data-start=\"335\" data-end=\"607\"><strong data-start=\"335\" data-end=\"394\">Hur m\u00e5nga personer f\u00e5r plats i en liten vedeldad bastu?<\/strong><br data-start=\"394\" data-end=\"397\" \/>En liten vedeldad bastu rymmer vanligtvis tv\u00e5 till fyra personer. Det g\u00f6r den idealisk b\u00e5de f\u00f6r avkopplande stunder p\u00e5 egen hand och f\u00f6r mysiga bastubad tillsammans med familj eller v\u00e4nner, \u00e4ven p\u00e5 mindre ytor.<\/p><p data-start=\"609\" data-end=\"911\"><strong data-start=\"609\" data-end=\"666\">Vad kr\u00e4vs f\u00f6r att installera en liten vedeldad bastu?<\/strong><br data-start=\"666\" data-end=\"669\" \/>Installationen av en liten vedeldad bastu \u00e4r enkel tack vare dess kompakta format. Den kr\u00e4ver ett plant underlag och tillg\u00e5ng till ved. Bastun \u00e4r l\u00e4ttplacerad och passar b\u00e5de i tr\u00e4dg\u00e5rden och vid sommarstugan, utan behov av stora byggprojekt.<\/p><p data-start=\"913\" data-end=\"1198\" data-is-last-node=\"\" data-is-only-node=\"\"><strong data-start=\"913\" data-end=\"966\">Vilka material anv\u00e4nds i en liten vedeldad bastu?<\/strong><br data-start=\"966\" data-end=\"969\" \/>En liten vedeldad bastu tillverkas ofta av kvalitativa och h\u00e5llbara material som nordiskt tr\u00e4. Detta ger en l\u00e5ng livsl\u00e4ngd och en naturlig k\u00e4nsla, samtidigt som det bidrar till en behaglig atmosf\u00e4r och energieffektiv uppv\u00e4rmning.<\/p>\t\t\t\t\t\t\t\t<\/div>\n\t\t\t\t<\/div>\n\t\t\t\t<div class=\"elementor-element elementor-element-0b4a1c6 elementor-widget elementor-widget-spacer\" data-id=\"0b4a1c6\" data-element_type=\"widget\" data-e-type=\"widget\" data-widget_type=\"spacer.default\">\n\t\t\t\t<div class=\"elementor-widget-container\">\n\t\t\t\t\t\t\t<div class=\"elementor-spacer\">\n\t\t\t<div class=\"elementor-spacer-inner\"><\/div>\n\t\t<\/div>\n\t\t\t\t\t\t<\/div>\n\t\t\t\t<\/div>\n\t\t\t\t\t<\/div>\n\t\t\t\t<\/div>\n\t\t\t\t<\/div>\n\t\t","protected":false},"excerpt":{"rendered":"<p>Liten vedeldad bastu \u2013 mysig och flexibel f\u00f6r sm\u00e5 utrymmen Avkoppling p\u00e5 liten yta \u00a0 En liten vedeldad bastu fr\u00e5n Sk\u00e4rg\u00e5rdsbastu \u00e4r det perfekta valet f\u00f6r dig som vill skapa en avkopplande oas \u00e4ven p\u00e5 mindre ytor. Med sin kompakta storlek passar den utm\u00e4rkt i b\u00e5de tr\u00e4dg\u00e5rd och vid fritidshuset, utan att kompromissa med k\u00e4nslan [&hellip;]<\/p>\n","protected":false},"author":5,"featured_media":0,"parent":0,"menu_order":0,"comment_status":"closed","ping_status":"closed","template":"","meta":{"_acf_changed":false,"footnotes":""},"class_list":["post-1975","page","type-page","status-publish","hentry"],"acf":[],"yoast_head":"<!-- This site is optimized with the Yoast SEO Premium plugin v27.0 (Yoast SEO v27.0) - https:\/\/yoast.com\/product\/yoast-seo-premium-wordpress\/ -->\n<title>Liten vedeldad bastu \u2013 flexibel och mysig bastu f\u00f6r sm\u00e5 ytor<\/title>\n<meta name=\"description\" content=\"Skapa din egen oas med liten vedeldad bastu \u2013 kompakt format, mjuk v\u00e4rme och enkel placering f\u00f6r avkoppling \u00e5ret runt p\u00e5 liten yta.\" \/>\n<meta name=\"robots\" content=\"index, follow, max-snippet:-1, max-image-preview:large, max-video-preview:-1\" \/>\n<link rel=\"canonical\" href=\"https:\/\/skargardsbastu.se\/da\/liten-vedeldad-bastu\/\" \/>\n<meta property=\"og:locale\" content=\"da_DK\" \/>\n<meta property=\"og:type\" content=\"article\" \/>\n<meta property=\"og:title\" content=\"Liten vedeldad bastu\" \/>\n<meta property=\"og:description\" content=\"Skapa din egen oas med liten vedeldad bastu \u2013 kompakt format, mjuk v\u00e4rme och enkel placering f\u00f6r avkoppling \u00e5ret runt p\u00e5 liten yta.\" \/>\n<meta property=\"og:url\" content=\"https:\/\/skargardsbastu.se\/da\/liten-vedeldad-bastu\/\" \/>\n<meta property=\"og:site_name\" content=\"Sk\u00e4rg\u00e5rdsbastu\" \/>\n<meta property=\"article:modified_time\" content=\"2026-02-26T14:18:03+00:00\" \/>\n<meta property=\"og:image\" content=\"https:\/\/skargardsbastu.se\/wp-content\/uploads\/2026\/02\/14.jpg\" \/>\n\t<meta property=\"og:image:width\" content=\"1920\" \/>\n\t<meta property=\"og:image:height\" content=\"1275\" \/>\n\t<meta property=\"og:image:type\" content=\"image\/jpeg\" \/>\n<meta name=\"twitter:card\" content=\"summary_large_image\" \/>\n<meta name=\"twitter:label1\" content=\"Estimeret l\u00e6setid\" \/>\n\t<meta name=\"twitter:data1\" content=\"5 minutter\" \/>\n<script type=\"application\/ld+json\" class=\"yoast-schema-graph\">{\"@context\":\"https:\/\/schema.org\",\"@graph\":[{\"@type\":\"WebPage\",\"@id\":\"https:\/\/skargardsbastu.se\/liten-vedeldad-bastu\/\",\"url\":\"https:\/\/skargardsbastu.se\/liten-vedeldad-bastu\/\",\"name\":\"Liten vedeldad bastu \u2013 flexibel och mysig bastu f\u00f6r sm\u00e5 ytor\",\"isPartOf\":{\"@id\":\"https:\/\/skargardsbastu.se\/#website\"},\"primaryImageOfPage\":{\"@id\":\"https:\/\/skargardsbastu.se\/liten-vedeldad-bastu\/#primaryimage\"},\"image\":{\"@id\":\"https:\/\/skargardsbastu.se\/liten-vedeldad-bastu\/#primaryimage\"},\"thumbnailUrl\":\"https:\/\/skargardsbastu.se\/wp-content\/uploads\/2026\/02\/14-1024x680.jpg\",\"datePublished\":\"2025-07-25T11:55:01+00:00\",\"dateModified\":\"2026-02-26T14:18:03+00:00\",\"description\":\"Skapa din egen oas med liten vedeldad bastu \u2013 kompakt format, mjuk v\u00e4rme och enkel placering f\u00f6r avkoppling \u00e5ret runt p\u00e5 liten yta.\",\"breadcrumb\":{\"@id\":\"https:\/\/skargardsbastu.se\/liten-vedeldad-bastu\/#breadcrumb\"},\"inLanguage\":\"da-DK\",\"potentialAction\":[{\"@type\":\"ReadAction\",\"target\":[\"https:\/\/skargardsbastu.se\/liten-vedeldad-bastu\/\"]}]},{\"@type\":\"ImageObject\",\"inLanguage\":\"da-DK\",\"@id\":\"https:\/\/skargardsbastu.se\/liten-vedeldad-bastu\/#primaryimage\",\"url\":\"https:\/\/skargardsbastu.se\/wp-content\/uploads\/2026\/02\/14-1024x680.jpg\",\"contentUrl\":\"https:\/\/skargardsbastu.se\/wp-content\/uploads\/2026\/02\/14-1024x680.jpg\"},{\"@type\":\"BreadcrumbList\",\"@id\":\"https:\/\/skargardsbastu.se\/liten-vedeldad-bastu\/#breadcrumb\",\"itemListElement\":[{\"@type\":\"ListItem\",\"position\":1,\"name\":\"Home\",\"item\":\"https:\/\/skargardsbastu.se\/\"},{\"@type\":\"ListItem\",\"position\":2,\"name\":\"Liten vedeldad bastu\"}]},{\"@type\":\"WebSite\",\"@id\":\"https:\/\/skargardsbastu.se\/#website\",\"url\":\"https:\/\/skargardsbastu.se\/\",\"name\":\"Sk\u00e4rg\u00e5rdsbastu\",\"description\":\"Din bastudr\u00f6m b\u00f6rjar h\u00e4r\",\"publisher\":{\"@id\":\"https:\/\/skargardsbastu.se\/#organization\"},\"potentialAction\":[{\"@type\":\"SearchAction\",\"target\":{\"@type\":\"EntryPoint\",\"urlTemplate\":\"https:\/\/skargardsbastu.se\/?s={search_term_string}\"},\"query-input\":{\"@type\":\"PropertyValueSpecification\",\"valueRequired\":true,\"valueName\":\"search_term_string\"}}],\"inLanguage\":\"da-DK\"},{\"@type\":\"Organization\",\"@id\":\"https:\/\/skargardsbastu.se\/#organization\",\"name\":\"Sk\u00e4rg\u00e5rdsbastu\",\"url\":\"https:\/\/skargardsbastu.se\/\",\"logo\":{\"@type\":\"ImageObject\",\"inLanguage\":\"da-DK\",\"@id\":\"https:\/\/skargardsbastu.se\/#\/schema\/logo\/image\/\",\"url\":\"https:\/\/skargardsbastu.se\/wp-content\/uploads\/2025\/05\/T-4-e1748611164195.png\",\"contentUrl\":\"https:\/\/skargardsbastu.se\/wp-content\/uploads\/2025\/05\/T-4-e1748611164195.png\",\"width\":263,\"height\":252,\"caption\":\"Sk\u00e4rg\u00e5rdsbastu\"},\"image\":{\"@id\":\"https:\/\/skargardsbastu.se\/#\/schema\/logo\/image\/\"}}]}<\/script>\n<!-- \/ Yoast SEO Premium plugin. -->","yoast_head_json":{"title":"Liten vedeldad bastu \u2013 flexibel och mysig bastu f\u00f6r sm\u00e5 ytor","description":"Skapa din egen oas med liten vedeldad bastu \u2013 kompakt format, mjuk v\u00e4rme och enkel placering f\u00f6r avkoppling \u00e5ret runt p\u00e5 liten yta.","robots":{"index":"index","follow":"follow","max-snippet":"max-snippet:-1","max-image-preview":"max-image-preview:large","max-video-preview":"max-video-preview:-1"},"canonical":"https:\/\/skargardsbastu.se\/da\/liten-vedeldad-bastu\/","og_locale":"da_DK","og_type":"article","og_title":"Liten vedeldad bastu","og_description":"Skapa din egen oas med liten vedeldad bastu \u2013 kompakt format, mjuk v\u00e4rme och enkel placering f\u00f6r avkoppling \u00e5ret runt p\u00e5 liten yta.","og_url":"https:\/\/skargardsbastu.se\/da\/liten-vedeldad-bastu\/","og_site_name":"Sk\u00e4rg\u00e5rdsbastu","article_modified_time":"2026-02-26T14:18:03+00:00","og_image":[{"width":1920,"height":1275,"url":"https:\/\/skargardsbastu.se\/wp-content\/uploads\/2026\/02\/14.jpg","type":"image\/jpeg"}],"twitter_card":"summary_large_image","twitter_misc":{"Estimeret l\u00e6setid":"5 minutter"},"schema":{"@context":"https:\/\/schema.org","@graph":[{"@type":"WebPage","@id":"https:\/\/skargardsbastu.se\/liten-vedeldad-bastu\/","url":"https:\/\/skargardsbastu.se\/liten-vedeldad-bastu\/","name":"Liten vedeldad bastu \u2013 flexibel och mysig bastu f\u00f6r sm\u00e5 ytor","isPartOf":{"@id":"https:\/\/skargardsbastu.se\/#website"},"primaryImageOfPage":{"@id":"https:\/\/skargardsbastu.se\/liten-vedeldad-bastu\/#primaryimage"},"image":{"@id":"https:\/\/skargardsbastu.se\/liten-vedeldad-bastu\/#primaryimage"},"thumbnailUrl":"https:\/\/skargardsbastu.se\/wp-content\/uploads\/2026\/02\/14-1024x680.jpg","datePublished":"2025-07-25T11:55:01+00:00","dateModified":"2026-02-26T14:18:03+00:00","description":"Skapa din egen oas med liten vedeldad bastu \u2013 kompakt format, mjuk v\u00e4rme och enkel placering f\u00f6r avkoppling \u00e5ret runt p\u00e5 liten yta.","breadcrumb":{"@id":"https:\/\/skargardsbastu.se\/liten-vedeldad-bastu\/#breadcrumb"},"inLanguage":"da-DK","potentialAction":[{"@type":"ReadAction","target":["https:\/\/skargardsbastu.se\/liten-vedeldad-bastu\/"]}]},{"@type":"ImageObject","inLanguage":"da-DK","@id":"https:\/\/skargardsbastu.se\/liten-vedeldad-bastu\/#primaryimage","url":"https:\/\/skargardsbastu.se\/wp-content\/uploads\/2026\/02\/14-1024x680.jpg","contentUrl":"https:\/\/skargardsbastu.se\/wp-content\/uploads\/2026\/02\/14-1024x680.jpg"},{"@type":"BreadcrumbList","@id":"https:\/\/skargardsbastu.se\/liten-vedeldad-bastu\/#breadcrumb","itemListElement":[{"@type":"ListItem","position":1,"name":"Home","item":"https:\/\/skargardsbastu.se\/"},{"@type":"ListItem","position":2,"name":"Liten vedeldad bastu"}]},{"@type":"WebSite","@id":"https:\/\/skargardsbastu.se\/#website","url":"https:\/\/skargardsbastu.se\/","name":"\u00d8havets sauna","description":"Din saunadr\u00f8m starter her","publisher":{"@id":"https:\/\/skargardsbastu.se\/#organization"},"potentialAction":[{"@type":"SearchAction","target":{"@type":"EntryPoint","urlTemplate":"https:\/\/skargardsbastu.se\/?s={search_term_string}"},"query-input":{"@type":"PropertyValueSpecification","valueRequired":true,"valueName":"search_term_string"}}],"inLanguage":"da-DK"},{"@type":"Organization","@id":"https:\/\/skargardsbastu.se\/#organization","name":"\u00d8havets sauna","url":"https:\/\/skargardsbastu.se\/","logo":{"@type":"ImageObject","inLanguage":"da-DK","@id":"https:\/\/skargardsbastu.se\/#\/schema\/logo\/image\/","url":"https:\/\/skargardsbastu.se\/wp-content\/uploads\/2025\/05\/T-4-e1748611164195.png","contentUrl":"https:\/\/skargardsbastu.se\/wp-content\/uploads\/2025\/05\/T-4-e1748611164195.png","width":263,"height":252,"caption":"Sk\u00e4rg\u00e5rdsbastu"},"image":{"@id":"https:\/\/skargardsbastu.se\/#\/schema\/logo\/image\/"}}]}},"_links":{"self":[{"href":"https:\/\/skargardsbastu.se\/da\/wp-json\/wp\/v2\/pages\/1975","targetHints":{"allow":["GET"]}}],"collection":[{"href":"https:\/\/skargardsbastu.se\/da\/wp-json\/wp\/v2\/pages"}],"about":[{"href":"https:\/\/skargardsbastu.se\/da\/wp-json\/wp\/v2\/types\/page"}],"author":[{"embeddable":true,"href":"https:\/\/skargardsbastu.se\/da\/wp-json\/wp\/v2\/users\/5"}],"replies":[{"embeddable":true,"href":"https:\/\/skargardsbastu.se\/da\/wp-json\/wp\/v2\/comments?post=1975"}],"version-history":[{"count":28,"href":"https:\/\/skargardsbastu.se\/da\/wp-json\/wp\/v2\/pages\/1975\/revisions"}],"predecessor-version":[{"id":2762,"href":"https:\/\/skargardsbastu.se\/da\/wp-json\/wp\/v2\/pages\/1975\/revisions\/2762"}],"wp:attachment":[{"href":"https:\/\/skargardsbastu.se\/da\/wp-json\/wp\/v2\/media?parent=1975"}],"curies":[{"name":"wp","href":"https:\/\/api.w.org\/{rel}","templated":true}]}}