{"id":1870,"date":"2025-07-21T12:08:13","date_gmt":"2025-07-21T12:08:13","guid":{"rendered":"https:\/\/skargardsbastu.se\/?page_id=1870"},"modified":"2026-02-26T14:05:21","modified_gmt":"2026-02-26T14:05:21","slug":"bastu-fristaende","status":"publish","type":"page","link":"https:\/\/skargardsbastu.se\/da\/bastu-fristaende\/","title":{"rendered":"Bastu frist\u00e5ende"},"content":{"rendered":"<div data-elementor-type=\"wp-page\" data-elementor-id=\"1870\" class=\"elementor elementor-1870\" data-elementor-post-type=\"page\">\n\t\t\t\t<div class=\"elementor-element elementor-element-8f2eb91 e-flex e-con-boxed e-con e-parent\" data-id=\"8f2eb91\" data-element_type=\"container\" data-e-type=\"container\" data-settings=\"{&quot;background_background&quot;:&quot;classic&quot;}\">\n\t\t\t\t\t<div class=\"e-con-inner\">\n\t\t<div class=\"elementor-element elementor-element-1af229e e-con-full e-flex e-con e-child\" data-id=\"1af229e\" data-element_type=\"container\" data-e-type=\"container\" data-settings=\"{&quot;background_background&quot;:&quot;classic&quot;}\">\n\t\t\t\t<div class=\"elementor-element elementor-element-be97250 elementor-widget elementor-widget-heading\" data-id=\"be97250\" data-element_type=\"widget\" data-e-type=\"widget\" data-widget_type=\"heading.default\">\n\t\t\t\t<div class=\"elementor-widget-container\">\n\t\t\t\t\t<h1 class=\"elementor-heading-title elementor-size-default\">Bastu frist\u00e5ende \u2013 njut av flexibel utomhusbastu \u00e5ret runt<\/h1>\t\t\t\t<\/div>\n\t\t\t\t<\/div>\n\t\t\t\t<div class=\"elementor-element elementor-element-3c1a3e1 elementor-widget__width-initial elementor-widget-mobile__width-inherit elementor-widget elementor-widget-text-editor\" data-id=\"3c1a3e1\" data-element_type=\"widget\" data-e-type=\"widget\" data-widget_type=\"text-editor.default\">\n\t\t\t\t<div class=\"elementor-widget-container\">\n\t\t\t\t\t\t\t\t\t<p>Med en frist\u00e5ende bastu f\u00e5r du maximal flexibilitet<\/p>\t\t\t\t\t\t\t\t<\/div>\n\t\t\t\t<\/div>\n\t\t\t\t<\/div>\n\t\t\t\t\t<\/div>\n\t\t\t\t<\/div>\n\t\t<div class=\"elementor-element elementor-element-6543f15 e-flex e-con-boxed e-con e-parent\" data-id=\"6543f15\" data-element_type=\"container\" data-e-type=\"container\" data-settings=\"{&quot;background_background&quot;:&quot;classic&quot;}\">\n\t\t\t\t\t<div class=\"e-con-inner\">\n\t\t\t\t<div class=\"elementor-element elementor-element-db7531a elementor-widget elementor-widget-text-editor\" data-id=\"db7531a\" data-element_type=\"widget\" data-e-type=\"widget\" data-widget_type=\"text-editor.default\">\n\t\t\t\t<div class=\"elementor-widget-container\">\n\t\t\t\t\t\t\t\t\t<p>En frist\u00e5ende bastu \u00e4r det perfekta valet f\u00f6r dig som vill skapa en egen avkopplande oas utomhus, utan att beh\u00f6va g\u00f6ra ingrepp i huset. Med en frist\u00e5ende bastu f\u00e5r du maximal flexibilitet \u2013 placera den enkelt i tr\u00e4dg\u00e5rden, vid sj\u00f6n eller p\u00e5 landet och njut av bastubad n\u00e4r du vill. Hos Sk\u00e4rg\u00e5rdsbastu hittar du frist\u00e5ende bastur med genomt\u00e4nkt nordisk design, h\u00f6g komfort och h\u00e5llbara material.<\/p><p>Varje modell \u00e4r noggrant utvald f\u00f6r att ge dig en genuin bastuupplevelse, oavsett om du f\u00f6redrar vedeldad eller eldriven bastu. En frist\u00e5ende bastu \u00e4r dessutom enkel att installera tack vare stabil konstruktion och impregnerade ben, vilket g\u00f6r att du kan placera den direkt p\u00e5 altan, grus eller plintar. Skapa ett personligt bastuutrymme d\u00e4r du kan koppla av, \u00e5terh\u00e4mta dig och njuta av nordisk tradition \u2013 \u00e5ret runt.<\/p>\t\t\t\t\t\t\t\t<\/div>\n\t\t\t\t<\/div>\n\t\t\t\t<div class=\"elementor-element elementor-element-b2f4f1a elementor-widget elementor-widget-heading\" data-id=\"b2f4f1a\" data-element_type=\"widget\" data-e-type=\"widget\" data-widget_type=\"heading.default\">\n\t\t\t\t<div class=\"elementor-widget-container\">\n\t\t\t\t\t<h2 class=\"elementor-heading-title elementor-size-default\">Bastu frist\u00e5ende \u2013 skapa din egen relaxzon utomhus<\/h2>\t\t\t\t<\/div>\n\t\t\t\t<\/div>\n\t\t\t\t<div class=\"elementor-element elementor-element-10ecdc4 elementor-widget elementor-widget-text-editor\" data-id=\"10ecdc4\" data-element_type=\"widget\" data-e-type=\"widget\" data-widget_type=\"text-editor.default\">\n\t\t\t\t<div class=\"elementor-widget-container\">\n\t\t\t\t\t\t\t\t\t<p>Med en frist\u00e5ende bastu f\u00e5r du m\u00f6jligheten att enkelt skapa en personlig plats f\u00f6r avkoppling i tr\u00e4dg\u00e5rden, vid sj\u00f6n eller p\u00e5 landet. Inga ingrepp kr\u00e4vs i ditt hus och bastun kan placeras d\u00e4r det passar dig b\u00e4st, vilket ger maximal flexibilitet och frihet.<\/p><p>Du kan v\u00e4lja mellan vedeldade eller eldrivna alternativ f\u00f6r att hitta en modell som passar dina \u00f6nskem\u00e5l och behov. Konstruktionen \u00e4r robust och v\u00e4dert\u00e5lig, vilket g\u00f6r att bastun kan st\u00e4llas direkt p\u00e5 altan, grus eller plintar. Oavsett \u00e5rstid f\u00e5r du en genuin bastuupplevelse med h\u00f6g komfort och tidl\u00f6s nordisk design. H\u00e4r skapar du en plats f\u00f6r avkoppling, \u00e5terh\u00e4mtning och umg\u00e4nge med n\u00e4ra och k\u00e4ra \u2013 \u00e5ret runt.<\/p>\t\t\t\t\t\t\t\t<\/div>\n\t\t\t\t<\/div>\n\t\t\t\t<div class=\"elementor-element elementor-element-6f076c9 elementor-widget elementor-widget-heading\" data-id=\"6f076c9\" data-element_type=\"widget\" data-e-type=\"widget\" data-widget_type=\"heading.default\">\n\t\t\t\t<div class=\"elementor-widget-container\">\n\t\t\t\t\t<h3 class=\"elementor-heading-title elementor-size-default\">F\u00f6rdelar med frist\u00e5ende bastu i tr\u00e4dg\u00e5rden<\/h3>\t\t\t\t<\/div>\n\t\t\t\t<\/div>\n\t\t\t\t<div class=\"elementor-element elementor-element-d820e07 elementor-widget elementor-widget-text-editor\" data-id=\"d820e07\" data-element_type=\"widget\" data-e-type=\"widget\" data-widget_type=\"text-editor.default\">\n\t\t\t\t<div class=\"elementor-widget-container\">\n\t\t\t\t\t\t\t\t\t<p>Att v\u00e4lja en frist\u00e5ende bastu ger dig friheten att skapa en unik plats f\u00f6r avkoppling utomhus, oavsett tomtens storlek eller utformning. Du slipper g\u00f6ra ingrepp i huset och kan enkelt placera bastun d\u00e4r den passar b\u00e4st &#8211; vid sj\u00f6n, p\u00e5 landet eller i tr\u00e4dg\u00e5rden.<\/p><p>En frist\u00e5ende bastu \u00e4r dessutom l\u00e4tt att anpassa efter dina behov, med olika storlekar och uppv\u00e4rmningsalternativ. Den robusta konstruktionen och v\u00e4dert\u00e5liga materialen g\u00f6r att du kan njuta av bastubad \u00e5ret runt, med h\u00f6g komfort och tidl\u00f6s nordisk design.<\/p>\t\t\t\t\t\t\t\t<\/div>\n\t\t\t\t<\/div>\n\t\t\t\t<div class=\"elementor-element elementor-element-76879d7 elementor-widget elementor-widget-heading\" data-id=\"76879d7\" data-element_type=\"widget\" data-e-type=\"widget\" data-widget_type=\"heading.default\">\n\t\t\t\t<div class=\"elementor-widget-container\">\n\t\t\t\t\t<h3 class=\"elementor-heading-title elementor-size-default\">Bastu frist\u00e5ende - enkelt att anpassa efter dina behov<\/h3>\t\t\t\t<\/div>\n\t\t\t\t<\/div>\n\t\t\t\t<div class=\"elementor-element elementor-element-a25b6ac elementor-widget elementor-widget-text-editor\" data-id=\"a25b6ac\" data-element_type=\"widget\" data-e-type=\"widget\" data-widget_type=\"text-editor.default\">\n\t\t\t\t<div class=\"elementor-widget-container\">\n\t\t\t\t\t\t\t\t\t<p>Med en frist\u00e5ende bastu kan du sj\u00e4lv v\u00e4lja var och hur du vill njuta av bastubad. Oavsett om du s\u00f6ker en plats f\u00f6r lugn och \u00e5terh\u00e4mtning n\u00e4ra huset eller vill skapa en social samlingspunkt vid sommarstugan, finns det m\u00e5nga m\u00f6jligheter.&nbsp;<\/p><p>Bastun kr\u00e4ver inget fast montage och kan placeras p\u00e5 altan, grus eller plintar, vilket g\u00f6r den idealisk f\u00f6r b\u00e5de mindre och st\u00f6rre tomter. Du kan v\u00e4lja mellan olika storlekar och uppv\u00e4rmningsalternativ f\u00f6r att hitta en l\u00f6sning som passar din livsstil och dina \u00f6nskem\u00e5l, \u00e5ret om.<\/p>\t\t\t\t\t\t\t\t<\/div>\n\t\t\t\t<\/div>\n\t\t\t\t<div class=\"elementor-element elementor-element-57ff501 elementor-widget elementor-widget-image\" data-id=\"57ff501\" data-element_type=\"widget\" data-e-type=\"widget\" data-widget_type=\"image.default\">\n\t\t\t\t<div class=\"elementor-widget-container\">\n\t\t\t\t\t\t\t\t\t\t\t\t\t\t\t<img fetchpriority=\"high\" decoding=\"async\" width=\"800\" height=\"534\" src=\"https:\/\/skargardsbastu.se\/wp-content\/uploads\/2026\/02\/2.outdoor-nordic-sauna-1024x683.jpg\" class=\"attachment-large size-large wp-image-2707 wvs-archive-product-image\" alt=\"Exklusiv bastu frist\u00e5ende med nordisk design f\u00f6r avkoppling utomhus fr\u00e5n Sk\u00e4rg\u00e5rdsbastu.\" srcset=\"https:\/\/skargardsbastu.se\/wp-content\/uploads\/2026\/02\/2.outdoor-nordic-sauna-1024x683.jpg 1024w, https:\/\/skargardsbastu.se\/wp-content\/uploads\/2026\/02\/2.outdoor-nordic-sauna-300x200.jpg 300w, https:\/\/skargardsbastu.se\/wp-content\/uploads\/2026\/02\/2.outdoor-nordic-sauna-768x512.jpg 768w, https:\/\/skargardsbastu.se\/wp-content\/uploads\/2026\/02\/2.outdoor-nordic-sauna-1536x1024.jpg 1536w, https:\/\/skargardsbastu.se\/wp-content\/uploads\/2026\/02\/2.outdoor-nordic-sauna-600x400.jpg 600w, https:\/\/skargardsbastu.se\/wp-content\/uploads\/2026\/02\/2.outdoor-nordic-sauna.jpg 1920w\" sizes=\"(max-width: 800px) 100vw, 800px\" \/>\t\t\t\t\t\t\t\t\t\t\t\t\t\t\t<\/div>\n\t\t\t\t<\/div>\n\t\t\t\t\t<\/div>\n\t\t\t\t<\/div>\n\t\t<div class=\"elementor-element elementor-element-2e5fa02 e-flex e-con-boxed e-con e-parent\" data-id=\"2e5fa02\" data-element_type=\"container\" data-e-type=\"container\" data-settings=\"{&quot;background_background&quot;:&quot;classic&quot;}\">\n\t\t\t\t\t<div class=\"e-con-inner\">\n\t\t\t\t<div class=\"elementor-element elementor-element-09be1fd elementor-widget elementor-widget-heading\" data-id=\"09be1fd\" data-element_type=\"widget\" data-e-type=\"widget\" data-widget_type=\"heading.default\">\n\t\t\t\t<div class=\"elementor-widget-container\">\n\t\t\t\t\t<h2 class=\"elementor-heading-title elementor-size-default\">Kontakt os for mere information<\/h2>\t\t\t\t<\/div>\n\t\t\t\t<\/div>\n\t\t\t\t<div class=\"elementor-element elementor-element-e2146fe elementor-widget elementor-widget-text-editor\" data-id=\"e2146fe\" data-element_type=\"widget\" data-e-type=\"widget\" data-widget_type=\"text-editor.default\">\n\t\t\t\t<div class=\"elementor-widget-container\">\n\t\t\t\t\t\t\t\t\t<p><span style=\"font-weight: 400;\">Det skal v\u00e6re nemt og sikkert at k\u00f8be en sauna. Hos os f\u00e5r du ikke bare et produkt, men en komplet l\u00f8sning - fra r\u00e5dgivning og bestilling til levering og installation. Vi hj\u00e6lper dig gerne med at v\u00e6lge den fritst\u00e5ende sauna, der passer bedst til din have, og s\u00f8rger for, at alle trin i processen forl\u00f8ber gnidningsl\u00f8st. Kontakt os i dag for at tage det f\u00f8rste skridt mod at realisere din saunadr\u00f8m. <\/span><\/p>\t\t\t\t\t\t\t\t<\/div>\n\t\t\t\t<\/div>\n\t\t\t\t<div class=\"elementor-element elementor-element-6d55090 elementor-align-center elementor-widget elementor-widget-button\" data-id=\"6d55090\" data-element_type=\"widget\" data-e-type=\"widget\" data-widget_type=\"button.default\">\n\t\t\t\t<div class=\"elementor-widget-container\">\n\t\t\t\t\t\t\t\t\t<div class=\"elementor-button-wrapper\">\n\t\t\t\t\t<a class=\"elementor-button elementor-button-link elementor-size-sm\" href=\"https:\/\/skargardsbastu.se\/da\/kontakt\/\">\n\t\t\t\t\t\t<span class=\"elementor-button-content-wrapper\">\n\t\t\t\t\t\t\t\t\t<span class=\"elementor-button-text\">Kontakt os p\u00e5<\/span>\n\t\t\t\t\t<\/span>\n\t\t\t\t\t<\/a>\n\t\t\t\t<\/div>\n\t\t\t\t\t\t\t\t<\/div>\n\t\t\t\t<\/div>\n\t\t\t\t\t<\/div>\n\t\t\t\t<\/div>\n\t\t<div class=\"elementor-element elementor-element-d55417b e-flex e-con-boxed e-con e-parent\" data-id=\"d55417b\" data-element_type=\"container\" data-e-type=\"container\">\n\t\t\t\t\t<div class=\"e-con-inner\">\n\t\t\t\t<div class=\"elementor-element elementor-element-3983387 elementor-widget elementor-widget-spacer\" data-id=\"3983387\" data-element_type=\"widget\" data-e-type=\"widget\" data-widget_type=\"spacer.default\">\n\t\t\t\t<div class=\"elementor-widget-container\">\n\t\t\t\t\t\t\t<div class=\"elementor-spacer\">\n\t\t\t<div class=\"elementor-spacer-inner\"><\/div>\n\t\t<\/div>\n\t\t\t\t\t\t<\/div>\n\t\t\t\t<\/div>\n\t\t\t\t<div class=\"elementor-element elementor-element-9f6ca4e elementor-widget elementor-widget-heading\" data-id=\"9f6ca4e\" data-element_type=\"widget\" data-e-type=\"widget\" data-widget_type=\"heading.default\">\n\t\t\t\t<div class=\"elementor-widget-container\">\n\t\t\t\t\t<h4 class=\"elementor-heading-title elementor-size-default\">Sp\u00f8rgsm\u00e5l og svar<\/h4>\t\t\t\t<\/div>\n\t\t\t\t<\/div>\n\t\t\t\t<div class=\"elementor-element elementor-element-b20bc22 elementor-widget elementor-widget-text-editor\" data-id=\"b20bc22\" data-element_type=\"widget\" data-e-type=\"widget\" data-widget_type=\"text-editor.default\">\n\t\t\t\t<div class=\"elementor-widget-container\">\n\t\t\t\t\t\t\t\t\t<p data-start=\"125\" data-end=\"440\"><strong data-start=\"125\" data-end=\"174\">Vilka h\u00e4lsof\u00f6rdelar ger regelbundet bastubad?<\/strong><br data-start=\"174\" data-end=\"177\" \/>Regelbundet bastubad kan bidra till minskad stress, f\u00f6rb\u00e4ttrad blodcirkulation och ett starkare immunf\u00f6rsvar. M\u00e5nga upplever \u00e4ven djupare s\u00f6mn och snabbare \u00e5terh\u00e4mtning. Den naturliga v\u00e4rmen hj\u00e4lper kroppen att slappna av och fr\u00e4mjar b\u00e5de fysisk och mental h\u00e4lsa.<\/p><p data-start=\"442\" data-end=\"733\"><strong data-start=\"442\" data-end=\"506\">Hur p\u00e5verkar bastubad ditt v\u00e4lbefinnande och din avkoppling?<\/strong><br data-start=\"506\" data-end=\"509\" \/>Att bada bastu ger kroppen m\u00f6jlighet att sl\u00e4ppa sp\u00e4nningar samtidigt som sinnet f\u00e5r ro. Den behagliga v\u00e4rmen st\u00f6djer avslappning och \u00e5terh\u00e4mtning, vilket g\u00f6r att du kan \u00e5terf\u00e5 energi och njuta av en naturlig paus i vardagen.<\/p><p data-start=\"735\" data-end=\"1040\"><strong data-start=\"735\" data-end=\"792\">\u00c4r det m\u00f6jligt att njuta av bastubad under hela \u00e5ret?<\/strong><br data-start=\"792\" data-end=\"795\" \/>Ja, bastubad \u00e4r ett utm\u00e4rkt s\u00e4tt att fr\u00e4mja h\u00e4lsa och v\u00e4lbefinnande oavsett \u00e5rstid. Med r\u00e4tt bastul\u00f6sning kan du njuta av v\u00e4rmen och dess positiva effekter b\u00e5de under kalla vintrar och varma somrar, ensam eller tillsammans med familj och v\u00e4nner.<\/p><p data-start=\"1042\" data-end=\"1329\" data-is-last-node=\"\" data-is-only-node=\"\"><strong data-start=\"1042\" data-end=\"1096\">Vilka k\u00e4nnetecken har en bastu med nordisk design?<\/strong><br data-start=\"1096\" data-end=\"1099\" \/>En bastu med nordisk design k\u00e4nnetecknas av rena linjer, naturliga material och h\u00f6g funktionalitet. Designen skapar en harmonisk milj\u00f6 som kombinerar estetik med komfort och bidrar till en exklusiv och avkopplande bastuupplevelse.<\/p>\t\t\t\t\t\t\t\t<\/div>\n\t\t\t\t<\/div>\n\t\t\t\t<div class=\"elementor-element elementor-element-47832cd elementor-widget elementor-widget-spacer\" data-id=\"47832cd\" data-element_type=\"widget\" data-e-type=\"widget\" data-widget_type=\"spacer.default\">\n\t\t\t\t<div class=\"elementor-widget-container\">\n\t\t\t\t\t\t\t<div class=\"elementor-spacer\">\n\t\t\t<div class=\"elementor-spacer-inner\"><\/div>\n\t\t<\/div>\n\t\t\t\t\t\t<\/div>\n\t\t\t\t<\/div>\n\t\t\t\t\t<\/div>\n\t\t\t\t<\/div>\n\t\t\t\t<\/div>","protected":false},"excerpt":{"rendered":"<p>Bastu frist\u00e5ende \u2013 njut av flexibel utomhusbastu \u00e5ret runt Med en frist\u00e5ende bastu f\u00e5r du maximal flexibilitet En frist\u00e5ende bastu \u00e4r det perfekta valet f\u00f6r dig som vill skapa en egen avkopplande oas utomhus, utan att beh\u00f6va g\u00f6ra ingrepp i huset. Med en frist\u00e5ende bastu f\u00e5r du maximal flexibilitet \u2013 placera den enkelt i tr\u00e4dg\u00e5rden, [&hellip;]<\/p>\n","protected":false},"author":5,"featured_media":0,"parent":0,"menu_order":0,"comment_status":"closed","ping_status":"closed","template":"","meta":{"_acf_changed":false,"footnotes":""},"class_list":["post-1870","page","type-page","status-publish","hentry"],"acf":[],"yoast_head":"<!-- This site is optimized with the Yoast SEO Premium plugin v27.0 (Yoast SEO v27.0) - https:\/\/yoast.com\/product\/yoast-seo-premium-wordpress\/ -->\n<title>Frist\u00e5ende bastu f\u00f6r tr\u00e4dg\u00e5rd \u2013 flexibel och enkel l\u00f6sning<\/title>\n<meta name=\"description\" content=\"Frist\u00e5ende bastu f\u00f6r tr\u00e4dg\u00e5rd eller vid sj\u00f6n \u2013 njut av nordisk design, h\u00f6g komfort och enkel installation med Sk\u00e4rg\u00e5rdsbastu \u00e5ret runt.\" \/>\n<meta name=\"robots\" content=\"index, follow, max-snippet:-1, max-image-preview:large, max-video-preview:-1\" \/>\n<link rel=\"canonical\" href=\"https:\/\/skargardsbastu.se\/da\/bastu-fristaende\/\" \/>\n<meta property=\"og:locale\" content=\"da_DK\" \/>\n<meta property=\"og:type\" content=\"article\" \/>\n<meta property=\"og:title\" content=\"Bastu frist\u00e5ende\" \/>\n<meta property=\"og:description\" content=\"Frist\u00e5ende bastu f\u00f6r tr\u00e4dg\u00e5rd eller vid sj\u00f6n \u2013 njut av nordisk design, h\u00f6g komfort och enkel installation med Sk\u00e4rg\u00e5rdsbastu \u00e5ret runt.\" \/>\n<meta property=\"og:url\" content=\"https:\/\/skargardsbastu.se\/da\/bastu-fristaende\/\" \/>\n<meta property=\"og:site_name\" content=\"Sk\u00e4rg\u00e5rdsbastu\" \/>\n<meta property=\"article:modified_time\" content=\"2026-02-26T14:05:21+00:00\" \/>\n<meta property=\"og:image\" content=\"https:\/\/skargardsbastu.se\/wp-content\/uploads\/2026\/02\/2.outdoor-nordic-sauna.jpg\" \/>\n\t<meta property=\"og:image:width\" content=\"1920\" \/>\n\t<meta property=\"og:image:height\" content=\"1280\" \/>\n\t<meta property=\"og:image:type\" content=\"image\/jpeg\" \/>\n<meta name=\"twitter:card\" content=\"summary_large_image\" \/>\n<meta name=\"twitter:label1\" content=\"Estimeret l\u00e6setid\" \/>\n\t<meta name=\"twitter:data1\" content=\"4 minutter\" \/>\n<script type=\"application\/ld+json\" class=\"yoast-schema-graph\">{\"@context\":\"https:\/\/schema.org\",\"@graph\":[{\"@type\":\"WebPage\",\"@id\":\"https:\/\/skargardsbastu.se\/bastu-fristaende\/\",\"url\":\"https:\/\/skargardsbastu.se\/bastu-fristaende\/\",\"name\":\"Frist\u00e5ende bastu f\u00f6r tr\u00e4dg\u00e5rd \u2013 flexibel och enkel l\u00f6sning\",\"isPartOf\":{\"@id\":\"https:\/\/skargardsbastu.se\/#website\"},\"primaryImageOfPage\":{\"@id\":\"https:\/\/skargardsbastu.se\/bastu-fristaende\/#primaryimage\"},\"image\":{\"@id\":\"https:\/\/skargardsbastu.se\/bastu-fristaende\/#primaryimage\"},\"thumbnailUrl\":\"https:\/\/skargardsbastu.se\/wp-content\/uploads\/2026\/02\/2.outdoor-nordic-sauna-1024x683.jpg\",\"datePublished\":\"2025-07-21T12:08:13+00:00\",\"dateModified\":\"2026-02-26T14:05:21+00:00\",\"description\":\"Frist\u00e5ende bastu f\u00f6r tr\u00e4dg\u00e5rd eller vid sj\u00f6n \u2013 njut av nordisk design, h\u00f6g komfort och enkel installation med Sk\u00e4rg\u00e5rdsbastu \u00e5ret runt.\",\"breadcrumb\":{\"@id\":\"https:\/\/skargardsbastu.se\/bastu-fristaende\/#breadcrumb\"},\"inLanguage\":\"da-DK\",\"potentialAction\":[{\"@type\":\"ReadAction\",\"target\":[\"https:\/\/skargardsbastu.se\/bastu-fristaende\/\"]}]},{\"@type\":\"ImageObject\",\"inLanguage\":\"da-DK\",\"@id\":\"https:\/\/skargardsbastu.se\/bastu-fristaende\/#primaryimage\",\"url\":\"https:\/\/skargardsbastu.se\/wp-content\/uploads\/2026\/02\/2.outdoor-nordic-sauna-1024x683.jpg\",\"contentUrl\":\"https:\/\/skargardsbastu.se\/wp-content\/uploads\/2026\/02\/2.outdoor-nordic-sauna-1024x683.jpg\"},{\"@type\":\"BreadcrumbList\",\"@id\":\"https:\/\/skargardsbastu.se\/bastu-fristaende\/#breadcrumb\",\"itemListElement\":[{\"@type\":\"ListItem\",\"position\":1,\"name\":\"Home\",\"item\":\"https:\/\/skargardsbastu.se\/\"},{\"@type\":\"ListItem\",\"position\":2,\"name\":\"Bastu frist\u00e5ende\"}]},{\"@type\":\"WebSite\",\"@id\":\"https:\/\/skargardsbastu.se\/#website\",\"url\":\"https:\/\/skargardsbastu.se\/\",\"name\":\"Sk\u00e4rg\u00e5rdsbastu\",\"description\":\"Din bastudr\u00f6m b\u00f6rjar h\u00e4r\",\"publisher\":{\"@id\":\"https:\/\/skargardsbastu.se\/#organization\"},\"potentialAction\":[{\"@type\":\"SearchAction\",\"target\":{\"@type\":\"EntryPoint\",\"urlTemplate\":\"https:\/\/skargardsbastu.se\/?s={search_term_string}\"},\"query-input\":{\"@type\":\"PropertyValueSpecification\",\"valueRequired\":true,\"valueName\":\"search_term_string\"}}],\"inLanguage\":\"da-DK\"},{\"@type\":\"Organization\",\"@id\":\"https:\/\/skargardsbastu.se\/#organization\",\"name\":\"Sk\u00e4rg\u00e5rdsbastu\",\"url\":\"https:\/\/skargardsbastu.se\/\",\"logo\":{\"@type\":\"ImageObject\",\"inLanguage\":\"da-DK\",\"@id\":\"https:\/\/skargardsbastu.se\/#\/schema\/logo\/image\/\",\"url\":\"https:\/\/skargardsbastu.se\/wp-content\/uploads\/2025\/05\/T-4-e1748611164195.png\",\"contentUrl\":\"https:\/\/skargardsbastu.se\/wp-content\/uploads\/2025\/05\/T-4-e1748611164195.png\",\"width\":263,\"height\":252,\"caption\":\"Sk\u00e4rg\u00e5rdsbastu\"},\"image\":{\"@id\":\"https:\/\/skargardsbastu.se\/#\/schema\/logo\/image\/\"}}]}<\/script>\n<!-- \/ Yoast SEO Premium plugin. -->","yoast_head_json":{"title":"Frist\u00e5ende bastu f\u00f6r tr\u00e4dg\u00e5rd \u2013 flexibel och enkel l\u00f6sning","description":"Frist\u00e5ende bastu f\u00f6r tr\u00e4dg\u00e5rd eller vid sj\u00f6n \u2013 njut av nordisk design, h\u00f6g komfort och enkel installation med Sk\u00e4rg\u00e5rdsbastu \u00e5ret runt.","robots":{"index":"index","follow":"follow","max-snippet":"max-snippet:-1","max-image-preview":"max-image-preview:large","max-video-preview":"max-video-preview:-1"},"canonical":"https:\/\/skargardsbastu.se\/da\/bastu-fristaende\/","og_locale":"da_DK","og_type":"article","og_title":"Bastu frist\u00e5ende","og_description":"Frist\u00e5ende bastu f\u00f6r tr\u00e4dg\u00e5rd eller vid sj\u00f6n \u2013 njut av nordisk design, h\u00f6g komfort och enkel installation med Sk\u00e4rg\u00e5rdsbastu \u00e5ret runt.","og_url":"https:\/\/skargardsbastu.se\/da\/bastu-fristaende\/","og_site_name":"Sk\u00e4rg\u00e5rdsbastu","article_modified_time":"2026-02-26T14:05:21+00:00","og_image":[{"width":1920,"height":1280,"url":"https:\/\/skargardsbastu.se\/wp-content\/uploads\/2026\/02\/2.outdoor-nordic-sauna.jpg","type":"image\/jpeg"}],"twitter_card":"summary_large_image","twitter_misc":{"Estimeret l\u00e6setid":"4 minutter"},"schema":{"@context":"https:\/\/schema.org","@graph":[{"@type":"WebPage","@id":"https:\/\/skargardsbastu.se\/bastu-fristaende\/","url":"https:\/\/skargardsbastu.se\/bastu-fristaende\/","name":"Frist\u00e5ende bastu f\u00f6r tr\u00e4dg\u00e5rd \u2013 flexibel och enkel l\u00f6sning","isPartOf":{"@id":"https:\/\/skargardsbastu.se\/#website"},"primaryImageOfPage":{"@id":"https:\/\/skargardsbastu.se\/bastu-fristaende\/#primaryimage"},"image":{"@id":"https:\/\/skargardsbastu.se\/bastu-fristaende\/#primaryimage"},"thumbnailUrl":"https:\/\/skargardsbastu.se\/wp-content\/uploads\/2026\/02\/2.outdoor-nordic-sauna-1024x683.jpg","datePublished":"2025-07-21T12:08:13+00:00","dateModified":"2026-02-26T14:05:21+00:00","description":"Frist\u00e5ende bastu f\u00f6r tr\u00e4dg\u00e5rd eller vid sj\u00f6n \u2013 njut av nordisk design, h\u00f6g komfort och enkel installation med Sk\u00e4rg\u00e5rdsbastu \u00e5ret runt.","breadcrumb":{"@id":"https:\/\/skargardsbastu.se\/bastu-fristaende\/#breadcrumb"},"inLanguage":"da-DK","potentialAction":[{"@type":"ReadAction","target":["https:\/\/skargardsbastu.se\/bastu-fristaende\/"]}]},{"@type":"ImageObject","inLanguage":"da-DK","@id":"https:\/\/skargardsbastu.se\/bastu-fristaende\/#primaryimage","url":"https:\/\/skargardsbastu.se\/wp-content\/uploads\/2026\/02\/2.outdoor-nordic-sauna-1024x683.jpg","contentUrl":"https:\/\/skargardsbastu.se\/wp-content\/uploads\/2026\/02\/2.outdoor-nordic-sauna-1024x683.jpg"},{"@type":"BreadcrumbList","@id":"https:\/\/skargardsbastu.se\/bastu-fristaende\/#breadcrumb","itemListElement":[{"@type":"ListItem","position":1,"name":"Home","item":"https:\/\/skargardsbastu.se\/"},{"@type":"ListItem","position":2,"name":"Bastu frist\u00e5ende"}]},{"@type":"WebSite","@id":"https:\/\/skargardsbastu.se\/#website","url":"https:\/\/skargardsbastu.se\/","name":"\u00d8havets sauna","description":"Din saunadr\u00f8m starter her","publisher":{"@id":"https:\/\/skargardsbastu.se\/#organization"},"potentialAction":[{"@type":"SearchAction","target":{"@type":"EntryPoint","urlTemplate":"https:\/\/skargardsbastu.se\/?s={search_term_string}"},"query-input":{"@type":"PropertyValueSpecification","valueRequired":true,"valueName":"search_term_string"}}],"inLanguage":"da-DK"},{"@type":"Organization","@id":"https:\/\/skargardsbastu.se\/#organization","name":"\u00d8havets sauna","url":"https:\/\/skargardsbastu.se\/","logo":{"@type":"ImageObject","inLanguage":"da-DK","@id":"https:\/\/skargardsbastu.se\/#\/schema\/logo\/image\/","url":"https:\/\/skargardsbastu.se\/wp-content\/uploads\/2025\/05\/T-4-e1748611164195.png","contentUrl":"https:\/\/skargardsbastu.se\/wp-content\/uploads\/2025\/05\/T-4-e1748611164195.png","width":263,"height":252,"caption":"Sk\u00e4rg\u00e5rdsbastu"},"image":{"@id":"https:\/\/skargardsbastu.se\/#\/schema\/logo\/image\/"}}]}},"_links":{"self":[{"href":"https:\/\/skargardsbastu.se\/da\/wp-json\/wp\/v2\/pages\/1870","targetHints":{"allow":["GET"]}}],"collection":[{"href":"https:\/\/skargardsbastu.se\/da\/wp-json\/wp\/v2\/pages"}],"about":[{"href":"https:\/\/skargardsbastu.se\/da\/wp-json\/wp\/v2\/types\/page"}],"author":[{"embeddable":true,"href":"https:\/\/skargardsbastu.se\/da\/wp-json\/wp\/v2\/users\/5"}],"replies":[{"embeddable":true,"href":"https:\/\/skargardsbastu.se\/da\/wp-json\/wp\/v2\/comments?post=1870"}],"version-history":[{"count":31,"href":"https:\/\/skargardsbastu.se\/da\/wp-json\/wp\/v2\/pages\/1870\/revisions"}],"predecessor-version":[{"id":2732,"href":"https:\/\/skargardsbastu.se\/da\/wp-json\/wp\/v2\/pages\/1870\/revisions\/2732"}],"wp:attachment":[{"href":"https:\/\/skargardsbastu.se\/da\/wp-json\/wp\/v2\/media?parent=1870"}],"curies":[{"name":"wp","href":"https:\/\/api.w.org\/{rel}","templated":true}]}}